{"id":554,"date":"2021-12-29T14:08:36","date_gmt":"2021-12-29T12:08:36","guid":{"rendered":"https:\/\/www.epilepsia.fi\/epilepsiatutkimussaatio\/?page_id=554"},"modified":"2025-02-18T11:13:10","modified_gmt":"2025-02-18T09:13:10","slug":"guidelines-for-grant-applicants","status":"publish","type":"page","link":"https:\/\/www.epilepsia.fi\/epilepsiatutkimussaatio\/apurahat\/guidelines-for-grant-applicants\/","title":{"rendered":"Guidelines for grant applicants"},"content":{"rendered":"","protected":false},"excerpt":{"rendered":"","protected":false},"author":19,"featured_media":0,"parent":138,"menu_order":5,"comment_status":"closed","ping_status":"closed","template":"","meta":{"_acf_changed":false,"footnotes":""},"class_list":["post-554","page","type-page","status-publish","hentry"],"acf":[],"yoast_head":"<!-- This site is optimized with the Yoast SEO plugin v27.3 - https:\/\/yoast.com\/product\/yoast-seo-wordpress\/ -->\n<title>Guidelines for grant applicants - Epilepsiatutkimuss\u00e4\u00e4ti\u00f6<\/title>\n<meta name=\"robots\" content=\"index, follow, max-snippet:-1, max-image-preview:large, max-video-preview:-1\" \/>\n<link rel=\"canonical\" href=\"https:\/\/www.epilepsia.fi\/epilepsiatutkimussaatio\/apurahat\/guidelines-for-grant-applicants\/\" \/>\n<meta property=\"og:locale\" content=\"fi_FI\" \/>\n<meta property=\"og:type\" content=\"article\" \/>\n<meta property=\"og:title\" content=\"Guidelines for grant applicants - Epilepsiatutkimuss\u00e4\u00e4ti\u00f6\" \/>\n<meta property=\"og:url\" content=\"https:\/\/www.epilepsia.fi\/epilepsiatutkimussaatio\/apurahat\/guidelines-for-grant-applicants\/\" \/>\n<meta property=\"og:site_name\" content=\"Epilepsiatutkimuss\u00e4\u00e4ti\u00f6\" \/>\n<meta property=\"article:modified_time\" content=\"2025-02-18T09:13:10+00:00\" \/>\n<meta name=\"twitter:card\" content=\"summary_large_image\" \/>\n<script type=\"application\/ld+json\" class=\"yoast-schema-graph\">{\"@context\":\"https:\\\/\\\/schema.org\",\"@graph\":[{\"@type\":\"WebPage\",\"@id\":\"https:\\\/\\\/www.epilepsia.fi\\\/epilepsiatutkimussaatio\\\/apurahat\\\/guidelines-for-grant-applicants\\\/\",\"url\":\"https:\\\/\\\/www.epilepsia.fi\\\/epilepsiatutkimussaatio\\\/apurahat\\\/guidelines-for-grant-applicants\\\/\",\"name\":\"Guidelines for grant applicants - Epilepsiatutkimuss\u00e4\u00e4ti\u00f6\",\"isPartOf\":{\"@id\":\"https:\\\/\\\/www.epilepsia.fi\\\/epilepsiatutkimussaatio\\\/#website\"},\"datePublished\":\"2021-12-29T12:08:36+00:00\",\"dateModified\":\"2025-02-18T09:13:10+00:00\",\"breadcrumb\":{\"@id\":\"https:\\\/\\\/www.epilepsia.fi\\\/epilepsiatutkimussaatio\\\/apurahat\\\/guidelines-for-grant-applicants\\\/#breadcrumb\"},\"inLanguage\":\"fi\",\"potentialAction\":[{\"@type\":\"ReadAction\",\"target\":[\"https:\\\/\\\/www.epilepsia.fi\\\/epilepsiatutkimussaatio\\\/apurahat\\\/guidelines-for-grant-applicants\\\/\"]}]},{\"@type\":\"BreadcrumbList\",\"@id\":\"https:\\\/\\\/www.epilepsia.fi\\\/epilepsiatutkimussaatio\\\/apurahat\\\/guidelines-for-grant-applicants\\\/#breadcrumb\",\"itemListElement\":[{\"@type\":\"ListItem\",\"position\":1,\"name\":\"Home\",\"item\":\"https:\\\/\\\/www.epilepsia.fi\\\/epilepsiatutkimussaatio\\\/\"},{\"@type\":\"ListItem\",\"position\":2,\"name\":\"Apurahat\",\"item\":\"https:\\\/\\\/www.epilepsia.fi\\\/epilepsiatutkimussaatio\\\/apurahat\\\/\"},{\"@type\":\"ListItem\",\"position\":3,\"name\":\"Guidelines for grant applicants\"}]},{\"@type\":\"WebSite\",\"@id\":\"https:\\\/\\\/www.epilepsia.fi\\\/epilepsiatutkimussaatio\\\/#website\",\"url\":\"https:\\\/\\\/www.epilepsia.fi\\\/epilepsiatutkimussaatio\\\/\",\"name\":\"Epilepsiatutkimuss\u00e4\u00e4ti\u00f6\",\"description\":\"Epilepsiatutkimuss\u00e4\u00e4ti\u00f6 site\",\"potentialAction\":[{\"@type\":\"SearchAction\",\"target\":{\"@type\":\"EntryPoint\",\"urlTemplate\":\"https:\\\/\\\/www.epilepsia.fi\\\/epilepsiatutkimussaatio\\\/?s={search_term_string}\"},\"query-input\":{\"@type\":\"PropertyValueSpecification\",\"valueRequired\":true,\"valueName\":\"search_term_string\"}}],\"inLanguage\":\"fi\"}]}<\/script>\n<!-- \/ Yoast SEO plugin. -->","yoast_head_json":{"title":"Guidelines for grant applicants - Epilepsiatutkimuss\u00e4\u00e4ti\u00f6","robots":{"index":"index","follow":"follow","max-snippet":"max-snippet:-1","max-image-preview":"max-image-preview:large","max-video-preview":"max-video-preview:-1"},"canonical":"https:\/\/www.epilepsia.fi\/epilepsiatutkimussaatio\/apurahat\/guidelines-for-grant-applicants\/","og_locale":"fi_FI","og_type":"article","og_title":"Guidelines for grant applicants - Epilepsiatutkimuss\u00e4\u00e4ti\u00f6","og_url":"https:\/\/www.epilepsia.fi\/epilepsiatutkimussaatio\/apurahat\/guidelines-for-grant-applicants\/","og_site_name":"Epilepsiatutkimuss\u00e4\u00e4ti\u00f6","article_modified_time":"2025-02-18T09:13:10+00:00","twitter_card":"summary_large_image","schema":{"@context":"https:\/\/schema.org","@graph":[{"@type":"WebPage","@id":"https:\/\/www.epilepsia.fi\/epilepsiatutkimussaatio\/apurahat\/guidelines-for-grant-applicants\/","url":"https:\/\/www.epilepsia.fi\/epilepsiatutkimussaatio\/apurahat\/guidelines-for-grant-applicants\/","name":"Guidelines for grant applicants - Epilepsiatutkimuss\u00e4\u00e4ti\u00f6","isPartOf":{"@id":"https:\/\/www.epilepsia.fi\/epilepsiatutkimussaatio\/#website"},"datePublished":"2021-12-29T12:08:36+00:00","dateModified":"2025-02-18T09:13:10+00:00","breadcrumb":{"@id":"https:\/\/www.epilepsia.fi\/epilepsiatutkimussaatio\/apurahat\/guidelines-for-grant-applicants\/#breadcrumb"},"inLanguage":"fi","potentialAction":[{"@type":"ReadAction","target":["https:\/\/www.epilepsia.fi\/epilepsiatutkimussaatio\/apurahat\/guidelines-for-grant-applicants\/"]}]},{"@type":"BreadcrumbList","@id":"https:\/\/www.epilepsia.fi\/epilepsiatutkimussaatio\/apurahat\/guidelines-for-grant-applicants\/#breadcrumb","itemListElement":[{"@type":"ListItem","position":1,"name":"Home","item":"https:\/\/www.epilepsia.fi\/epilepsiatutkimussaatio\/"},{"@type":"ListItem","position":2,"name":"Apurahat","item":"https:\/\/www.epilepsia.fi\/epilepsiatutkimussaatio\/apurahat\/"},{"@type":"ListItem","position":3,"name":"Guidelines for grant applicants"}]},{"@type":"WebSite","@id":"https:\/\/www.epilepsia.fi\/epilepsiatutkimussaatio\/#website","url":"https:\/\/www.epilepsia.fi\/epilepsiatutkimussaatio\/","name":"Epilepsiatutkimuss\u00e4\u00e4ti\u00f6","description":"Epilepsiatutkimuss\u00e4\u00e4ti\u00f6 site","potentialAction":[{"@type":"SearchAction","target":{"@type":"EntryPoint","urlTemplate":"https:\/\/www.epilepsia.fi\/epilepsiatutkimussaatio\/?s={search_term_string}"},"query-input":{"@type":"PropertyValueSpecification","valueRequired":true,"valueName":"search_term_string"}}],"inLanguage":"fi"}]}},"lang":"fi","translations":{"fi":554},"pll_sync_post":[],"_links":{"self":[{"href":"https:\/\/www.epilepsia.fi\/epilepsiatutkimussaatio\/wp-json\/wp\/v2\/pages\/554","targetHints":{"allow":["GET"]}}],"collection":[{"href":"https:\/\/www.epilepsia.fi\/epilepsiatutkimussaatio\/wp-json\/wp\/v2\/pages"}],"about":[{"href":"https:\/\/www.epilepsia.fi\/epilepsiatutkimussaatio\/wp-json\/wp\/v2\/types\/page"}],"author":[{"embeddable":true,"href":"https:\/\/www.epilepsia.fi\/epilepsiatutkimussaatio\/wp-json\/wp\/v2\/users\/19"}],"replies":[{"embeddable":true,"href":"https:\/\/www.epilepsia.fi\/epilepsiatutkimussaatio\/wp-json\/wp\/v2\/comments?post=554"}],"version-history":[{"count":9,"href":"https:\/\/www.epilepsia.fi\/epilepsiatutkimussaatio\/wp-json\/wp\/v2\/pages\/554\/revisions"}],"predecessor-version":[{"id":903,"href":"https:\/\/www.epilepsia.fi\/epilepsiatutkimussaatio\/wp-json\/wp\/v2\/pages\/554\/revisions\/903"}],"up":[{"embeddable":true,"href":"https:\/\/www.epilepsia.fi\/epilepsiatutkimussaatio\/wp-json\/wp\/v2\/pages\/138"}],"wp:attachment":[{"href":"https:\/\/www.epilepsia.fi\/epilepsiatutkimussaatio\/wp-json\/wp\/v2\/media?parent=554"}],"curies":[{"name":"wp","href":"https:\/\/api.w.org\/{rel}","templated":true}]}}