{"id":1043,"date":"2022-04-04T15:41:06","date_gmt":"2022-04-04T12:41:06","guid":{"rendered":"https:\/\/www.epilepsia.fi\/kauppa\/?post_type=product&#038;p=1043"},"modified":"2025-01-28T08:36:35","modified_gmt":"2025-01-28T06:36:35","slug":"meita-on-muitakin-kokemuksia-elamasta-epilepsian-kanssa","status":"publish","type":"product","link":"https:\/\/www.epilepsia.fi\/kauppa\/tuote\/meita-on-muitakin-kokemuksia-elamasta-epilepsian-kanssa\/","title":{"rendered":"Meit\u00e4 on muitakin \u2013 kokemuksia el\u00e4m\u00e4st\u00e4 epilepsian kanssa"},"content":{"rendered":"<p>\u00c4l\u00e4 j\u00e4\u00e4 yksin, meit\u00e4 on muitakin! Vertaistuki on vapaaehtoista, luottamuksellista ja tasa-arvoista vuorovaikutusta, jonka pohjana on sama tai samankaltainen kokemus. Se on tunnetta siit\u00e4, ettet ole epilepsian kanssa yksin. Vertaistuki voi auttaa j\u00e4sent\u00e4m\u00e4\u00e4n omia ajatuksia ja tarjota uusia n\u00e4k\u00f6kulmia omaan tilanteeseen.<\/p>\n<p>T\u00e4h\u00e4n kirjaseen on koottu epilepsiaa sairastavien kokemuksia. Epilepsialiiton kouluttamat seitsem\u00e4n vertaista kertovat tarinoissaan, miten eri tavoin epilepsia voi muuttaa el\u00e4m\u00e4\u00e4 ja millaisia keinoja on tarjolla selviytymisen tueksi.<\/p>\n<p>Jokaisen tarina on erilainen.\u00a0Toivommekin, ett\u00e4 kirjanen antaa sinulle tukea omann\u00e4k\u00f6isen polun rakentamiseen.<\/p>\n<p>Voit tutustua tarinoihin my\u00f6s verkossa: <strong><a href=\"https:\/\/www.epilepsia.fi\/wp-content\/uploads\/2025\/01\/meita-on-muitakin_kokemuskirja.pdf\" target=\"_blank\" rel=\"noopener\">Meit\u00e4 on muitakin -julkaisu, pdf (linkki aukeaa uuteen ikkunaan)<\/a><\/strong><\/p>\n","protected":false},"excerpt":{"rendered":"<p>Kirjaseen on koottu epilepsiaa sairastavien kokemuksia. Yhteist\u00e4 kaikille tarinoille on kokemus vertaistuen merkityksest\u00e4.<\/p>\n<p>Voit tutustua tarinoihin my\u00f6s verkossa: <strong><a href=\"https:\/\/www.epilepsia.fi\/wp-content\/uploads\/2025\/01\/meita-on-muitakin_kokemuskirja.pdf\" target=\"_blank\" rel=\"noopener\">Meit\u00e4 on muitakin -julkaisu, pdf (linkki aukeaa uuteen ikkunaan)<\/a><\/strong><\/p>\n","protected":false},"featured_media":1044,"template":"","meta":{"_acf_changed":false},"product_brand":[],"product_cat":[17],"product_tag":[],"class_list":{"0":"post-1043","1":"product","2":"type-product","3":"status-publish","4":"has-post-thumbnail","6":"product_cat-oppaat-kasikirjat","8":"first","9":"instock","10":"taxable","11":"shipping-taxable","12":"purchasable","13":"product-type-simple"},"acf":[],"yoast_head":"<!-- This site is optimized with the Yoast SEO plugin v27.5 - https:\/\/yoast.com\/product\/yoast-seo-wordpress\/ -->\n<title>Meit\u00e4 on muitakin \u2013 kokemuksia el\u00e4m\u00e4st\u00e4 epilepsian kanssa - Epilepsialiiton kauppa<\/title>\n<meta name=\"robots\" content=\"index, follow, max-snippet:-1, max-image-preview:large, max-video-preview:-1\" \/>\n<link rel=\"canonical\" href=\"https:\/\/www.epilepsia.fi\/kauppa\/tuote\/meita-on-muitakin-kokemuksia-elamasta-epilepsian-kanssa\/\" \/>\n<meta property=\"og:locale\" content=\"fi_FI\" \/>\n<meta property=\"og:type\" content=\"article\" \/>\n<meta property=\"og:title\" content=\"Meit\u00e4 on muitakin \u2013 kokemuksia el\u00e4m\u00e4st\u00e4 epilepsian kanssa - Epilepsialiiton kauppa\" \/>\n<meta property=\"og:description\" content=\"Kirjaseen on koottu epilepsiaa sairastavien kokemuksia. Yhteist\u00e4 kaikille tarinoille on kokemus vertaistuen merkityksest\u00e4.  Voit tutustua tarinoihin my\u00f6s verkossa: Meit\u00e4 on muitakin -julkaisu, pdf (linkki aukeaa uuteen ikkunaan)\" \/>\n<meta property=\"og:url\" content=\"https:\/\/www.epilepsia.fi\/kauppa\/tuote\/meita-on-muitakin-kokemuksia-elamasta-epilepsian-kanssa\/\" \/>\n<meta property=\"og:site_name\" content=\"Epilepsialiiton kauppa\" \/>\n<meta property=\"article:modified_time\" content=\"2025-01-28T06:36:35+00:00\" \/>\n<meta property=\"og:image\" content=\"https:\/\/www.epilepsia.fi\/kauppa\/wp-content\/uploads\/sites\/4\/2022\/04\/epilepsialiitto_kokemuskirja-kansi2.jpg\" \/>\n\t<meta property=\"og:image:width\" content=\"2031\" \/>\n\t<meta property=\"og:image:height\" content=\"2953\" \/>\n\t<meta property=\"og:image:type\" content=\"image\/jpeg\" \/>\n<meta name=\"twitter:card\" content=\"summary_large_image\" \/>\n<meta name=\"twitter:label1\" content=\"Arvioitu lukuaika\" \/>\n\t<meta name=\"twitter:data1\" content=\"1 minuutti\" \/>\n<script type=\"application\/ld+json\" class=\"yoast-schema-graph\">{\"@context\":\"https:\\\/\\\/schema.org\",\"@graph\":[{\"@type\":\"WebPage\",\"@id\":\"https:\\\/\\\/www.epilepsia.fi\\\/kauppa\\\/tuote\\\/meita-on-muitakin-kokemuksia-elamasta-epilepsian-kanssa\\\/\",\"url\":\"https:\\\/\\\/www.epilepsia.fi\\\/kauppa\\\/tuote\\\/meita-on-muitakin-kokemuksia-elamasta-epilepsian-kanssa\\\/\",\"name\":\"Meit\u00e4 on muitakin \u2013 kokemuksia el\u00e4m\u00e4st\u00e4 epilepsian kanssa - Epilepsialiiton kauppa\",\"isPartOf\":{\"@id\":\"https:\\\/\\\/www.epilepsia.fi\\\/kauppa\\\/#website\"},\"primaryImageOfPage\":{\"@id\":\"https:\\\/\\\/www.epilepsia.fi\\\/kauppa\\\/tuote\\\/meita-on-muitakin-kokemuksia-elamasta-epilepsian-kanssa\\\/#primaryimage\"},\"image\":{\"@id\":\"https:\\\/\\\/www.epilepsia.fi\\\/kauppa\\\/tuote\\\/meita-on-muitakin-kokemuksia-elamasta-epilepsian-kanssa\\\/#primaryimage\"},\"thumbnailUrl\":\"https:\\\/\\\/www.epilepsia.fi\\\/kauppa\\\/wp-content\\\/uploads\\\/sites\\\/4\\\/2022\\\/04\\\/epilepsialiitto_kokemuskirja-kansi2.jpg\",\"datePublished\":\"2022-04-04T12:41:06+00:00\",\"dateModified\":\"2025-01-28T06:36:35+00:00\",\"breadcrumb\":{\"@id\":\"https:\\\/\\\/www.epilepsia.fi\\\/kauppa\\\/tuote\\\/meita-on-muitakin-kokemuksia-elamasta-epilepsian-kanssa\\\/#breadcrumb\"},\"inLanguage\":\"fi\",\"potentialAction\":[{\"@type\":\"ReadAction\",\"target\":[\"https:\\\/\\\/www.epilepsia.fi\\\/kauppa\\\/tuote\\\/meita-on-muitakin-kokemuksia-elamasta-epilepsian-kanssa\\\/\"]}]},{\"@type\":\"ImageObject\",\"inLanguage\":\"fi\",\"@id\":\"https:\\\/\\\/www.epilepsia.fi\\\/kauppa\\\/tuote\\\/meita-on-muitakin-kokemuksia-elamasta-epilepsian-kanssa\\\/#primaryimage\",\"url\":\"https:\\\/\\\/www.epilepsia.fi\\\/kauppa\\\/wp-content\\\/uploads\\\/sites\\\/4\\\/2022\\\/04\\\/epilepsialiitto_kokemuskirja-kansi2.jpg\",\"contentUrl\":\"https:\\\/\\\/www.epilepsia.fi\\\/kauppa\\\/wp-content\\\/uploads\\\/sites\\\/4\\\/2022\\\/04\\\/epilepsialiitto_kokemuskirja-kansi2.jpg\",\"width\":2031,\"height\":2953,\"caption\":\"Viisi hymylev\u00e4\u00e4 naista Meit\u00e4 on muitakin -oppaan kannessa.\"},{\"@type\":\"BreadcrumbList\",\"@id\":\"https:\\\/\\\/www.epilepsia.fi\\\/kauppa\\\/tuote\\\/meita-on-muitakin-kokemuksia-elamasta-epilepsian-kanssa\\\/#breadcrumb\",\"itemListElement\":[{\"@type\":\"ListItem\",\"position\":1,\"name\":\"Etusivu\",\"item\":\"https:\\\/\\\/www.epilepsia.fi\\\/kauppa\\\/\"},{\"@type\":\"ListItem\",\"position\":2,\"name\":\"Tuotteet\",\"item\":\"https:\\\/\\\/www.epilepsia.fi\\\/kauppa\\\/\"},{\"@type\":\"ListItem\",\"position\":3,\"name\":\"Meit\u00e4 on muitakin \u2013 kokemuksia el\u00e4m\u00e4st\u00e4 epilepsian kanssa\"}]},{\"@type\":\"WebSite\",\"@id\":\"https:\\\/\\\/www.epilepsia.fi\\\/kauppa\\\/#website\",\"url\":\"https:\\\/\\\/www.epilepsia.fi\\\/kauppa\\\/\",\"name\":\"Epilepsialiiton kauppa\",\"description\":\"Uusi Epilepsia.fi-sivustot -sivusto\",\"potentialAction\":[{\"@type\":\"SearchAction\",\"target\":{\"@type\":\"EntryPoint\",\"urlTemplate\":\"https:\\\/\\\/www.epilepsia.fi\\\/kauppa\\\/?s={search_term_string}\"},\"query-input\":{\"@type\":\"PropertyValueSpecification\",\"valueRequired\":true,\"valueName\":\"search_term_string\"}}],\"inLanguage\":\"fi\"}]}<\/script>\n<!-- \/ Yoast SEO plugin. -->","yoast_head_json":{"title":"Meit\u00e4 on muitakin \u2013 kokemuksia el\u00e4m\u00e4st\u00e4 epilepsian kanssa - Epilepsialiiton kauppa","robots":{"index":"index","follow":"follow","max-snippet":"max-snippet:-1","max-image-preview":"max-image-preview:large","max-video-preview":"max-video-preview:-1"},"canonical":"https:\/\/www.epilepsia.fi\/kauppa\/tuote\/meita-on-muitakin-kokemuksia-elamasta-epilepsian-kanssa\/","og_locale":"fi_FI","og_type":"article","og_title":"Meit\u00e4 on muitakin \u2013 kokemuksia el\u00e4m\u00e4st\u00e4 epilepsian kanssa - Epilepsialiiton kauppa","og_description":"Kirjaseen on koottu epilepsiaa sairastavien kokemuksia. Yhteist\u00e4 kaikille tarinoille on kokemus vertaistuen merkityksest\u00e4.  Voit tutustua tarinoihin my\u00f6s verkossa: Meit\u00e4 on muitakin -julkaisu, pdf (linkki aukeaa uuteen ikkunaan)","og_url":"https:\/\/www.epilepsia.fi\/kauppa\/tuote\/meita-on-muitakin-kokemuksia-elamasta-epilepsian-kanssa\/","og_site_name":"Epilepsialiiton kauppa","article_modified_time":"2025-01-28T06:36:35+00:00","og_image":[{"width":2031,"height":2953,"url":"https:\/\/www.epilepsia.fi\/kauppa\/wp-content\/uploads\/sites\/4\/2022\/04\/epilepsialiitto_kokemuskirja-kansi2.jpg","type":"image\/jpeg"}],"twitter_card":"summary_large_image","twitter_misc":{"Arvioitu lukuaika":"1 minuutti"},"schema":{"@context":"https:\/\/schema.org","@graph":[{"@type":"WebPage","@id":"https:\/\/www.epilepsia.fi\/kauppa\/tuote\/meita-on-muitakin-kokemuksia-elamasta-epilepsian-kanssa\/","url":"https:\/\/www.epilepsia.fi\/kauppa\/tuote\/meita-on-muitakin-kokemuksia-elamasta-epilepsian-kanssa\/","name":"Meit\u00e4 on muitakin \u2013 kokemuksia el\u00e4m\u00e4st\u00e4 epilepsian kanssa - Epilepsialiiton kauppa","isPartOf":{"@id":"https:\/\/www.epilepsia.fi\/kauppa\/#website"},"primaryImageOfPage":{"@id":"https:\/\/www.epilepsia.fi\/kauppa\/tuote\/meita-on-muitakin-kokemuksia-elamasta-epilepsian-kanssa\/#primaryimage"},"image":{"@id":"https:\/\/www.epilepsia.fi\/kauppa\/tuote\/meita-on-muitakin-kokemuksia-elamasta-epilepsian-kanssa\/#primaryimage"},"thumbnailUrl":"https:\/\/www.epilepsia.fi\/kauppa\/wp-content\/uploads\/sites\/4\/2022\/04\/epilepsialiitto_kokemuskirja-kansi2.jpg","datePublished":"2022-04-04T12:41:06+00:00","dateModified":"2025-01-28T06:36:35+00:00","breadcrumb":{"@id":"https:\/\/www.epilepsia.fi\/kauppa\/tuote\/meita-on-muitakin-kokemuksia-elamasta-epilepsian-kanssa\/#breadcrumb"},"inLanguage":"fi","potentialAction":[{"@type":"ReadAction","target":["https:\/\/www.epilepsia.fi\/kauppa\/tuote\/meita-on-muitakin-kokemuksia-elamasta-epilepsian-kanssa\/"]}]},{"@type":"ImageObject","inLanguage":"fi","@id":"https:\/\/www.epilepsia.fi\/kauppa\/tuote\/meita-on-muitakin-kokemuksia-elamasta-epilepsian-kanssa\/#primaryimage","url":"https:\/\/www.epilepsia.fi\/kauppa\/wp-content\/uploads\/sites\/4\/2022\/04\/epilepsialiitto_kokemuskirja-kansi2.jpg","contentUrl":"https:\/\/www.epilepsia.fi\/kauppa\/wp-content\/uploads\/sites\/4\/2022\/04\/epilepsialiitto_kokemuskirja-kansi2.jpg","width":2031,"height":2953,"caption":"Viisi hymylev\u00e4\u00e4 naista Meit\u00e4 on muitakin -oppaan kannessa."},{"@type":"BreadcrumbList","@id":"https:\/\/www.epilepsia.fi\/kauppa\/tuote\/meita-on-muitakin-kokemuksia-elamasta-epilepsian-kanssa\/#breadcrumb","itemListElement":[{"@type":"ListItem","position":1,"name":"Etusivu","item":"https:\/\/www.epilepsia.fi\/kauppa\/"},{"@type":"ListItem","position":2,"name":"Tuotteet","item":"https:\/\/www.epilepsia.fi\/kauppa\/"},{"@type":"ListItem","position":3,"name":"Meit\u00e4 on muitakin \u2013 kokemuksia el\u00e4m\u00e4st\u00e4 epilepsian kanssa"}]},{"@type":"WebSite","@id":"https:\/\/www.epilepsia.fi\/kauppa\/#website","url":"https:\/\/www.epilepsia.fi\/kauppa\/","name":"Epilepsialiiton kauppa","description":"Uusi Epilepsia.fi-sivustot -sivusto","potentialAction":[{"@type":"SearchAction","target":{"@type":"EntryPoint","urlTemplate":"https:\/\/www.epilepsia.fi\/kauppa\/?s={search_term_string}"},"query-input":{"@type":"PropertyValueSpecification","valueRequired":true,"valueName":"search_term_string"}}],"inLanguage":"fi"}]}},"_links":{"self":[{"href":"https:\/\/www.epilepsia.fi\/kauppa\/wp-json\/wp\/v2\/product\/1043","targetHints":{"allow":["GET"]}}],"collection":[{"href":"https:\/\/www.epilepsia.fi\/kauppa\/wp-json\/wp\/v2\/product"}],"about":[{"href":"https:\/\/www.epilepsia.fi\/kauppa\/wp-json\/wp\/v2\/types\/product"}],"wp:featuredmedia":[{"embeddable":true,"href":"https:\/\/www.epilepsia.fi\/kauppa\/wp-json\/wp\/v2\/media\/1044"}],"wp:attachment":[{"href":"https:\/\/www.epilepsia.fi\/kauppa\/wp-json\/wp\/v2\/media?parent=1043"}],"wp:term":[{"taxonomy":"product_brand","embeddable":true,"href":"https:\/\/www.epilepsia.fi\/kauppa\/wp-json\/wp\/v2\/product_brand?post=1043"},{"taxonomy":"product_cat","embeddable":true,"href":"https:\/\/www.epilepsia.fi\/kauppa\/wp-json\/wp\/v2\/product_cat?post=1043"},{"taxonomy":"product_tag","embeddable":true,"href":"https:\/\/www.epilepsia.fi\/kauppa\/wp-json\/wp\/v2\/product_tag?post=1043"}],"curies":[{"name":"wp","href":"https:\/\/api.w.org\/{rel}","templated":true}]}}