{"id":1313,"date":"2022-08-17T11:08:26","date_gmt":"2022-08-17T08:08:26","guid":{"rendered":"https:\/\/www.epilepsia.fi\/kauppa\/?post_type=product&#038;p=1313"},"modified":"2025-02-25T13:10:38","modified_gmt":"2025-02-25T11:10:38","slug":"ville-och-epilepilandet-berattelse","status":"publish","type":"product","link":"https:\/\/www.epilepsia.fi\/kauppa\/tuote\/ville-och-epilepilandet-berattelse\/","title":{"rendered":"Ville och Epilepilandet -ber\u00e4ttelse"},"content":{"rendered":"<p>Ville och Epilepilandet on Ville ja epilepilandia -tarinan ruotsinkielinen k\u00e4\u00e4nn\u00f6s. Lapsiperheille tarkoitettu tarina kertoo ensimm\u00e4isell\u00e4 luokalla olevasta Villest\u00e4, joka sairastaa epilepsiaa. Tarinassa pohditaan kasvamisen kysymyksi\u00e4, joihin Ville l\u00f6yt\u00e4\u00e4 omanlaisensa ratkaisunsa.<\/p>\n<p>Kirja on pehme\u00e4kantinen ja siin\u00e4 on 14 sivua. Ik\u00e4luokka: 4+ vuotiaille lapsille.<\/p>\n","protected":false},"excerpt":{"rendered":"<p>Ville och Epilepilandet on Ville ja epilepilandia -tarinan ruotsinkielinen k\u00e4\u00e4nn\u00f6s. Lapsiperheille tarkoitettu tarina kertoo ensimm\u00e4isell\u00e4 luokalla olevasta Villest\u00e4, joka sairastaa epilepsiaa. Tarinassa pohditaan kasvamisen kysymyksi\u00e4, joihin Ville l\u00f6yt\u00e4\u00e4 omanlaisensa ratkaisunsa.<\/p>\n","protected":false},"featured_media":2127,"template":"","meta":{"_acf_changed":false},"product_brand":[],"product_cat":[17],"product_tag":[],"class_list":{"0":"post-1313","1":"product","2":"type-product","3":"status-publish","4":"has-post-thumbnail","6":"product_cat-oppaat-kasikirjat","8":"first","9":"instock","10":"taxable","11":"shipping-taxable","12":"purchasable","13":"product-type-simple"},"acf":[],"yoast_head":"<!-- This site is optimized with the Yoast SEO plugin v27.5 - https:\/\/yoast.com\/product\/yoast-seo-wordpress\/ -->\n<title>Ville och Epilepilandet -ber\u00e4ttelse - Epilepsialiiton kauppa<\/title>\n<meta name=\"robots\" content=\"index, follow, max-snippet:-1, max-image-preview:large, max-video-preview:-1\" \/>\n<link rel=\"canonical\" href=\"https:\/\/www.epilepsia.fi\/kauppa\/tuote\/ville-och-epilepilandet-berattelse\/\" \/>\n<meta property=\"og:locale\" content=\"fi_FI\" \/>\n<meta property=\"og:type\" content=\"article\" \/>\n<meta property=\"og:title\" content=\"Ville och Epilepilandet -ber\u00e4ttelse - Epilepsialiiton kauppa\" \/>\n<meta property=\"og:description\" content=\"Ville och Epilepilandet on Ville ja epilepilandia -tarinan ruotsinkielinen k\u00e4\u00e4nn\u00f6s. Lapsiperheille tarkoitettu tarina kertoo ensimm\u00e4isell\u00e4 luokalla olevasta Villest\u00e4, joka sairastaa epilepsiaa. Tarinassa pohditaan kasvamisen kysymyksi\u00e4, joihin Ville l\u00f6yt\u00e4\u00e4 omanlaisensa ratkaisunsa.\" \/>\n<meta property=\"og:url\" content=\"https:\/\/www.epilepsia.fi\/kauppa\/tuote\/ville-och-epilepilandet-berattelse\/\" \/>\n<meta property=\"og:site_name\" content=\"Epilepsialiiton kauppa\" \/>\n<meta property=\"article:modified_time\" content=\"2025-02-25T11:10:38+00:00\" \/>\n<meta property=\"og:image\" content=\"https:\/\/www.epilepsia.fi\/kauppa\/wp-content\/uploads\/sites\/4\/2023\/06\/Ville-och-epilepilandet-683x1024.jpg\" \/>\n\t<meta property=\"og:image:width\" content=\"683\" \/>\n\t<meta property=\"og:image:height\" content=\"1024\" \/>\n\t<meta property=\"og:image:type\" content=\"image\/jpeg\" \/>\n<meta name=\"twitter:card\" content=\"summary_large_image\" \/>\n<meta name=\"twitter:label1\" content=\"Arvioitu lukuaika\" \/>\n\t<meta name=\"twitter:data1\" content=\"1 minuutti\" \/>\n<script type=\"application\/ld+json\" class=\"yoast-schema-graph\">{\"@context\":\"https:\\\/\\\/schema.org\",\"@graph\":[{\"@type\":\"WebPage\",\"@id\":\"https:\\\/\\\/www.epilepsia.fi\\\/kauppa\\\/tuote\\\/ville-och-epilepilandet-berattelse\\\/\",\"url\":\"https:\\\/\\\/www.epilepsia.fi\\\/kauppa\\\/tuote\\\/ville-och-epilepilandet-berattelse\\\/\",\"name\":\"Ville och Epilepilandet -ber\u00e4ttelse - Epilepsialiiton kauppa\",\"isPartOf\":{\"@id\":\"https:\\\/\\\/www.epilepsia.fi\\\/kauppa\\\/#website\"},\"primaryImageOfPage\":{\"@id\":\"https:\\\/\\\/www.epilepsia.fi\\\/kauppa\\\/tuote\\\/ville-och-epilepilandet-berattelse\\\/#primaryimage\"},\"image\":{\"@id\":\"https:\\\/\\\/www.epilepsia.fi\\\/kauppa\\\/tuote\\\/ville-och-epilepilandet-berattelse\\\/#primaryimage\"},\"thumbnailUrl\":\"https:\\\/\\\/www.epilepsia.fi\\\/kauppa\\\/wp-content\\\/uploads\\\/sites\\\/4\\\/2023\\\/06\\\/Ville-och-epilepilandet.jpg\",\"datePublished\":\"2022-08-17T08:08:26+00:00\",\"dateModified\":\"2025-02-25T11:10:38+00:00\",\"breadcrumb\":{\"@id\":\"https:\\\/\\\/www.epilepsia.fi\\\/kauppa\\\/tuote\\\/ville-och-epilepilandet-berattelse\\\/#breadcrumb\"},\"inLanguage\":\"fi\",\"potentialAction\":[{\"@type\":\"ReadAction\",\"target\":[\"https:\\\/\\\/www.epilepsia.fi\\\/kauppa\\\/tuote\\\/ville-och-epilepilandet-berattelse\\\/\"]}]},{\"@type\":\"ImageObject\",\"inLanguage\":\"fi\",\"@id\":\"https:\\\/\\\/www.epilepsia.fi\\\/kauppa\\\/tuote\\\/ville-och-epilepilandet-berattelse\\\/#primaryimage\",\"url\":\"https:\\\/\\\/www.epilepsia.fi\\\/kauppa\\\/wp-content\\\/uploads\\\/sites\\\/4\\\/2023\\\/06\\\/Ville-och-epilepilandet.jpg\",\"contentUrl\":\"https:\\\/\\\/www.epilepsia.fi\\\/kauppa\\\/wp-content\\\/uploads\\\/sites\\\/4\\\/2023\\\/06\\\/Ville-och-epilepilandet.jpg\",\"width\":1969,\"height\":2953,\"caption\":\"Ville och Epilepilandet sagobokens fram- och baksida.\"},{\"@type\":\"BreadcrumbList\",\"@id\":\"https:\\\/\\\/www.epilepsia.fi\\\/kauppa\\\/tuote\\\/ville-och-epilepilandet-berattelse\\\/#breadcrumb\",\"itemListElement\":[{\"@type\":\"ListItem\",\"position\":1,\"name\":\"Etusivu\",\"item\":\"https:\\\/\\\/www.epilepsia.fi\\\/kauppa\\\/\"},{\"@type\":\"ListItem\",\"position\":2,\"name\":\"Tuotteet\",\"item\":\"https:\\\/\\\/www.epilepsia.fi\\\/kauppa\\\/\"},{\"@type\":\"ListItem\",\"position\":3,\"name\":\"Ville och Epilepilandet -ber\u00e4ttelse\"}]},{\"@type\":\"WebSite\",\"@id\":\"https:\\\/\\\/www.epilepsia.fi\\\/kauppa\\\/#website\",\"url\":\"https:\\\/\\\/www.epilepsia.fi\\\/kauppa\\\/\",\"name\":\"Epilepsialiiton kauppa\",\"description\":\"Uusi Epilepsia.fi-sivustot -sivusto\",\"potentialAction\":[{\"@type\":\"SearchAction\",\"target\":{\"@type\":\"EntryPoint\",\"urlTemplate\":\"https:\\\/\\\/www.epilepsia.fi\\\/kauppa\\\/?s={search_term_string}\"},\"query-input\":{\"@type\":\"PropertyValueSpecification\",\"valueRequired\":true,\"valueName\":\"search_term_string\"}}],\"inLanguage\":\"fi\"}]}<\/script>\n<!-- \/ Yoast SEO plugin. -->","yoast_head_json":{"title":"Ville och Epilepilandet -ber\u00e4ttelse - Epilepsialiiton kauppa","robots":{"index":"index","follow":"follow","max-snippet":"max-snippet:-1","max-image-preview":"max-image-preview:large","max-video-preview":"max-video-preview:-1"},"canonical":"https:\/\/www.epilepsia.fi\/kauppa\/tuote\/ville-och-epilepilandet-berattelse\/","og_locale":"fi_FI","og_type":"article","og_title":"Ville och Epilepilandet -ber\u00e4ttelse - Epilepsialiiton kauppa","og_description":"Ville och Epilepilandet on Ville ja epilepilandia -tarinan ruotsinkielinen k\u00e4\u00e4nn\u00f6s. Lapsiperheille tarkoitettu tarina kertoo ensimm\u00e4isell\u00e4 luokalla olevasta Villest\u00e4, joka sairastaa epilepsiaa. Tarinassa pohditaan kasvamisen kysymyksi\u00e4, joihin Ville l\u00f6yt\u00e4\u00e4 omanlaisensa ratkaisunsa.","og_url":"https:\/\/www.epilepsia.fi\/kauppa\/tuote\/ville-och-epilepilandet-berattelse\/","og_site_name":"Epilepsialiiton kauppa","article_modified_time":"2025-02-25T11:10:38+00:00","og_image":[{"width":683,"height":1024,"url":"https:\/\/www.epilepsia.fi\/kauppa\/wp-content\/uploads\/sites\/4\/2023\/06\/Ville-och-epilepilandet-683x1024.jpg","type":"image\/jpeg"}],"twitter_card":"summary_large_image","twitter_misc":{"Arvioitu lukuaika":"1 minuutti"},"schema":{"@context":"https:\/\/schema.org","@graph":[{"@type":"WebPage","@id":"https:\/\/www.epilepsia.fi\/kauppa\/tuote\/ville-och-epilepilandet-berattelse\/","url":"https:\/\/www.epilepsia.fi\/kauppa\/tuote\/ville-och-epilepilandet-berattelse\/","name":"Ville och Epilepilandet -ber\u00e4ttelse - Epilepsialiiton kauppa","isPartOf":{"@id":"https:\/\/www.epilepsia.fi\/kauppa\/#website"},"primaryImageOfPage":{"@id":"https:\/\/www.epilepsia.fi\/kauppa\/tuote\/ville-och-epilepilandet-berattelse\/#primaryimage"},"image":{"@id":"https:\/\/www.epilepsia.fi\/kauppa\/tuote\/ville-och-epilepilandet-berattelse\/#primaryimage"},"thumbnailUrl":"https:\/\/www.epilepsia.fi\/kauppa\/wp-content\/uploads\/sites\/4\/2023\/06\/Ville-och-epilepilandet.jpg","datePublished":"2022-08-17T08:08:26+00:00","dateModified":"2025-02-25T11:10:38+00:00","breadcrumb":{"@id":"https:\/\/www.epilepsia.fi\/kauppa\/tuote\/ville-och-epilepilandet-berattelse\/#breadcrumb"},"inLanguage":"fi","potentialAction":[{"@type":"ReadAction","target":["https:\/\/www.epilepsia.fi\/kauppa\/tuote\/ville-och-epilepilandet-berattelse\/"]}]},{"@type":"ImageObject","inLanguage":"fi","@id":"https:\/\/www.epilepsia.fi\/kauppa\/tuote\/ville-och-epilepilandet-berattelse\/#primaryimage","url":"https:\/\/www.epilepsia.fi\/kauppa\/wp-content\/uploads\/sites\/4\/2023\/06\/Ville-och-epilepilandet.jpg","contentUrl":"https:\/\/www.epilepsia.fi\/kauppa\/wp-content\/uploads\/sites\/4\/2023\/06\/Ville-och-epilepilandet.jpg","width":1969,"height":2953,"caption":"Ville och Epilepilandet sagobokens fram- och baksida."},{"@type":"BreadcrumbList","@id":"https:\/\/www.epilepsia.fi\/kauppa\/tuote\/ville-och-epilepilandet-berattelse\/#breadcrumb","itemListElement":[{"@type":"ListItem","position":1,"name":"Etusivu","item":"https:\/\/www.epilepsia.fi\/kauppa\/"},{"@type":"ListItem","position":2,"name":"Tuotteet","item":"https:\/\/www.epilepsia.fi\/kauppa\/"},{"@type":"ListItem","position":3,"name":"Ville och Epilepilandet -ber\u00e4ttelse"}]},{"@type":"WebSite","@id":"https:\/\/www.epilepsia.fi\/kauppa\/#website","url":"https:\/\/www.epilepsia.fi\/kauppa\/","name":"Epilepsialiiton kauppa","description":"Uusi Epilepsia.fi-sivustot -sivusto","potentialAction":[{"@type":"SearchAction","target":{"@type":"EntryPoint","urlTemplate":"https:\/\/www.epilepsia.fi\/kauppa\/?s={search_term_string}"},"query-input":{"@type":"PropertyValueSpecification","valueRequired":true,"valueName":"search_term_string"}}],"inLanguage":"fi"}]}},"_links":{"self":[{"href":"https:\/\/www.epilepsia.fi\/kauppa\/wp-json\/wp\/v2\/product\/1313","targetHints":{"allow":["GET"]}}],"collection":[{"href":"https:\/\/www.epilepsia.fi\/kauppa\/wp-json\/wp\/v2\/product"}],"about":[{"href":"https:\/\/www.epilepsia.fi\/kauppa\/wp-json\/wp\/v2\/types\/product"}],"wp:featuredmedia":[{"embeddable":true,"href":"https:\/\/www.epilepsia.fi\/kauppa\/wp-json\/wp\/v2\/media\/2127"}],"wp:attachment":[{"href":"https:\/\/www.epilepsia.fi\/kauppa\/wp-json\/wp\/v2\/media?parent=1313"}],"wp:term":[{"taxonomy":"product_brand","embeddable":true,"href":"https:\/\/www.epilepsia.fi\/kauppa\/wp-json\/wp\/v2\/product_brand?post=1313"},{"taxonomy":"product_cat","embeddable":true,"href":"https:\/\/www.epilepsia.fi\/kauppa\/wp-json\/wp\/v2\/product_cat?post=1313"},{"taxonomy":"product_tag","embeddable":true,"href":"https:\/\/www.epilepsia.fi\/kauppa\/wp-json\/wp\/v2\/product_tag?post=1313"}],"curies":[{"name":"wp","href":"https:\/\/api.w.org\/{rel}","templated":true}]}}