{"id":1336,"date":"2022-08-24T09:49:12","date_gmt":"2022-08-24T06:49:12","guid":{"rendered":"https:\/\/www.epilepsia.fi\/kauppa\/?post_type=product&#038;p=1336"},"modified":"2025-02-25T12:51:47","modified_gmt":"2025-02-25T10:51:47","slug":"ikioma-voimakirjani","status":"publish","type":"product","link":"https:\/\/www.epilepsia.fi\/kauppa\/tuote\/ikioma-voimakirjani\/","title":{"rendered":"Ikioma voimakirjani"},"content":{"rendered":"<p>Ikioma voimakirjani\u202fsyntyi lasten toiveita ja ideoita kuunnellen. Kirja tarjoaa tietoa epilepsiasta ja vahvistaa epilepsiaa sairastavan lapsen min\u00e4kuvaa.\u00a0Ikiomassa voimakirjassa kerrotaan, millainen sairaus epilepsia on ja miten sit\u00e4 tutkitaan. Kirjasta l\u00f6ytyy my\u00f6s lasten toivoma kuva aivoista.<\/p>\n<p>Kirjassa seikkailevat Aapo ja Emma kannustavat lukijaa pohtimaan muun muassa omia lempijuttuja ja unelmia erilaisten puuha- ja pohdintateht\u00e4vien avulla. Kirjasta l\u00f6ytyy esimerkiksi tunnemittaria, v\u00e4ritysteht\u00e4vi\u00e4, kohtauskalenteri ja p\u00e4iv\u00e4kirja sek\u00e4 tarkempaa tietoa aivojen toiminnasta.<\/p>\n<p>Kirja on pehme\u00e4kantinen ja siin\u00e4 on 20 sivua. Voit tutustua kirjaan my\u00f6s verkossa: <a href=\"https:\/\/www.epilepsia.fi\/wp-content\/uploads\/2023\/06\/Ikioma-voimakirjani.pdf\" target=\"_blank\" rel=\"noopener\">Ikioma voimakirjani, pdf-tiedosto<\/a> (linkki aukeaa uuteen ikkunaan).<\/p>\n","protected":false},"excerpt":{"rendered":"<p>Ikioma voimakirjani\u202fsyntyi lasten toiveita ja ideoita kuunnellen. Kirja tarjoaa tietoa epilepsiasta ja vahvistaa epilepsiaa sairastavan lapsen min\u00e4kuvaa.<\/p>\n<p>Voit tutustua kirjaan my\u00f6s verkossa: <a href=\"https:\/\/www.epilepsia.fi\/wp-content\/uploads\/2023\/06\/Ikioma-voimakirjani.pdf\" target=\"_blank\" rel=\"noopener\">Ikioma voimakirjani, pdf-tiedosto<\/a> (linkki aukeaa uuteen ikkunaan).<\/p>\n","protected":false},"featured_media":1894,"template":"","meta":{"_acf_changed":false},"product_brand":[],"product_cat":[17],"product_tag":[],"class_list":{"0":"post-1336","1":"product","2":"type-product","3":"status-publish","4":"has-post-thumbnail","6":"product_cat-oppaat-kasikirjat","8":"first","9":"instock","10":"virtual","11":"taxable","12":"purchasable","13":"product-type-simple"},"acf":[],"yoast_head":"<!-- This site is optimized with the Yoast SEO plugin v27.3 - https:\/\/yoast.com\/product\/yoast-seo-wordpress\/ -->\n<title>Ikioma voimakirjani - Epilepsialiiton kauppa<\/title>\n<meta name=\"robots\" content=\"index, follow, max-snippet:-1, max-image-preview:large, max-video-preview:-1\" \/>\n<link rel=\"canonical\" href=\"https:\/\/www.epilepsia.fi\/kauppa\/tuote\/ikioma-voimakirjani\/\" \/>\n<meta property=\"og:locale\" content=\"fi_FI\" \/>\n<meta property=\"og:type\" content=\"article\" \/>\n<meta property=\"og:title\" content=\"Ikioma voimakirjani - Epilepsialiiton kauppa\" \/>\n<meta property=\"og:description\" content=\"Ikioma voimakirjani\u202fsyntyi lasten toiveita ja ideoita kuunnellen. Kirja tarjoaa tietoa epilepsiasta ja vahvistaa epilepsiaa sairastavan lapsen min\u00e4kuvaa.  Voit tutustua kirjaan my\u00f6s verkossa: Ikioma voimakirjani, pdf-tiedosto (linkki aukeaa uuteen ikkunaan).\" \/>\n<meta property=\"og:url\" content=\"https:\/\/www.epilepsia.fi\/kauppa\/tuote\/ikioma-voimakirjani\/\" \/>\n<meta property=\"og:site_name\" content=\"Epilepsialiiton kauppa\" \/>\n<meta property=\"article:modified_time\" content=\"2025-02-25T10:51:47+00:00\" \/>\n<meta property=\"og:image\" content=\"https:\/\/www.epilepsia.fi\/kauppa\/wp-content\/uploads\/sites\/4\/2022\/08\/ikioma_voimakirjani.jpg\" \/>\n\t<meta property=\"og:image:width\" content=\"534\" \/>\n\t<meta property=\"og:image:height\" content=\"756\" \/>\n\t<meta property=\"og:image:type\" content=\"image\/jpeg\" \/>\n<meta name=\"twitter:card\" content=\"summary_large_image\" \/>\n<meta name=\"twitter:image\" content=\"https:\/\/www.epilepsia.fi\/kauppa\/wp-content\/uploads\/sites\/4\/2022\/08\/ikioma_voimakirjani.jpg\" \/>\n<meta name=\"twitter:label1\" content=\"Arvioitu lukuaika\" \/>\n\t<meta name=\"twitter:data1\" content=\"1 minuutti\" \/>\n<script type=\"application\/ld+json\" class=\"yoast-schema-graph\">{\"@context\":\"https:\\\/\\\/schema.org\",\"@graph\":[{\"@type\":\"WebPage\",\"@id\":\"https:\\\/\\\/www.epilepsia.fi\\\/kauppa\\\/tuote\\\/ikioma-voimakirjani\\\/\",\"url\":\"https:\\\/\\\/www.epilepsia.fi\\\/kauppa\\\/tuote\\\/ikioma-voimakirjani\\\/\",\"name\":\"Ikioma voimakirjani - Epilepsialiiton kauppa\",\"isPartOf\":{\"@id\":\"https:\\\/\\\/www.epilepsia.fi\\\/kauppa\\\/#website\"},\"primaryImageOfPage\":{\"@id\":\"https:\\\/\\\/www.epilepsia.fi\\\/kauppa\\\/tuote\\\/ikioma-voimakirjani\\\/#primaryimage\"},\"image\":{\"@id\":\"https:\\\/\\\/www.epilepsia.fi\\\/kauppa\\\/tuote\\\/ikioma-voimakirjani\\\/#primaryimage\"},\"thumbnailUrl\":\"https:\\\/\\\/www.epilepsia.fi\\\/kauppa\\\/wp-content\\\/uploads\\\/sites\\\/4\\\/2022\\\/08\\\/ikioma_voimakirjani.jpg\",\"datePublished\":\"2022-08-24T06:49:12+00:00\",\"dateModified\":\"2025-02-25T10:51:47+00:00\",\"breadcrumb\":{\"@id\":\"https:\\\/\\\/www.epilepsia.fi\\\/kauppa\\\/tuote\\\/ikioma-voimakirjani\\\/#breadcrumb\"},\"inLanguage\":\"fi\",\"potentialAction\":[{\"@type\":\"ReadAction\",\"target\":[\"https:\\\/\\\/www.epilepsia.fi\\\/kauppa\\\/tuote\\\/ikioma-voimakirjani\\\/\"]}]},{\"@type\":\"ImageObject\",\"inLanguage\":\"fi\",\"@id\":\"https:\\\/\\\/www.epilepsia.fi\\\/kauppa\\\/tuote\\\/ikioma-voimakirjani\\\/#primaryimage\",\"url\":\"https:\\\/\\\/www.epilepsia.fi\\\/kauppa\\\/wp-content\\\/uploads\\\/sites\\\/4\\\/2022\\\/08\\\/ikioma_voimakirjani.jpg\",\"contentUrl\":\"https:\\\/\\\/www.epilepsia.fi\\\/kauppa\\\/wp-content\\\/uploads\\\/sites\\\/4\\\/2022\\\/08\\\/ikioma_voimakirjani.jpg\",\"width\":534,\"height\":756,\"caption\":\"Ikioman voimakirjani kansikuva, jossa kaksi lasta k\u00e4sikynk\u00e4ss\u00e4 ja koira, piirroskuva.\"},{\"@type\":\"BreadcrumbList\",\"@id\":\"https:\\\/\\\/www.epilepsia.fi\\\/kauppa\\\/tuote\\\/ikioma-voimakirjani\\\/#breadcrumb\",\"itemListElement\":[{\"@type\":\"ListItem\",\"position\":1,\"name\":\"Etusivu\",\"item\":\"https:\\\/\\\/www.epilepsia.fi\\\/kauppa\\\/\"},{\"@type\":\"ListItem\",\"position\":2,\"name\":\"Tuotteet\",\"item\":\"https:\\\/\\\/www.epilepsia.fi\\\/kauppa\\\/\"},{\"@type\":\"ListItem\",\"position\":3,\"name\":\"Ikioma voimakirjani\"}]},{\"@type\":\"WebSite\",\"@id\":\"https:\\\/\\\/www.epilepsia.fi\\\/kauppa\\\/#website\",\"url\":\"https:\\\/\\\/www.epilepsia.fi\\\/kauppa\\\/\",\"name\":\"Epilepsialiiton kauppa\",\"description\":\"Uusi Epilepsia.fi-sivustot -sivusto\",\"potentialAction\":[{\"@type\":\"SearchAction\",\"target\":{\"@type\":\"EntryPoint\",\"urlTemplate\":\"https:\\\/\\\/www.epilepsia.fi\\\/kauppa\\\/?s={search_term_string}\"},\"query-input\":{\"@type\":\"PropertyValueSpecification\",\"valueRequired\":true,\"valueName\":\"search_term_string\"}}],\"inLanguage\":\"fi\"}]}<\/script>\n<!-- \/ Yoast SEO plugin. -->","yoast_head_json":{"title":"Ikioma voimakirjani - Epilepsialiiton kauppa","robots":{"index":"index","follow":"follow","max-snippet":"max-snippet:-1","max-image-preview":"max-image-preview:large","max-video-preview":"max-video-preview:-1"},"canonical":"https:\/\/www.epilepsia.fi\/kauppa\/tuote\/ikioma-voimakirjani\/","og_locale":"fi_FI","og_type":"article","og_title":"Ikioma voimakirjani - Epilepsialiiton kauppa","og_description":"Ikioma voimakirjani\u202fsyntyi lasten toiveita ja ideoita kuunnellen. Kirja tarjoaa tietoa epilepsiasta ja vahvistaa epilepsiaa sairastavan lapsen min\u00e4kuvaa.  Voit tutustua kirjaan my\u00f6s verkossa: Ikioma voimakirjani, pdf-tiedosto (linkki aukeaa uuteen ikkunaan).","og_url":"https:\/\/www.epilepsia.fi\/kauppa\/tuote\/ikioma-voimakirjani\/","og_site_name":"Epilepsialiiton kauppa","article_modified_time":"2025-02-25T10:51:47+00:00","og_image":[{"width":534,"height":756,"url":"https:\/\/www.epilepsia.fi\/kauppa\/wp-content\/uploads\/sites\/4\/2022\/08\/ikioma_voimakirjani.jpg","type":"image\/jpeg"}],"twitter_card":"summary_large_image","twitter_image":"https:\/\/www.epilepsia.fi\/kauppa\/wp-content\/uploads\/sites\/4\/2022\/08\/ikioma_voimakirjani.jpg","twitter_misc":{"Arvioitu lukuaika":"1 minuutti"},"schema":{"@context":"https:\/\/schema.org","@graph":[{"@type":"WebPage","@id":"https:\/\/www.epilepsia.fi\/kauppa\/tuote\/ikioma-voimakirjani\/","url":"https:\/\/www.epilepsia.fi\/kauppa\/tuote\/ikioma-voimakirjani\/","name":"Ikioma voimakirjani - Epilepsialiiton kauppa","isPartOf":{"@id":"https:\/\/www.epilepsia.fi\/kauppa\/#website"},"primaryImageOfPage":{"@id":"https:\/\/www.epilepsia.fi\/kauppa\/tuote\/ikioma-voimakirjani\/#primaryimage"},"image":{"@id":"https:\/\/www.epilepsia.fi\/kauppa\/tuote\/ikioma-voimakirjani\/#primaryimage"},"thumbnailUrl":"https:\/\/www.epilepsia.fi\/kauppa\/wp-content\/uploads\/sites\/4\/2022\/08\/ikioma_voimakirjani.jpg","datePublished":"2022-08-24T06:49:12+00:00","dateModified":"2025-02-25T10:51:47+00:00","breadcrumb":{"@id":"https:\/\/www.epilepsia.fi\/kauppa\/tuote\/ikioma-voimakirjani\/#breadcrumb"},"inLanguage":"fi","potentialAction":[{"@type":"ReadAction","target":["https:\/\/www.epilepsia.fi\/kauppa\/tuote\/ikioma-voimakirjani\/"]}]},{"@type":"ImageObject","inLanguage":"fi","@id":"https:\/\/www.epilepsia.fi\/kauppa\/tuote\/ikioma-voimakirjani\/#primaryimage","url":"https:\/\/www.epilepsia.fi\/kauppa\/wp-content\/uploads\/sites\/4\/2022\/08\/ikioma_voimakirjani.jpg","contentUrl":"https:\/\/www.epilepsia.fi\/kauppa\/wp-content\/uploads\/sites\/4\/2022\/08\/ikioma_voimakirjani.jpg","width":534,"height":756,"caption":"Ikioman voimakirjani kansikuva, jossa kaksi lasta k\u00e4sikynk\u00e4ss\u00e4 ja koira, piirroskuva."},{"@type":"BreadcrumbList","@id":"https:\/\/www.epilepsia.fi\/kauppa\/tuote\/ikioma-voimakirjani\/#breadcrumb","itemListElement":[{"@type":"ListItem","position":1,"name":"Etusivu","item":"https:\/\/www.epilepsia.fi\/kauppa\/"},{"@type":"ListItem","position":2,"name":"Tuotteet","item":"https:\/\/www.epilepsia.fi\/kauppa\/"},{"@type":"ListItem","position":3,"name":"Ikioma voimakirjani"}]},{"@type":"WebSite","@id":"https:\/\/www.epilepsia.fi\/kauppa\/#website","url":"https:\/\/www.epilepsia.fi\/kauppa\/","name":"Epilepsialiiton kauppa","description":"Uusi Epilepsia.fi-sivustot -sivusto","potentialAction":[{"@type":"SearchAction","target":{"@type":"EntryPoint","urlTemplate":"https:\/\/www.epilepsia.fi\/kauppa\/?s={search_term_string}"},"query-input":{"@type":"PropertyValueSpecification","valueRequired":true,"valueName":"search_term_string"}}],"inLanguage":"fi"}]}},"_links":{"self":[{"href":"https:\/\/www.epilepsia.fi\/kauppa\/wp-json\/wp\/v2\/product\/1336","targetHints":{"allow":["GET"]}}],"collection":[{"href":"https:\/\/www.epilepsia.fi\/kauppa\/wp-json\/wp\/v2\/product"}],"about":[{"href":"https:\/\/www.epilepsia.fi\/kauppa\/wp-json\/wp\/v2\/types\/product"}],"wp:featuredmedia":[{"embeddable":true,"href":"https:\/\/www.epilepsia.fi\/kauppa\/wp-json\/wp\/v2\/media\/1894"}],"wp:attachment":[{"href":"https:\/\/www.epilepsia.fi\/kauppa\/wp-json\/wp\/v2\/media?parent=1336"}],"wp:term":[{"taxonomy":"product_brand","embeddable":true,"href":"https:\/\/www.epilepsia.fi\/kauppa\/wp-json\/wp\/v2\/product_brand?post=1336"},{"taxonomy":"product_cat","embeddable":true,"href":"https:\/\/www.epilepsia.fi\/kauppa\/wp-json\/wp\/v2\/product_cat?post=1336"},{"taxonomy":"product_tag","embeddable":true,"href":"https:\/\/www.epilepsia.fi\/kauppa\/wp-json\/wp\/v2\/product_tag?post=1336"}],"curies":[{"name":"wp","href":"https:\/\/api.w.org\/{rel}","templated":true}]}}