{"id":1707,"date":"2022-12-15T11:26:52","date_gmt":"2022-12-15T09:26:52","guid":{"rendered":"https:\/\/www.epilepsia.fi\/kauppa\/?post_type=product&#038;p=1707"},"modified":"2024-02-21T13:16:56","modified_gmt":"2024-02-21T11:16:56","slug":"att-leva-med-epilepsi","status":"publish","type":"product","link":"https:\/\/www.epilepsia.fi\/kauppa\/tuote\/att-leva-med-epilepsi\/","title":{"rendered":"Att leva med epilepsi"},"content":{"rendered":"<p>Ruotsinkielinen Epilepsialiiton esite, jossa kerrotaan lyhyesti toiminnastamme ja vertaistuesta. Esitteest\u00e4 l\u00f6ytyv\u00e4t my\u00f6s yhteystietomme.<\/p>\n<p>Esitteen koko on 99 x 210 mm, 6 sivua, k\u00e4\u00e4r\u00f6taitto.<\/p>\n","protected":false},"excerpt":{"rendered":"<p>Ruotsinkielinen Epilepsialiiton esite, jossa kerrotaan lyhyesti toiminnastamme ja vertaistuesta. Esitteest\u00e4 l\u00f6ytyv\u00e4t my\u00f6s yhteystietomme.<\/p>\n","protected":false},"featured_media":1708,"template":"","meta":{"_acf_changed":false},"product_brand":[],"product_cat":[17],"product_tag":[],"class_list":{"0":"post-1707","1":"product","2":"type-product","3":"status-publish","4":"has-post-thumbnail","6":"product_cat-oppaat-kasikirjat","8":"first","9":"instock","10":"taxable","11":"shipping-taxable","12":"purchasable","13":"product-type-simple"},"acf":[],"yoast_head":"<!-- This site is optimized with the Yoast SEO plugin v27.3 - https:\/\/yoast.com\/product\/yoast-seo-wordpress\/ -->\n<title>Att leva med epilepsi - Epilepsialiiton kauppa<\/title>\n<meta name=\"description\" content=\"Ruotisinkielinen Epilepsialiiton esite, jossa kerrotaan lyhyesti toiminnastamme ja vertaistuesta. Esitteest\u00e4 l\u00f6ytyv\u00e4t my\u00f6s yhteystietomme.\" \/>\n<meta name=\"robots\" content=\"index, follow, max-snippet:-1, max-image-preview:large, max-video-preview:-1\" \/>\n<link rel=\"canonical\" href=\"https:\/\/www.epilepsia.fi\/kauppa\/tuote\/att-leva-med-epilepsi\/\" \/>\n<meta property=\"og:locale\" content=\"fi_FI\" \/>\n<meta property=\"og:type\" content=\"article\" \/>\n<meta property=\"og:title\" content=\"Att leva med epilepsi - Epilepsialiiton kauppa\" \/>\n<meta property=\"og:description\" content=\"Ruotisinkielinen Epilepsialiiton esite, jossa kerrotaan lyhyesti toiminnastamme ja vertaistuesta. Esitteest\u00e4 l\u00f6ytyv\u00e4t my\u00f6s yhteystietomme.\" \/>\n<meta property=\"og:url\" content=\"https:\/\/www.epilepsia.fi\/kauppa\/tuote\/att-leva-med-epilepsi\/\" \/>\n<meta property=\"og:site_name\" content=\"Epilepsialiiton kauppa\" \/>\n<meta property=\"article:modified_time\" content=\"2024-02-21T11:16:56+00:00\" \/>\n<meta property=\"og:image\" content=\"https:\/\/www.epilepsia.fi\/kauppa\/wp-content\/uploads\/sites\/4\/2022\/12\/epilepsialiitto_ruotsi.jpg\" \/>\n\t<meta property=\"og:image:width\" content=\"861\" \/>\n\t<meta property=\"og:image:height\" content=\"1292\" \/>\n\t<meta property=\"og:image:type\" content=\"image\/jpeg\" \/>\n<meta name=\"twitter:card\" content=\"summary_large_image\" \/>\n<meta name=\"twitter:label1\" content=\"Arvioitu lukuaika\" \/>\n\t<meta name=\"twitter:data1\" content=\"1 minuutti\" \/>\n<script type=\"application\/ld+json\" class=\"yoast-schema-graph\">{\"@context\":\"https:\\\/\\\/schema.org\",\"@graph\":[{\"@type\":\"WebPage\",\"@id\":\"https:\\\/\\\/www.epilepsia.fi\\\/kauppa\\\/tuote\\\/att-leva-med-epilepsi\\\/\",\"url\":\"https:\\\/\\\/www.epilepsia.fi\\\/kauppa\\\/tuote\\\/att-leva-med-epilepsi\\\/\",\"name\":\"Att leva med epilepsi - Epilepsialiiton kauppa\",\"isPartOf\":{\"@id\":\"https:\\\/\\\/www.epilepsia.fi\\\/kauppa\\\/#website\"},\"primaryImageOfPage\":{\"@id\":\"https:\\\/\\\/www.epilepsia.fi\\\/kauppa\\\/tuote\\\/att-leva-med-epilepsi\\\/#primaryimage\"},\"image\":{\"@id\":\"https:\\\/\\\/www.epilepsia.fi\\\/kauppa\\\/tuote\\\/att-leva-med-epilepsi\\\/#primaryimage\"},\"thumbnailUrl\":\"https:\\\/\\\/www.epilepsia.fi\\\/kauppa\\\/wp-content\\\/uploads\\\/sites\\\/4\\\/2022\\\/12\\\/epilepsialiitto_ruotsi.jpg\",\"datePublished\":\"2022-12-15T09:26:52+00:00\",\"dateModified\":\"2024-02-21T11:16:56+00:00\",\"description\":\"Ruotisinkielinen Epilepsialiiton esite, jossa kerrotaan lyhyesti toiminnastamme ja vertaistuesta. Esitteest\u00e4 l\u00f6ytyv\u00e4t my\u00f6s yhteystietomme.\",\"breadcrumb\":{\"@id\":\"https:\\\/\\\/www.epilepsia.fi\\\/kauppa\\\/tuote\\\/att-leva-med-epilepsi\\\/#breadcrumb\"},\"inLanguage\":\"fi\",\"potentialAction\":[{\"@type\":\"ReadAction\",\"target\":[\"https:\\\/\\\/www.epilepsia.fi\\\/kauppa\\\/tuote\\\/att-leva-med-epilepsi\\\/\"]}]},{\"@type\":\"ImageObject\",\"inLanguage\":\"fi\",\"@id\":\"https:\\\/\\\/www.epilepsia.fi\\\/kauppa\\\/tuote\\\/att-leva-med-epilepsi\\\/#primaryimage\",\"url\":\"https:\\\/\\\/www.epilepsia.fi\\\/kauppa\\\/wp-content\\\/uploads\\\/sites\\\/4\\\/2022\\\/12\\\/epilepsialiitto_ruotsi.jpg\",\"contentUrl\":\"https:\\\/\\\/www.epilepsia.fi\\\/kauppa\\\/wp-content\\\/uploads\\\/sites\\\/4\\\/2022\\\/12\\\/epilepsialiitto_ruotsi.jpg\",\"width\":861,\"height\":1292,\"caption\":\"Esitteen kansikuva, jossa lapsi aikuisen syliss\u00e4 ja teksti: att leva med epilepsi.\"},{\"@type\":\"BreadcrumbList\",\"@id\":\"https:\\\/\\\/www.epilepsia.fi\\\/kauppa\\\/tuote\\\/att-leva-med-epilepsi\\\/#breadcrumb\",\"itemListElement\":[{\"@type\":\"ListItem\",\"position\":1,\"name\":\"Etusivu\",\"item\":\"https:\\\/\\\/www.epilepsia.fi\\\/kauppa\\\/\"},{\"@type\":\"ListItem\",\"position\":2,\"name\":\"Tuotteet\",\"item\":\"https:\\\/\\\/www.epilepsia.fi\\\/kauppa\\\/\"},{\"@type\":\"ListItem\",\"position\":3,\"name\":\"Att leva med epilepsi\"}]},{\"@type\":\"WebSite\",\"@id\":\"https:\\\/\\\/www.epilepsia.fi\\\/kauppa\\\/#website\",\"url\":\"https:\\\/\\\/www.epilepsia.fi\\\/kauppa\\\/\",\"name\":\"Epilepsialiiton kauppa\",\"description\":\"Uusi Epilepsia.fi-sivustot -sivusto\",\"potentialAction\":[{\"@type\":\"SearchAction\",\"target\":{\"@type\":\"EntryPoint\",\"urlTemplate\":\"https:\\\/\\\/www.epilepsia.fi\\\/kauppa\\\/?s={search_term_string}\"},\"query-input\":{\"@type\":\"PropertyValueSpecification\",\"valueRequired\":true,\"valueName\":\"search_term_string\"}}],\"inLanguage\":\"fi\"}]}<\/script>\n<!-- \/ Yoast SEO plugin. -->","yoast_head_json":{"title":"Att leva med epilepsi - Epilepsialiiton kauppa","description":"Ruotisinkielinen Epilepsialiiton esite, jossa kerrotaan lyhyesti toiminnastamme ja vertaistuesta. Esitteest\u00e4 l\u00f6ytyv\u00e4t my\u00f6s yhteystietomme.","robots":{"index":"index","follow":"follow","max-snippet":"max-snippet:-1","max-image-preview":"max-image-preview:large","max-video-preview":"max-video-preview:-1"},"canonical":"https:\/\/www.epilepsia.fi\/kauppa\/tuote\/att-leva-med-epilepsi\/","og_locale":"fi_FI","og_type":"article","og_title":"Att leva med epilepsi - Epilepsialiiton kauppa","og_description":"Ruotisinkielinen Epilepsialiiton esite, jossa kerrotaan lyhyesti toiminnastamme ja vertaistuesta. Esitteest\u00e4 l\u00f6ytyv\u00e4t my\u00f6s yhteystietomme.","og_url":"https:\/\/www.epilepsia.fi\/kauppa\/tuote\/att-leva-med-epilepsi\/","og_site_name":"Epilepsialiiton kauppa","article_modified_time":"2024-02-21T11:16:56+00:00","og_image":[{"width":861,"height":1292,"url":"https:\/\/www.epilepsia.fi\/kauppa\/wp-content\/uploads\/sites\/4\/2022\/12\/epilepsialiitto_ruotsi.jpg","type":"image\/jpeg"}],"twitter_card":"summary_large_image","twitter_misc":{"Arvioitu lukuaika":"1 minuutti"},"schema":{"@context":"https:\/\/schema.org","@graph":[{"@type":"WebPage","@id":"https:\/\/www.epilepsia.fi\/kauppa\/tuote\/att-leva-med-epilepsi\/","url":"https:\/\/www.epilepsia.fi\/kauppa\/tuote\/att-leva-med-epilepsi\/","name":"Att leva med epilepsi - Epilepsialiiton kauppa","isPartOf":{"@id":"https:\/\/www.epilepsia.fi\/kauppa\/#website"},"primaryImageOfPage":{"@id":"https:\/\/www.epilepsia.fi\/kauppa\/tuote\/att-leva-med-epilepsi\/#primaryimage"},"image":{"@id":"https:\/\/www.epilepsia.fi\/kauppa\/tuote\/att-leva-med-epilepsi\/#primaryimage"},"thumbnailUrl":"https:\/\/www.epilepsia.fi\/kauppa\/wp-content\/uploads\/sites\/4\/2022\/12\/epilepsialiitto_ruotsi.jpg","datePublished":"2022-12-15T09:26:52+00:00","dateModified":"2024-02-21T11:16:56+00:00","description":"Ruotisinkielinen Epilepsialiiton esite, jossa kerrotaan lyhyesti toiminnastamme ja vertaistuesta. Esitteest\u00e4 l\u00f6ytyv\u00e4t my\u00f6s yhteystietomme.","breadcrumb":{"@id":"https:\/\/www.epilepsia.fi\/kauppa\/tuote\/att-leva-med-epilepsi\/#breadcrumb"},"inLanguage":"fi","potentialAction":[{"@type":"ReadAction","target":["https:\/\/www.epilepsia.fi\/kauppa\/tuote\/att-leva-med-epilepsi\/"]}]},{"@type":"ImageObject","inLanguage":"fi","@id":"https:\/\/www.epilepsia.fi\/kauppa\/tuote\/att-leva-med-epilepsi\/#primaryimage","url":"https:\/\/www.epilepsia.fi\/kauppa\/wp-content\/uploads\/sites\/4\/2022\/12\/epilepsialiitto_ruotsi.jpg","contentUrl":"https:\/\/www.epilepsia.fi\/kauppa\/wp-content\/uploads\/sites\/4\/2022\/12\/epilepsialiitto_ruotsi.jpg","width":861,"height":1292,"caption":"Esitteen kansikuva, jossa lapsi aikuisen syliss\u00e4 ja teksti: att leva med epilepsi."},{"@type":"BreadcrumbList","@id":"https:\/\/www.epilepsia.fi\/kauppa\/tuote\/att-leva-med-epilepsi\/#breadcrumb","itemListElement":[{"@type":"ListItem","position":1,"name":"Etusivu","item":"https:\/\/www.epilepsia.fi\/kauppa\/"},{"@type":"ListItem","position":2,"name":"Tuotteet","item":"https:\/\/www.epilepsia.fi\/kauppa\/"},{"@type":"ListItem","position":3,"name":"Att leva med epilepsi"}]},{"@type":"WebSite","@id":"https:\/\/www.epilepsia.fi\/kauppa\/#website","url":"https:\/\/www.epilepsia.fi\/kauppa\/","name":"Epilepsialiiton kauppa","description":"Uusi Epilepsia.fi-sivustot -sivusto","potentialAction":[{"@type":"SearchAction","target":{"@type":"EntryPoint","urlTemplate":"https:\/\/www.epilepsia.fi\/kauppa\/?s={search_term_string}"},"query-input":{"@type":"PropertyValueSpecification","valueRequired":true,"valueName":"search_term_string"}}],"inLanguage":"fi"}]}},"_links":{"self":[{"href":"https:\/\/www.epilepsia.fi\/kauppa\/wp-json\/wp\/v2\/product\/1707","targetHints":{"allow":["GET"]}}],"collection":[{"href":"https:\/\/www.epilepsia.fi\/kauppa\/wp-json\/wp\/v2\/product"}],"about":[{"href":"https:\/\/www.epilepsia.fi\/kauppa\/wp-json\/wp\/v2\/types\/product"}],"wp:featuredmedia":[{"embeddable":true,"href":"https:\/\/www.epilepsia.fi\/kauppa\/wp-json\/wp\/v2\/media\/1708"}],"wp:attachment":[{"href":"https:\/\/www.epilepsia.fi\/kauppa\/wp-json\/wp\/v2\/media?parent=1707"}],"wp:term":[{"taxonomy":"product_brand","embeddable":true,"href":"https:\/\/www.epilepsia.fi\/kauppa\/wp-json\/wp\/v2\/product_brand?post=1707"},{"taxonomy":"product_cat","embeddable":true,"href":"https:\/\/www.epilepsia.fi\/kauppa\/wp-json\/wp\/v2\/product_cat?post=1707"},{"taxonomy":"product_tag","embeddable":true,"href":"https:\/\/www.epilepsia.fi\/kauppa\/wp-json\/wp\/v2\/product_tag?post=1707"}],"curies":[{"name":"wp","href":"https:\/\/api.w.org\/{rel}","templated":true}]}}