{"id":1849,"date":"2023-02-20T14:21:06","date_gmt":"2023-02-20T12:21:06","guid":{"rendered":"https:\/\/www.epilepsia.fi\/kauppa\/?post_type=product&#038;p=1849"},"modified":"2023-08-02T08:23:40","modified_gmt":"2023-08-02T05:23:40","slug":"yhta-perhetta-kirjanen","status":"publish","type":"product","link":"https:\/\/www.epilepsia.fi\/kauppa\/tuote\/yhta-perhetta-kirjanen\/","title":{"rendered":"Yht\u00e4 perhett\u00e4 -kirjanen"},"content":{"rendered":"<p>Yht\u00e4 perhett\u00e4 -kirjaseen on koottu lapsiperheiden tarinoita el\u00e4m\u00e4st\u00e4 epilepsian kanssa. Tarinat ovat erilaisia, mutta niit\u00e4 yhdist\u00e4v\u00e4t tunteet, joita vanhemmat k\u00e4yv\u00e4t l\u00e4pi diagnoosin varmistuttua sek\u00e4 huoli lapsen tulevaisuudesta ja siit\u00e4, millainen vaikutus sill\u00e4 on sisaruksiin.<\/p>\n<p>Kirjasessa on kerrottu nelj\u00e4n perheen tarinat. Niiss\u00e4 k\u00e4sitell\u00e4\u00e4n sit\u00e4, miten el\u00e4m\u00e4 muuttuu, kun lapsi sairastuu epilepsiaan. Kirjasessa on my\u00f6s asiantuntijoiden kirjoittamia artikkeleita epilepsiasta.<\/p>\n<p>Kirja on pehme\u00e4kantinen ja siin\u00e4 on 36 sivua. Voit tutustua tarinoihin my\u00f6s verkossa: <a href=\"https:\/\/www.epilepsia.fi\/wp-content\/uploads\/2023\/02\/yhtaperhetta_kirja.pdf\" target=\"_blank\" rel=\"noopener\">Yht\u00e4 perhett\u00e4 -kirjanen, pdf<\/a> (linkki aukeaa uuteen v\u00e4lilehteen).<\/p>\n","protected":false},"excerpt":{"rendered":"<p>Yht\u00e4 perhett\u00e4 -kirjaseen on koottu lapsiperheiden tarinoita el\u00e4m\u00e4st\u00e4 epilepsian kanssa. Kirjasessa on my\u00f6s asiantuntijoiden kirjoittamia artikkeleita.<\/p>\n<p>Voit tutustua tarinoihin my\u00f6s verkossa: <a href=\"https:\/\/www.epilepsia.fi\/wp-content\/uploads\/2023\/02\/yhtaperhetta_kirja.pdf\" target=\"_blank\" rel=\"noopener\">Yht\u00e4 perhett\u00e4 -kirjanen, pdf<\/a> (linkki aukeaa uuteen v\u00e4lilehteen).<\/p>\n","protected":false},"featured_media":1850,"template":"","meta":{"_acf_changed":false},"product_brand":[],"product_cat":[17],"product_tag":[],"class_list":{"0":"post-1849","1":"product","2":"type-product","3":"status-publish","4":"has-post-thumbnail","6":"product_cat-oppaat-kasikirjat","8":"first","9":"instock","10":"taxable","11":"shipping-taxable","12":"purchasable","13":"product-type-simple"},"acf":[],"yoast_head":"<!-- This site is optimized with the Yoast SEO plugin v27.5 - https:\/\/yoast.com\/product\/yoast-seo-wordpress\/ -->\n<title>Yht\u00e4 perhett\u00e4 -kirjanen - Epilepsialiiton kauppa<\/title>\n<meta name=\"robots\" content=\"index, follow, max-snippet:-1, max-image-preview:large, max-video-preview:-1\" \/>\n<link rel=\"canonical\" href=\"https:\/\/www.epilepsia.fi\/kauppa\/tuote\/yhta-perhetta-kirjanen\/\" \/>\n<meta property=\"og:locale\" content=\"fi_FI\" \/>\n<meta property=\"og:type\" content=\"article\" \/>\n<meta property=\"og:title\" content=\"Yht\u00e4 perhett\u00e4 -kirjanen - Epilepsialiiton kauppa\" \/>\n<meta property=\"og:description\" content=\"Yht\u00e4 perhett\u00e4 -kirjaseen on koottu lapsiperheiden tarinoita el\u00e4m\u00e4st\u00e4 epilepsian kanssa. Kirjasessa on my\u00f6s asiantuntijoiden kirjoittamia artikkeleita.  Voit tutustua tarinoihin my\u00f6s verkossa: Yht\u00e4 perhett\u00e4 -kirjanen, pdf (linkki aukeaa uuteen v\u00e4lilehteen).\" \/>\n<meta property=\"og:url\" content=\"https:\/\/www.epilepsia.fi\/kauppa\/tuote\/yhta-perhetta-kirjanen\/\" \/>\n<meta property=\"og:site_name\" content=\"Epilepsialiiton kauppa\" \/>\n<meta property=\"article:modified_time\" content=\"2023-08-02T05:23:40+00:00\" \/>\n<meta property=\"og:image\" content=\"https:\/\/www.epilepsia.fi\/kauppa\/wp-content\/uploads\/sites\/4\/2023\/02\/Epilepsialiitto_YhtaPerhetta_kansi-704x1024.jpg\" \/>\n\t<meta property=\"og:image:width\" content=\"704\" \/>\n\t<meta property=\"og:image:height\" content=\"1024\" \/>\n\t<meta property=\"og:image:type\" content=\"image\/jpeg\" \/>\n<meta name=\"twitter:card\" content=\"summary_large_image\" \/>\n<meta name=\"twitter:label1\" content=\"Arvioitu lukuaika\" \/>\n\t<meta name=\"twitter:data1\" content=\"1 minuutti\" \/>\n<script type=\"application\/ld+json\" class=\"yoast-schema-graph\">{\"@context\":\"https:\\\/\\\/schema.org\",\"@graph\":[{\"@type\":\"WebPage\",\"@id\":\"https:\\\/\\\/www.epilepsia.fi\\\/kauppa\\\/tuote\\\/yhta-perhetta-kirjanen\\\/\",\"url\":\"https:\\\/\\\/www.epilepsia.fi\\\/kauppa\\\/tuote\\\/yhta-perhetta-kirjanen\\\/\",\"name\":\"Yht\u00e4 perhett\u00e4 -kirjanen - Epilepsialiiton kauppa\",\"isPartOf\":{\"@id\":\"https:\\\/\\\/www.epilepsia.fi\\\/kauppa\\\/#website\"},\"primaryImageOfPage\":{\"@id\":\"https:\\\/\\\/www.epilepsia.fi\\\/kauppa\\\/tuote\\\/yhta-perhetta-kirjanen\\\/#primaryimage\"},\"image\":{\"@id\":\"https:\\\/\\\/www.epilepsia.fi\\\/kauppa\\\/tuote\\\/yhta-perhetta-kirjanen\\\/#primaryimage\"},\"thumbnailUrl\":\"https:\\\/\\\/www.epilepsia.fi\\\/kauppa\\\/wp-content\\\/uploads\\\/sites\\\/4\\\/2023\\\/02\\\/Epilepsialiitto_YhtaPerhetta_kansi.jpg\",\"datePublished\":\"2023-02-20T12:21:06+00:00\",\"dateModified\":\"2023-08-02T05:23:40+00:00\",\"breadcrumb\":{\"@id\":\"https:\\\/\\\/www.epilepsia.fi\\\/kauppa\\\/tuote\\\/yhta-perhetta-kirjanen\\\/#breadcrumb\"},\"inLanguage\":\"fi\",\"potentialAction\":[{\"@type\":\"ReadAction\",\"target\":[\"https:\\\/\\\/www.epilepsia.fi\\\/kauppa\\\/tuote\\\/yhta-perhetta-kirjanen\\\/\"]}]},{\"@type\":\"ImageObject\",\"inLanguage\":\"fi\",\"@id\":\"https:\\\/\\\/www.epilepsia.fi\\\/kauppa\\\/tuote\\\/yhta-perhetta-kirjanen\\\/#primaryimage\",\"url\":\"https:\\\/\\\/www.epilepsia.fi\\\/kauppa\\\/wp-content\\\/uploads\\\/sites\\\/4\\\/2023\\\/02\\\/Epilepsialiitto_YhtaPerhetta_kansi.jpg\",\"contentUrl\":\"https:\\\/\\\/www.epilepsia.fi\\\/kauppa\\\/wp-content\\\/uploads\\\/sites\\\/4\\\/2023\\\/02\\\/Epilepsialiitto_YhtaPerhetta_kansi.jpg\",\"width\":2031,\"height\":2953,\"caption\":\"Yht\u00e4 Perhett\u00e4 -kirjan kansikuva, jossa aikuisen ja lapsen k\u00e4det. Lapsen k\u00e4dell\u00e4 on perhonen.\"},{\"@type\":\"BreadcrumbList\",\"@id\":\"https:\\\/\\\/www.epilepsia.fi\\\/kauppa\\\/tuote\\\/yhta-perhetta-kirjanen\\\/#breadcrumb\",\"itemListElement\":[{\"@type\":\"ListItem\",\"position\":1,\"name\":\"Etusivu\",\"item\":\"https:\\\/\\\/www.epilepsia.fi\\\/kauppa\\\/\"},{\"@type\":\"ListItem\",\"position\":2,\"name\":\"Tuotteet\",\"item\":\"https:\\\/\\\/www.epilepsia.fi\\\/kauppa\\\/\"},{\"@type\":\"ListItem\",\"position\":3,\"name\":\"Yht\u00e4 perhett\u00e4 -kirjanen\"}]},{\"@type\":\"WebSite\",\"@id\":\"https:\\\/\\\/www.epilepsia.fi\\\/kauppa\\\/#website\",\"url\":\"https:\\\/\\\/www.epilepsia.fi\\\/kauppa\\\/\",\"name\":\"Epilepsialiiton kauppa\",\"description\":\"Uusi Epilepsia.fi-sivustot -sivusto\",\"potentialAction\":[{\"@type\":\"SearchAction\",\"target\":{\"@type\":\"EntryPoint\",\"urlTemplate\":\"https:\\\/\\\/www.epilepsia.fi\\\/kauppa\\\/?s={search_term_string}\"},\"query-input\":{\"@type\":\"PropertyValueSpecification\",\"valueRequired\":true,\"valueName\":\"search_term_string\"}}],\"inLanguage\":\"fi\"}]}<\/script>\n<!-- \/ Yoast SEO plugin. -->","yoast_head_json":{"title":"Yht\u00e4 perhett\u00e4 -kirjanen - Epilepsialiiton kauppa","robots":{"index":"index","follow":"follow","max-snippet":"max-snippet:-1","max-image-preview":"max-image-preview:large","max-video-preview":"max-video-preview:-1"},"canonical":"https:\/\/www.epilepsia.fi\/kauppa\/tuote\/yhta-perhetta-kirjanen\/","og_locale":"fi_FI","og_type":"article","og_title":"Yht\u00e4 perhett\u00e4 -kirjanen - Epilepsialiiton kauppa","og_description":"Yht\u00e4 perhett\u00e4 -kirjaseen on koottu lapsiperheiden tarinoita el\u00e4m\u00e4st\u00e4 epilepsian kanssa. Kirjasessa on my\u00f6s asiantuntijoiden kirjoittamia artikkeleita.  Voit tutustua tarinoihin my\u00f6s verkossa: Yht\u00e4 perhett\u00e4 -kirjanen, pdf (linkki aukeaa uuteen v\u00e4lilehteen).","og_url":"https:\/\/www.epilepsia.fi\/kauppa\/tuote\/yhta-perhetta-kirjanen\/","og_site_name":"Epilepsialiiton kauppa","article_modified_time":"2023-08-02T05:23:40+00:00","og_image":[{"width":704,"height":1024,"url":"https:\/\/www.epilepsia.fi\/kauppa\/wp-content\/uploads\/sites\/4\/2023\/02\/Epilepsialiitto_YhtaPerhetta_kansi-704x1024.jpg","type":"image\/jpeg"}],"twitter_card":"summary_large_image","twitter_misc":{"Arvioitu lukuaika":"1 minuutti"},"schema":{"@context":"https:\/\/schema.org","@graph":[{"@type":"WebPage","@id":"https:\/\/www.epilepsia.fi\/kauppa\/tuote\/yhta-perhetta-kirjanen\/","url":"https:\/\/www.epilepsia.fi\/kauppa\/tuote\/yhta-perhetta-kirjanen\/","name":"Yht\u00e4 perhett\u00e4 -kirjanen - Epilepsialiiton kauppa","isPartOf":{"@id":"https:\/\/www.epilepsia.fi\/kauppa\/#website"},"primaryImageOfPage":{"@id":"https:\/\/www.epilepsia.fi\/kauppa\/tuote\/yhta-perhetta-kirjanen\/#primaryimage"},"image":{"@id":"https:\/\/www.epilepsia.fi\/kauppa\/tuote\/yhta-perhetta-kirjanen\/#primaryimage"},"thumbnailUrl":"https:\/\/www.epilepsia.fi\/kauppa\/wp-content\/uploads\/sites\/4\/2023\/02\/Epilepsialiitto_YhtaPerhetta_kansi.jpg","datePublished":"2023-02-20T12:21:06+00:00","dateModified":"2023-08-02T05:23:40+00:00","breadcrumb":{"@id":"https:\/\/www.epilepsia.fi\/kauppa\/tuote\/yhta-perhetta-kirjanen\/#breadcrumb"},"inLanguage":"fi","potentialAction":[{"@type":"ReadAction","target":["https:\/\/www.epilepsia.fi\/kauppa\/tuote\/yhta-perhetta-kirjanen\/"]}]},{"@type":"ImageObject","inLanguage":"fi","@id":"https:\/\/www.epilepsia.fi\/kauppa\/tuote\/yhta-perhetta-kirjanen\/#primaryimage","url":"https:\/\/www.epilepsia.fi\/kauppa\/wp-content\/uploads\/sites\/4\/2023\/02\/Epilepsialiitto_YhtaPerhetta_kansi.jpg","contentUrl":"https:\/\/www.epilepsia.fi\/kauppa\/wp-content\/uploads\/sites\/4\/2023\/02\/Epilepsialiitto_YhtaPerhetta_kansi.jpg","width":2031,"height":2953,"caption":"Yht\u00e4 Perhett\u00e4 -kirjan kansikuva, jossa aikuisen ja lapsen k\u00e4det. Lapsen k\u00e4dell\u00e4 on perhonen."},{"@type":"BreadcrumbList","@id":"https:\/\/www.epilepsia.fi\/kauppa\/tuote\/yhta-perhetta-kirjanen\/#breadcrumb","itemListElement":[{"@type":"ListItem","position":1,"name":"Etusivu","item":"https:\/\/www.epilepsia.fi\/kauppa\/"},{"@type":"ListItem","position":2,"name":"Tuotteet","item":"https:\/\/www.epilepsia.fi\/kauppa\/"},{"@type":"ListItem","position":3,"name":"Yht\u00e4 perhett\u00e4 -kirjanen"}]},{"@type":"WebSite","@id":"https:\/\/www.epilepsia.fi\/kauppa\/#website","url":"https:\/\/www.epilepsia.fi\/kauppa\/","name":"Epilepsialiiton kauppa","description":"Uusi Epilepsia.fi-sivustot -sivusto","potentialAction":[{"@type":"SearchAction","target":{"@type":"EntryPoint","urlTemplate":"https:\/\/www.epilepsia.fi\/kauppa\/?s={search_term_string}"},"query-input":{"@type":"PropertyValueSpecification","valueRequired":true,"valueName":"search_term_string"}}],"inLanguage":"fi"}]}},"_links":{"self":[{"href":"https:\/\/www.epilepsia.fi\/kauppa\/wp-json\/wp\/v2\/product\/1849","targetHints":{"allow":["GET"]}}],"collection":[{"href":"https:\/\/www.epilepsia.fi\/kauppa\/wp-json\/wp\/v2\/product"}],"about":[{"href":"https:\/\/www.epilepsia.fi\/kauppa\/wp-json\/wp\/v2\/types\/product"}],"wp:featuredmedia":[{"embeddable":true,"href":"https:\/\/www.epilepsia.fi\/kauppa\/wp-json\/wp\/v2\/media\/1850"}],"wp:attachment":[{"href":"https:\/\/www.epilepsia.fi\/kauppa\/wp-json\/wp\/v2\/media?parent=1849"}],"wp:term":[{"taxonomy":"product_brand","embeddable":true,"href":"https:\/\/www.epilepsia.fi\/kauppa\/wp-json\/wp\/v2\/product_brand?post=1849"},{"taxonomy":"product_cat","embeddable":true,"href":"https:\/\/www.epilepsia.fi\/kauppa\/wp-json\/wp\/v2\/product_cat?post=1849"},{"taxonomy":"product_tag","embeddable":true,"href":"https:\/\/www.epilepsia.fi\/kauppa\/wp-json\/wp\/v2\/product_tag?post=1849"}],"curies":[{"name":"wp","href":"https:\/\/api.w.org\/{rel}","templated":true}]}}