{"id":20,"date":"2021-02-23T08:21:10","date_gmt":"2021-02-23T06:21:10","guid":{"rendered":"https:\/\/www.epilepsia.fi\/kauppa\/?post_type=product&#038;p=20"},"modified":"2025-01-16T12:01:00","modified_gmt":"2025-01-16T10:01:00","slug":"lasten-epilepsiaranneke-silikoni-3-kpl","status":"publish","type":"product","link":"https:\/\/www.epilepsia.fi\/kauppa\/tuote\/lasten-epilepsiaranneke-silikoni-3-kpl\/","title":{"rendered":"Lasten epilepsiaranneke (silikoni) 3 kpl"},"content":{"rendered":"","protected":false},"excerpt":{"rendered":"<p>Silikoninen lasten epilepsiaranneke, johon stanssattu valkoisella teksti &#8221;epilepsia&#8221;. Yksi pakkaus sis\u00e4lt\u00e4\u00e4 kolme ranneketta. V\u00e4rivaihtoehdot ovat musta sek\u00e4 limen vihre\u00e4.<\/p>\n<p>Rannekkeita l\u00f6ytyy kolmea eri kokoa 13,5 cm, 16,0 cm sek\u00e4 18,0 cm. V\u00e4rivaihtoehdot ovat musta ja limen vihre\u00e4.<\/p>\n<p>Rannekkeet toimitetaan kirjepostissa.<\/p>\n","protected":false},"featured_media":394,"template":"","meta":{"_acf_changed":false},"product_brand":[],"product_cat":[16],"product_tag":[],"class_list":{"0":"post-20","1":"product","2":"type-product","3":"status-publish","4":"has-post-thumbnail","6":"product_cat-tunnukset-epilepsiaa-sairastaville","8":"first","9":"instock","10":"taxable","11":"shipping-taxable","12":"purchasable","13":"product-type-variable","14":"has-default-attributes"},"acf":[],"yoast_head":"<!-- This site is optimized with the Yoast SEO plugin v27.5 - https:\/\/yoast.com\/product\/yoast-seo-wordpress\/ -->\n<title>Lasten epilepsiaranneke (silikoni) 3 kpl - Epilepsialiiton kauppa<\/title>\n<meta name=\"robots\" content=\"index, follow, max-snippet:-1, max-image-preview:large, max-video-preview:-1\" \/>\n<link rel=\"canonical\" href=\"https:\/\/www.epilepsia.fi\/kauppa\/tuote\/lasten-epilepsiaranneke-silikoni-3-kpl\/\" \/>\n<meta property=\"og:locale\" content=\"fi_FI\" \/>\n<meta property=\"og:type\" content=\"article\" \/>\n<meta property=\"og:title\" content=\"Lasten epilepsiaranneke (silikoni) 3 kpl - Epilepsialiiton kauppa\" \/>\n<meta property=\"og:description\" content=\"Silikoninen lasten epilepsiaranneke, johon stanssattu valkoisella teksti &quot;epilepsia&quot;. Yksi pakkaus sis\u00e4lt\u00e4\u00e4 kolme ranneketta. V\u00e4rivaihtoehdot ovat musta sek\u00e4 limen vihre\u00e4.  Rannekkeita l\u00f6ytyy kolmea eri kokoa 13,5 cm, 16,0 cm sek\u00e4 18,0 cm. V\u00e4rivaihtoehdot ovat musta ja limen vihre\u00e4.  Rannekkeet toimitetaan kirjepostissa.\" \/>\n<meta property=\"og:url\" content=\"https:\/\/www.epilepsia.fi\/kauppa\/tuote\/lasten-epilepsiaranneke-silikoni-3-kpl\/\" \/>\n<meta property=\"og:site_name\" content=\"Epilepsialiiton kauppa\" \/>\n<meta property=\"article:modified_time\" content=\"2025-01-16T10:01:00+00:00\" \/>\n<meta property=\"og:image\" content=\"https:\/\/www.epilepsia.fi\/kauppa\/wp-content\/uploads\/sites\/4\/2021\/02\/epilepsia_silikoniranneke_v2-683x1024.jpg\" \/>\n\t<meta property=\"og:image:width\" content=\"683\" \/>\n\t<meta property=\"og:image:height\" content=\"1024\" \/>\n\t<meta property=\"og:image:type\" content=\"image\/jpeg\" \/>\n<meta name=\"twitter:card\" content=\"summary_large_image\" \/>\n<meta name=\"twitter:label1\" content=\"Arvioitu lukuaika\" \/>\n\t<meta name=\"twitter:data1\" content=\"1 minuutti\" \/>\n<script type=\"application\/ld+json\" class=\"yoast-schema-graph\">{\"@context\":\"https:\\\/\\\/schema.org\",\"@graph\":[{\"@type\":\"WebPage\",\"@id\":\"https:\\\/\\\/www.epilepsia.fi\\\/kauppa\\\/tuote\\\/lasten-epilepsiaranneke-silikoni-3-kpl\\\/\",\"url\":\"https:\\\/\\\/www.epilepsia.fi\\\/kauppa\\\/tuote\\\/lasten-epilepsiaranneke-silikoni-3-kpl\\\/\",\"name\":\"Lasten epilepsiaranneke (silikoni) 3 kpl - Epilepsialiiton kauppa\",\"isPartOf\":{\"@id\":\"https:\\\/\\\/www.epilepsia.fi\\\/kauppa\\\/#website\"},\"primaryImageOfPage\":{\"@id\":\"https:\\\/\\\/www.epilepsia.fi\\\/kauppa\\\/tuote\\\/lasten-epilepsiaranneke-silikoni-3-kpl\\\/#primaryimage\"},\"image\":{\"@id\":\"https:\\\/\\\/www.epilepsia.fi\\\/kauppa\\\/tuote\\\/lasten-epilepsiaranneke-silikoni-3-kpl\\\/#primaryimage\"},\"thumbnailUrl\":\"https:\\\/\\\/www.epilepsia.fi\\\/kauppa\\\/wp-content\\\/uploads\\\/sites\\\/4\\\/2021\\\/02\\\/epilepsia_silikoniranneke_v2.jpg\",\"datePublished\":\"2021-02-23T06:21:10+00:00\",\"dateModified\":\"2025-01-16T10:01:00+00:00\",\"breadcrumb\":{\"@id\":\"https:\\\/\\\/www.epilepsia.fi\\\/kauppa\\\/tuote\\\/lasten-epilepsiaranneke-silikoni-3-kpl\\\/#breadcrumb\"},\"inLanguage\":\"fi\",\"potentialAction\":[{\"@type\":\"ReadAction\",\"target\":[\"https:\\\/\\\/www.epilepsia.fi\\\/kauppa\\\/tuote\\\/lasten-epilepsiaranneke-silikoni-3-kpl\\\/\"]}]},{\"@type\":\"ImageObject\",\"inLanguage\":\"fi\",\"@id\":\"https:\\\/\\\/www.epilepsia.fi\\\/kauppa\\\/tuote\\\/lasten-epilepsiaranneke-silikoni-3-kpl\\\/#primaryimage\",\"url\":\"https:\\\/\\\/www.epilepsia.fi\\\/kauppa\\\/wp-content\\\/uploads\\\/sites\\\/4\\\/2021\\\/02\\\/epilepsia_silikoniranneke_v2.jpg\",\"contentUrl\":\"https:\\\/\\\/www.epilepsia.fi\\\/kauppa\\\/wp-content\\\/uploads\\\/sites\\\/4\\\/2021\\\/02\\\/epilepsia_silikoniranneke_v2.jpg\",\"width\":2970,\"height\":4456,\"caption\":\"Musta ja limenv\u00e4rinen silikonista tehty epilepsiaranneke.\"},{\"@type\":\"BreadcrumbList\",\"@id\":\"https:\\\/\\\/www.epilepsia.fi\\\/kauppa\\\/tuote\\\/lasten-epilepsiaranneke-silikoni-3-kpl\\\/#breadcrumb\",\"itemListElement\":[{\"@type\":\"ListItem\",\"position\":1,\"name\":\"Etusivu\",\"item\":\"https:\\\/\\\/www.epilepsia.fi\\\/kauppa\\\/\"},{\"@type\":\"ListItem\",\"position\":2,\"name\":\"Tuotteet\",\"item\":\"https:\\\/\\\/www.epilepsia.fi\\\/kauppa\\\/\"},{\"@type\":\"ListItem\",\"position\":3,\"name\":\"Lasten epilepsiaranneke (silikoni) 3 kpl\"}]},{\"@type\":\"WebSite\",\"@id\":\"https:\\\/\\\/www.epilepsia.fi\\\/kauppa\\\/#website\",\"url\":\"https:\\\/\\\/www.epilepsia.fi\\\/kauppa\\\/\",\"name\":\"Epilepsialiiton kauppa\",\"description\":\"Uusi Epilepsia.fi-sivustot -sivusto\",\"potentialAction\":[{\"@type\":\"SearchAction\",\"target\":{\"@type\":\"EntryPoint\",\"urlTemplate\":\"https:\\\/\\\/www.epilepsia.fi\\\/kauppa\\\/?s={search_term_string}\"},\"query-input\":{\"@type\":\"PropertyValueSpecification\",\"valueRequired\":true,\"valueName\":\"search_term_string\"}}],\"inLanguage\":\"fi\"}]}<\/script>\n<!-- \/ Yoast SEO plugin. -->","yoast_head_json":{"title":"Lasten epilepsiaranneke (silikoni) 3 kpl - Epilepsialiiton kauppa","robots":{"index":"index","follow":"follow","max-snippet":"max-snippet:-1","max-image-preview":"max-image-preview:large","max-video-preview":"max-video-preview:-1"},"canonical":"https:\/\/www.epilepsia.fi\/kauppa\/tuote\/lasten-epilepsiaranneke-silikoni-3-kpl\/","og_locale":"fi_FI","og_type":"article","og_title":"Lasten epilepsiaranneke (silikoni) 3 kpl - Epilepsialiiton kauppa","og_description":"Silikoninen lasten epilepsiaranneke, johon stanssattu valkoisella teksti \"epilepsia\". Yksi pakkaus sis\u00e4lt\u00e4\u00e4 kolme ranneketta. V\u00e4rivaihtoehdot ovat musta sek\u00e4 limen vihre\u00e4.  Rannekkeita l\u00f6ytyy kolmea eri kokoa 13,5 cm, 16,0 cm sek\u00e4 18,0 cm. V\u00e4rivaihtoehdot ovat musta ja limen vihre\u00e4.  Rannekkeet toimitetaan kirjepostissa.","og_url":"https:\/\/www.epilepsia.fi\/kauppa\/tuote\/lasten-epilepsiaranneke-silikoni-3-kpl\/","og_site_name":"Epilepsialiiton kauppa","article_modified_time":"2025-01-16T10:01:00+00:00","og_image":[{"width":683,"height":1024,"url":"https:\/\/www.epilepsia.fi\/kauppa\/wp-content\/uploads\/sites\/4\/2021\/02\/epilepsia_silikoniranneke_v2-683x1024.jpg","type":"image\/jpeg"}],"twitter_card":"summary_large_image","twitter_misc":{"Arvioitu lukuaika":"1 minuutti"},"schema":{"@context":"https:\/\/schema.org","@graph":[{"@type":"WebPage","@id":"https:\/\/www.epilepsia.fi\/kauppa\/tuote\/lasten-epilepsiaranneke-silikoni-3-kpl\/","url":"https:\/\/www.epilepsia.fi\/kauppa\/tuote\/lasten-epilepsiaranneke-silikoni-3-kpl\/","name":"Lasten epilepsiaranneke (silikoni) 3 kpl - Epilepsialiiton kauppa","isPartOf":{"@id":"https:\/\/www.epilepsia.fi\/kauppa\/#website"},"primaryImageOfPage":{"@id":"https:\/\/www.epilepsia.fi\/kauppa\/tuote\/lasten-epilepsiaranneke-silikoni-3-kpl\/#primaryimage"},"image":{"@id":"https:\/\/www.epilepsia.fi\/kauppa\/tuote\/lasten-epilepsiaranneke-silikoni-3-kpl\/#primaryimage"},"thumbnailUrl":"https:\/\/www.epilepsia.fi\/kauppa\/wp-content\/uploads\/sites\/4\/2021\/02\/epilepsia_silikoniranneke_v2.jpg","datePublished":"2021-02-23T06:21:10+00:00","dateModified":"2025-01-16T10:01:00+00:00","breadcrumb":{"@id":"https:\/\/www.epilepsia.fi\/kauppa\/tuote\/lasten-epilepsiaranneke-silikoni-3-kpl\/#breadcrumb"},"inLanguage":"fi","potentialAction":[{"@type":"ReadAction","target":["https:\/\/www.epilepsia.fi\/kauppa\/tuote\/lasten-epilepsiaranneke-silikoni-3-kpl\/"]}]},{"@type":"ImageObject","inLanguage":"fi","@id":"https:\/\/www.epilepsia.fi\/kauppa\/tuote\/lasten-epilepsiaranneke-silikoni-3-kpl\/#primaryimage","url":"https:\/\/www.epilepsia.fi\/kauppa\/wp-content\/uploads\/sites\/4\/2021\/02\/epilepsia_silikoniranneke_v2.jpg","contentUrl":"https:\/\/www.epilepsia.fi\/kauppa\/wp-content\/uploads\/sites\/4\/2021\/02\/epilepsia_silikoniranneke_v2.jpg","width":2970,"height":4456,"caption":"Musta ja limenv\u00e4rinen silikonista tehty epilepsiaranneke."},{"@type":"BreadcrumbList","@id":"https:\/\/www.epilepsia.fi\/kauppa\/tuote\/lasten-epilepsiaranneke-silikoni-3-kpl\/#breadcrumb","itemListElement":[{"@type":"ListItem","position":1,"name":"Etusivu","item":"https:\/\/www.epilepsia.fi\/kauppa\/"},{"@type":"ListItem","position":2,"name":"Tuotteet","item":"https:\/\/www.epilepsia.fi\/kauppa\/"},{"@type":"ListItem","position":3,"name":"Lasten epilepsiaranneke (silikoni) 3 kpl"}]},{"@type":"WebSite","@id":"https:\/\/www.epilepsia.fi\/kauppa\/#website","url":"https:\/\/www.epilepsia.fi\/kauppa\/","name":"Epilepsialiiton kauppa","description":"Uusi Epilepsia.fi-sivustot -sivusto","potentialAction":[{"@type":"SearchAction","target":{"@type":"EntryPoint","urlTemplate":"https:\/\/www.epilepsia.fi\/kauppa\/?s={search_term_string}"},"query-input":{"@type":"PropertyValueSpecification","valueRequired":true,"valueName":"search_term_string"}}],"inLanguage":"fi"}]}},"_links":{"self":[{"href":"https:\/\/www.epilepsia.fi\/kauppa\/wp-json\/wp\/v2\/product\/20","targetHints":{"allow":["GET"]}}],"collection":[{"href":"https:\/\/www.epilepsia.fi\/kauppa\/wp-json\/wp\/v2\/product"}],"about":[{"href":"https:\/\/www.epilepsia.fi\/kauppa\/wp-json\/wp\/v2\/types\/product"}],"wp:featuredmedia":[{"embeddable":true,"href":"https:\/\/www.epilepsia.fi\/kauppa\/wp-json\/wp\/v2\/media\/394"}],"wp:attachment":[{"href":"https:\/\/www.epilepsia.fi\/kauppa\/wp-json\/wp\/v2\/media?parent=20"}],"wp:term":[{"taxonomy":"product_brand","embeddable":true,"href":"https:\/\/www.epilepsia.fi\/kauppa\/wp-json\/wp\/v2\/product_brand?post=20"},{"taxonomy":"product_cat","embeddable":true,"href":"https:\/\/www.epilepsia.fi\/kauppa\/wp-json\/wp\/v2\/product_cat?post=20"},{"taxonomy":"product_tag","embeddable":true,"href":"https:\/\/www.epilepsia.fi\/kauppa\/wp-json\/wp\/v2\/product_tag?post=20"}],"curies":[{"name":"wp","href":"https:\/\/api.w.org\/{rel}","templated":true}]}}