{"id":2284,"date":"2023-09-11T08:27:18","date_gmt":"2023-09-11T05:27:18","guid":{"rendered":"https:\/\/www.epilepsia.fi\/kauppa\/?post_type=product&#038;p=2284"},"modified":"2025-02-11T16:44:58","modified_gmt":"2025-02-11T14:44:58","slug":"villasukka","status":"publish","type":"product","link":"https:\/\/www.epilepsia.fi\/kauppa\/tuote\/villasukka\/","title":{"rendered":"Epilepsiayhteis\u00f6n villasukkaohje"},"content":{"rendered":"<p>Pirjo Pihlajikko on suunnitellut epilepsiayhteis\u00f6lle villasukkamallin, jota koristavat Epilepsialiiton logosta tutuksi tulleet vihre\u00e4t liekit. Lataa villasukkien ohje maksutta pdf-muodossa yll\u00e4 olevista linkeist\u00e4 ja neulo oma sukkapari. Toisessa ohjeessa villasukkien koko on noin 39 ja toisessa 42.<\/p>\n<p>Jos haluat, voit jakaa kuvan neulomistasi villasukista Facebookissa tai Instagramissa. K\u00e4yt\u00e4 kuvan yhteydess\u00e4 aihetunnistetta #JokaSadas. Tunnisteella viitataan siihen, ett\u00e4 noin joka sadas Suomessa sairastaa epilepsiaa. Jos t\u00e4g\u00e4\u00e4t Epilepsialiiton tilit (@epilepsialiitto) mukaan postaukseesi, voimme jakaa kuvan villasukistasi Epilepsialiiton Facebook- ja Instagram-tarinassa.<\/p>\n<p>Lue Epilepsialehden 3\/2023 artikkelista, miten idea sukkiin syntyi. <a href=\"https:\/\/www.epilepsia.fi\/wp-content\/uploads\/2023\/09\/Epilepsialehti_3_2023_web.pdf\" target=\"_blank\" rel=\"noopener\">L\u00f6yd\u00e4t jutun Epilepsialehden n\u00e4k\u00f6isversiosta <\/a>(linkki aukeaa uuteen ikkunaan).<\/p>\n<p>Mukavia neulontahetki\u00e4!<\/p>\n","protected":false},"excerpt":{"rendered":"<ul>\n<li><a href=\"https:\/\/www.epilepsia.fi\/kauppa\/wp-content\/uploads\/sites\/4\/2023\/08\/Epilepsialiiton_logosukkaohje_kaaviot_koko_39.pdf\" target=\"_blank\" rel=\"noopener\"><strong>Villasukkien neulontaohje, koko 39, pdf<\/strong><\/a> (linkki aukeaa uuteen v\u00e4lilehteen)<\/li>\n<li><a href=\"https:\/\/www.epilepsia.fi\/kauppa\/wp-content\/uploads\/sites\/4\/2023\/08\/Epilepsialiiton_logosukkaohje_kaaviot_koko_42.pdf\" target=\"_blank\" rel=\"noopener\"><strong>Villasukkien neulontaohje, koko 42, pdf<\/strong><\/a> (linkki aukeaa uuteen v\u00e4lilehteen)<\/li>\n<\/ul>\n<p>Huomaathan, ett\u00e4 voit tulostaa ohjeen suoraan omalta koneeltasi. Silloin sit\u00e4 ei tarvitse lis\u00e4t\u00e4 ostoskoriin ja tilata erikseen.<\/p>\n","protected":false},"featured_media":2287,"template":"","meta":{"_acf_changed":false},"product_brand":[],"product_cat":[15],"product_tag":[],"class_list":{"0":"post-2284","1":"product","2":"type-product","3":"status-publish","4":"has-post-thumbnail","6":"product_cat-muut-tuotteet","8":"first","9":"instock","10":"taxable","11":"shipping-taxable","12":"purchasable","13":"product-type-simple"},"acf":[],"yoast_head":"<!-- This site is optimized with the Yoast SEO plugin v27.4 - https:\/\/yoast.com\/product\/yoast-seo-wordpress\/ -->\n<title>Epilepsiayhteis\u00f6n villasukkaohje - Epilepsialiiton kauppa<\/title>\n<meta name=\"robots\" content=\"index, follow, max-snippet:-1, max-image-preview:large, max-video-preview:-1\" \/>\n<link rel=\"canonical\" href=\"https:\/\/www.epilepsia.fi\/kauppa\/tuote\/villasukka\/\" \/>\n<meta property=\"og:locale\" content=\"fi_FI\" \/>\n<meta property=\"og:type\" content=\"article\" \/>\n<meta property=\"og:title\" content=\"Neulo epilepsiayhteis\u00f6n villasukat!\" \/>\n<meta property=\"og:description\" content=\"Pirjo Pihlajikko on suunnitellut epilepsiayhteis\u00f6lle villasukkamallin, jota koristavat Epilepsialiiton logosta tutuksi tulleet vihre\u00e4t liekit. Lataa villasukkien ohje maksutta pdf-muodossa yll\u00e4 olevasta linkist\u00e4 ja neulo oma sukkapari.\" \/>\n<meta property=\"og:url\" content=\"https:\/\/www.epilepsia.fi\/kauppa\/tuote\/villasukka\/\" \/>\n<meta property=\"og:site_name\" content=\"Epilepsialiiton kauppa\" \/>\n<meta property=\"article:modified_time\" content=\"2025-02-11T14:44:58+00:00\" \/>\n<meta property=\"og:image\" content=\"https:\/\/www.epilepsia.fi\/kauppa\/wp-content\/uploads\/sites\/4\/2023\/08\/epilepsiayhteiso_villasukat_2.jpg\" \/>\n\t<meta property=\"og:image:width\" content=\"1110\" \/>\n\t<meta property=\"og:image:height\" content=\"740\" \/>\n\t<meta property=\"og:image:type\" content=\"image\/jpeg\" \/>\n<meta name=\"twitter:card\" content=\"summary_large_image\" \/>\n<meta name=\"twitter:title\" content=\"Neulo epilepsiayhteis\u00f6n villasukat!\" \/>\n<meta name=\"twitter:description\" content=\"Pirjo Pihlajikko on suunnitellut epilepsiayhteis\u00f6lle villasukkamallin, jota koristavat Epilepsialiiton logosta tutuksi tulleet vihre\u00e4t liekit. Lataa villasukkien ohje maksutta pdf-muodossa yll\u00e4 olevasta linkist\u00e4 ja neulo oma sukkapari.\" \/>\n<meta name=\"twitter:image\" content=\"https:\/\/www.epilepsia.fi\/kauppa\/wp-content\/uploads\/sites\/4\/2023\/08\/epilepsiayhteiso_villasukat_2.jpg\" \/>\n<meta name=\"twitter:label1\" content=\"Arvioitu lukuaika\" \/>\n\t<meta name=\"twitter:data1\" content=\"1 minuutti\" \/>\n<script type=\"application\/ld+json\" class=\"yoast-schema-graph\">{\"@context\":\"https:\\\/\\\/schema.org\",\"@graph\":[{\"@type\":\"WebPage\",\"@id\":\"https:\\\/\\\/www.epilepsia.fi\\\/kauppa\\\/tuote\\\/villasukka\\\/\",\"url\":\"https:\\\/\\\/www.epilepsia.fi\\\/kauppa\\\/tuote\\\/villasukka\\\/\",\"name\":\"Epilepsiayhteis\u00f6n villasukkaohje - Epilepsialiiton kauppa\",\"isPartOf\":{\"@id\":\"https:\\\/\\\/www.epilepsia.fi\\\/kauppa\\\/#website\"},\"primaryImageOfPage\":{\"@id\":\"https:\\\/\\\/www.epilepsia.fi\\\/kauppa\\\/tuote\\\/villasukka\\\/#primaryimage\"},\"image\":{\"@id\":\"https:\\\/\\\/www.epilepsia.fi\\\/kauppa\\\/tuote\\\/villasukka\\\/#primaryimage\"},\"thumbnailUrl\":\"https:\\\/\\\/www.epilepsia.fi\\\/kauppa\\\/wp-content\\\/uploads\\\/sites\\\/4\\\/2023\\\/08\\\/epilepsiayhteiso_villasukat.jpg\",\"datePublished\":\"2023-09-11T05:27:18+00:00\",\"dateModified\":\"2025-02-11T14:44:58+00:00\",\"breadcrumb\":{\"@id\":\"https:\\\/\\\/www.epilepsia.fi\\\/kauppa\\\/tuote\\\/villasukka\\\/#breadcrumb\"},\"inLanguage\":\"fi\",\"potentialAction\":[{\"@type\":\"ReadAction\",\"target\":[\"https:\\\/\\\/www.epilepsia.fi\\\/kauppa\\\/tuote\\\/villasukka\\\/\"]}]},{\"@type\":\"ImageObject\",\"inLanguage\":\"fi\",\"@id\":\"https:\\\/\\\/www.epilepsia.fi\\\/kauppa\\\/tuote\\\/villasukka\\\/#primaryimage\",\"url\":\"https:\\\/\\\/www.epilepsia.fi\\\/kauppa\\\/wp-content\\\/uploads\\\/sites\\\/4\\\/2023\\\/08\\\/epilepsiayhteiso_villasukat.jpg\",\"contentUrl\":\"https:\\\/\\\/www.epilepsia.fi\\\/kauppa\\\/wp-content\\\/uploads\\\/sites\\\/4\\\/2023\\\/08\\\/epilepsiayhteiso_villasukat.jpg\",\"width\":861,\"height\":1292,\"caption\":\"Kolme paria harmaita villasukkia, joiden varteen on neulottu liekkikuvio vihre\u00e4ll\u00e4.\"},{\"@type\":\"BreadcrumbList\",\"@id\":\"https:\\\/\\\/www.epilepsia.fi\\\/kauppa\\\/tuote\\\/villasukka\\\/#breadcrumb\",\"itemListElement\":[{\"@type\":\"ListItem\",\"position\":1,\"name\":\"Etusivu\",\"item\":\"https:\\\/\\\/www.epilepsia.fi\\\/kauppa\\\/\"},{\"@type\":\"ListItem\",\"position\":2,\"name\":\"Tuotteet\",\"item\":\"https:\\\/\\\/www.epilepsia.fi\\\/kauppa\\\/\"},{\"@type\":\"ListItem\",\"position\":3,\"name\":\"Epilepsiayhteis\u00f6n villasukkaohje\"}]},{\"@type\":\"WebSite\",\"@id\":\"https:\\\/\\\/www.epilepsia.fi\\\/kauppa\\\/#website\",\"url\":\"https:\\\/\\\/www.epilepsia.fi\\\/kauppa\\\/\",\"name\":\"Epilepsialiiton kauppa\",\"description\":\"Uusi Epilepsia.fi-sivustot -sivusto\",\"potentialAction\":[{\"@type\":\"SearchAction\",\"target\":{\"@type\":\"EntryPoint\",\"urlTemplate\":\"https:\\\/\\\/www.epilepsia.fi\\\/kauppa\\\/?s={search_term_string}\"},\"query-input\":{\"@type\":\"PropertyValueSpecification\",\"valueRequired\":true,\"valueName\":\"search_term_string\"}}],\"inLanguage\":\"fi\"}]}<\/script>\n<!-- \/ Yoast SEO plugin. -->","yoast_head_json":{"title":"Epilepsiayhteis\u00f6n villasukkaohje - Epilepsialiiton kauppa","robots":{"index":"index","follow":"follow","max-snippet":"max-snippet:-1","max-image-preview":"max-image-preview:large","max-video-preview":"max-video-preview:-1"},"canonical":"https:\/\/www.epilepsia.fi\/kauppa\/tuote\/villasukka\/","og_locale":"fi_FI","og_type":"article","og_title":"Neulo epilepsiayhteis\u00f6n villasukat!","og_description":"Pirjo Pihlajikko on suunnitellut epilepsiayhteis\u00f6lle villasukkamallin, jota koristavat Epilepsialiiton logosta tutuksi tulleet vihre\u00e4t liekit. Lataa villasukkien ohje maksutta pdf-muodossa yll\u00e4 olevasta linkist\u00e4 ja neulo oma sukkapari.","og_url":"https:\/\/www.epilepsia.fi\/kauppa\/tuote\/villasukka\/","og_site_name":"Epilepsialiiton kauppa","article_modified_time":"2025-02-11T14:44:58+00:00","og_image":[{"width":1110,"height":740,"url":"https:\/\/www.epilepsia.fi\/kauppa\/wp-content\/uploads\/sites\/4\/2023\/08\/epilepsiayhteiso_villasukat_2.jpg","type":"image\/jpeg"}],"twitter_card":"summary_large_image","twitter_title":"Neulo epilepsiayhteis\u00f6n villasukat!","twitter_description":"Pirjo Pihlajikko on suunnitellut epilepsiayhteis\u00f6lle villasukkamallin, jota koristavat Epilepsialiiton logosta tutuksi tulleet vihre\u00e4t liekit. Lataa villasukkien ohje maksutta pdf-muodossa yll\u00e4 olevasta linkist\u00e4 ja neulo oma sukkapari.","twitter_image":"https:\/\/www.epilepsia.fi\/kauppa\/wp-content\/uploads\/sites\/4\/2023\/08\/epilepsiayhteiso_villasukat_2.jpg","twitter_misc":{"Arvioitu lukuaika":"1 minuutti"},"schema":{"@context":"https:\/\/schema.org","@graph":[{"@type":"WebPage","@id":"https:\/\/www.epilepsia.fi\/kauppa\/tuote\/villasukka\/","url":"https:\/\/www.epilepsia.fi\/kauppa\/tuote\/villasukka\/","name":"Epilepsiayhteis\u00f6n villasukkaohje - Epilepsialiiton kauppa","isPartOf":{"@id":"https:\/\/www.epilepsia.fi\/kauppa\/#website"},"primaryImageOfPage":{"@id":"https:\/\/www.epilepsia.fi\/kauppa\/tuote\/villasukka\/#primaryimage"},"image":{"@id":"https:\/\/www.epilepsia.fi\/kauppa\/tuote\/villasukka\/#primaryimage"},"thumbnailUrl":"https:\/\/www.epilepsia.fi\/kauppa\/wp-content\/uploads\/sites\/4\/2023\/08\/epilepsiayhteiso_villasukat.jpg","datePublished":"2023-09-11T05:27:18+00:00","dateModified":"2025-02-11T14:44:58+00:00","breadcrumb":{"@id":"https:\/\/www.epilepsia.fi\/kauppa\/tuote\/villasukka\/#breadcrumb"},"inLanguage":"fi","potentialAction":[{"@type":"ReadAction","target":["https:\/\/www.epilepsia.fi\/kauppa\/tuote\/villasukka\/"]}]},{"@type":"ImageObject","inLanguage":"fi","@id":"https:\/\/www.epilepsia.fi\/kauppa\/tuote\/villasukka\/#primaryimage","url":"https:\/\/www.epilepsia.fi\/kauppa\/wp-content\/uploads\/sites\/4\/2023\/08\/epilepsiayhteiso_villasukat.jpg","contentUrl":"https:\/\/www.epilepsia.fi\/kauppa\/wp-content\/uploads\/sites\/4\/2023\/08\/epilepsiayhteiso_villasukat.jpg","width":861,"height":1292,"caption":"Kolme paria harmaita villasukkia, joiden varteen on neulottu liekkikuvio vihre\u00e4ll\u00e4."},{"@type":"BreadcrumbList","@id":"https:\/\/www.epilepsia.fi\/kauppa\/tuote\/villasukka\/#breadcrumb","itemListElement":[{"@type":"ListItem","position":1,"name":"Etusivu","item":"https:\/\/www.epilepsia.fi\/kauppa\/"},{"@type":"ListItem","position":2,"name":"Tuotteet","item":"https:\/\/www.epilepsia.fi\/kauppa\/"},{"@type":"ListItem","position":3,"name":"Epilepsiayhteis\u00f6n villasukkaohje"}]},{"@type":"WebSite","@id":"https:\/\/www.epilepsia.fi\/kauppa\/#website","url":"https:\/\/www.epilepsia.fi\/kauppa\/","name":"Epilepsialiiton kauppa","description":"Uusi Epilepsia.fi-sivustot -sivusto","potentialAction":[{"@type":"SearchAction","target":{"@type":"EntryPoint","urlTemplate":"https:\/\/www.epilepsia.fi\/kauppa\/?s={search_term_string}"},"query-input":{"@type":"PropertyValueSpecification","valueRequired":true,"valueName":"search_term_string"}}],"inLanguage":"fi"}]}},"_links":{"self":[{"href":"https:\/\/www.epilepsia.fi\/kauppa\/wp-json\/wp\/v2\/product\/2284","targetHints":{"allow":["GET"]}}],"collection":[{"href":"https:\/\/www.epilepsia.fi\/kauppa\/wp-json\/wp\/v2\/product"}],"about":[{"href":"https:\/\/www.epilepsia.fi\/kauppa\/wp-json\/wp\/v2\/types\/product"}],"wp:featuredmedia":[{"embeddable":true,"href":"https:\/\/www.epilepsia.fi\/kauppa\/wp-json\/wp\/v2\/media\/2287"}],"wp:attachment":[{"href":"https:\/\/www.epilepsia.fi\/kauppa\/wp-json\/wp\/v2\/media?parent=2284"}],"wp:term":[{"taxonomy":"product_brand","embeddable":true,"href":"https:\/\/www.epilepsia.fi\/kauppa\/wp-json\/wp\/v2\/product_brand?post=2284"},{"taxonomy":"product_cat","embeddable":true,"href":"https:\/\/www.epilepsia.fi\/kauppa\/wp-json\/wp\/v2\/product_cat?post=2284"},{"taxonomy":"product_tag","embeddable":true,"href":"https:\/\/www.epilepsia.fi\/kauppa\/wp-json\/wp\/v2\/product_tag?post=2284"}],"curies":[{"name":"wp","href":"https:\/\/api.w.org\/{rel}","templated":true}]}}