{"id":2479,"date":"2023-11-21T16:26:00","date_gmt":"2023-11-21T14:26:00","guid":{"rendered":"https:\/\/www.epilepsia.fi\/kauppa\/?post_type=product&#038;p=2479"},"modified":"2026-04-01T13:14:08","modified_gmt":"2026-04-01T10:14:08","slug":"epilepsiaranneke-teras","status":"publish","type":"product","link":"https:\/\/www.epilepsia.fi\/kauppa\/tuote\/epilepsiaranneke-teras\/","title":{"rendered":"Epilepsiaranneke (ter\u00e4s)"},"content":{"rendered":"<p>Ranneke on valmistettu ruostumattomasta ter\u00e4ksest\u00e4. Siin\u00e4 on ankkuriketju ja papukaijalukko. Tunnus on valmistettu Kauhavalla, Purmoj\u00e4rven rannalla, hopeasepp\u00e4 Lotta Kukkolan pajassa.<\/p>\n<p>Hinta: 32,00 \u20ac. Hinta epilepsiayhdistysten j\u00e4senille: 25,00 \u20ac.<\/p>\n<p>Ranneke toimitetaan kirjepostina. Hinta sis\u00e4lt\u00e4\u00e4 postituskulut.<\/p>\n<p>Jos ostat tuotteen j\u00e4senhinnalla, tarkistamme j\u00e4senyyden toimituksen yhteydess\u00e4. Jos ostat tuotteen lahjaksi j\u00e4senelle, laita t\u00e4st\u00e4 maininta ostoksen yhteyteen kohtaan &#8221;Tilauksen kommentit&#8221;.<\/p>\n","protected":false},"excerpt":{"rendered":"<p>Ter\u00e4ksinen epilepsiaranneke. Hinta epilepsiayhdistysten j\u00e4senille: 25,00 \u20ac ja ei j\u00e4senille 32,00 \u20ac.<\/p>\n<p>Tarkistamme j\u00e4senyyden toimituksen yhteydess\u00e4.<\/p>\n","protected":false},"featured_media":2521,"template":"","meta":{"_acf_changed":false},"product_brand":[],"product_cat":[16],"product_tag":[],"class_list":{"0":"post-2479","1":"product","2":"type-product","3":"status-publish","4":"has-post-thumbnail","6":"product_cat-tunnukset-epilepsiaa-sairastaville","8":"first","9":"instock","10":"taxable","11":"shipping-taxable","12":"purchasable","13":"product-type-variable"},"acf":[],"yoast_head":"<!-- This site is optimized with the Yoast SEO plugin v27.5 - https:\/\/yoast.com\/product\/yoast-seo-wordpress\/ -->\n<title>Epilepsiaranneke (ter\u00e4s) - Epilepsialiiton kauppa<\/title>\n<meta name=\"robots\" content=\"index, follow, max-snippet:-1, max-image-preview:large, max-video-preview:-1\" \/>\n<link rel=\"canonical\" href=\"https:\/\/www.epilepsia.fi\/kauppa\/tuote\/epilepsiaranneke-teras\/\" \/>\n<meta property=\"og:locale\" content=\"fi_FI\" \/>\n<meta property=\"og:type\" content=\"article\" \/>\n<meta property=\"og:title\" content=\"Epilepsiaranneke (ter\u00e4s) - Epilepsialiiton kauppa\" \/>\n<meta property=\"og:description\" content=\"Ter\u00e4ksinen epilepsiaranneke. Hinta epilepsiayhdistysten j\u00e4senille: 25,00 \u20ac ja ei j\u00e4senille 32,00 \u20ac.  Tarkistamme j\u00e4senyyden toimituksen yhteydess\u00e4.\" \/>\n<meta property=\"og:url\" content=\"https:\/\/www.epilepsia.fi\/kauppa\/tuote\/epilepsiaranneke-teras\/\" \/>\n<meta property=\"og:site_name\" content=\"Epilepsialiiton kauppa\" \/>\n<meta property=\"article:modified_time\" content=\"2026-04-01T10:14:08+00:00\" \/>\n<meta property=\"og:image\" content=\"https:\/\/www.epilepsia.fi\/kauppa\/wp-content\/uploads\/sites\/4\/2023\/11\/ranneke_teras1.jpg\" \/>\n\t<meta property=\"og:image:width\" content=\"512\" \/>\n\t<meta property=\"og:image:height\" content=\"768\" \/>\n\t<meta property=\"og:image:type\" content=\"image\/jpeg\" \/>\n<meta name=\"twitter:card\" content=\"summary_large_image\" \/>\n<meta name=\"twitter:label1\" content=\"Arvioitu lukuaika\" \/>\n\t<meta name=\"twitter:data1\" content=\"1 minuutti\" \/>\n<script type=\"application\/ld+json\" class=\"yoast-schema-graph\">{\"@context\":\"https:\\\/\\\/schema.org\",\"@graph\":[{\"@type\":\"WebPage\",\"@id\":\"https:\\\/\\\/www.epilepsia.fi\\\/kauppa\\\/tuote\\\/epilepsiaranneke-teras\\\/\",\"url\":\"https:\\\/\\\/www.epilepsia.fi\\\/kauppa\\\/tuote\\\/epilepsiaranneke-teras\\\/\",\"name\":\"Epilepsiaranneke (ter\u00e4s) - Epilepsialiiton kauppa\",\"isPartOf\":{\"@id\":\"https:\\\/\\\/www.epilepsia.fi\\\/kauppa\\\/#website\"},\"primaryImageOfPage\":{\"@id\":\"https:\\\/\\\/www.epilepsia.fi\\\/kauppa\\\/tuote\\\/epilepsiaranneke-teras\\\/#primaryimage\"},\"image\":{\"@id\":\"https:\\\/\\\/www.epilepsia.fi\\\/kauppa\\\/tuote\\\/epilepsiaranneke-teras\\\/#primaryimage\"},\"thumbnailUrl\":\"https:\\\/\\\/www.epilepsia.fi\\\/kauppa\\\/wp-content\\\/uploads\\\/sites\\\/4\\\/2023\\\/11\\\/ranneke_teras1.jpg\",\"datePublished\":\"2023-11-21T14:26:00+00:00\",\"dateModified\":\"2026-04-01T10:14:08+00:00\",\"breadcrumb\":{\"@id\":\"https:\\\/\\\/www.epilepsia.fi\\\/kauppa\\\/tuote\\\/epilepsiaranneke-teras\\\/#breadcrumb\"},\"inLanguage\":\"fi\",\"potentialAction\":[{\"@type\":\"ReadAction\",\"target\":[\"https:\\\/\\\/www.epilepsia.fi\\\/kauppa\\\/tuote\\\/epilepsiaranneke-teras\\\/\"]}]},{\"@type\":\"ImageObject\",\"inLanguage\":\"fi\",\"@id\":\"https:\\\/\\\/www.epilepsia.fi\\\/kauppa\\\/tuote\\\/epilepsiaranneke-teras\\\/#primaryimage\",\"url\":\"https:\\\/\\\/www.epilepsia.fi\\\/kauppa\\\/wp-content\\\/uploads\\\/sites\\\/4\\\/2023\\\/11\\\/ranneke_teras1.jpg\",\"contentUrl\":\"https:\\\/\\\/www.epilepsia.fi\\\/kauppa\\\/wp-content\\\/uploads\\\/sites\\\/4\\\/2023\\\/11\\\/ranneke_teras1.jpg\",\"width\":512,\"height\":768,\"caption\":\"Ter\u00e4ksinen epilepsiaranneke.\"},{\"@type\":\"BreadcrumbList\",\"@id\":\"https:\\\/\\\/www.epilepsia.fi\\\/kauppa\\\/tuote\\\/epilepsiaranneke-teras\\\/#breadcrumb\",\"itemListElement\":[{\"@type\":\"ListItem\",\"position\":1,\"name\":\"Etusivu\",\"item\":\"https:\\\/\\\/www.epilepsia.fi\\\/kauppa\\\/\"},{\"@type\":\"ListItem\",\"position\":2,\"name\":\"Tuotteet\",\"item\":\"https:\\\/\\\/www.epilepsia.fi\\\/kauppa\\\/\"},{\"@type\":\"ListItem\",\"position\":3,\"name\":\"Epilepsiaranneke (ter\u00e4s)\"}]},{\"@type\":\"WebSite\",\"@id\":\"https:\\\/\\\/www.epilepsia.fi\\\/kauppa\\\/#website\",\"url\":\"https:\\\/\\\/www.epilepsia.fi\\\/kauppa\\\/\",\"name\":\"Epilepsialiiton kauppa\",\"description\":\"Uusi Epilepsia.fi-sivustot -sivusto\",\"potentialAction\":[{\"@type\":\"SearchAction\",\"target\":{\"@type\":\"EntryPoint\",\"urlTemplate\":\"https:\\\/\\\/www.epilepsia.fi\\\/kauppa\\\/?s={search_term_string}\"},\"query-input\":{\"@type\":\"PropertyValueSpecification\",\"valueRequired\":true,\"valueName\":\"search_term_string\"}}],\"inLanguage\":\"fi\"}]}<\/script>\n<!-- \/ Yoast SEO plugin. -->","yoast_head_json":{"title":"Epilepsiaranneke (ter\u00e4s) - Epilepsialiiton kauppa","robots":{"index":"index","follow":"follow","max-snippet":"max-snippet:-1","max-image-preview":"max-image-preview:large","max-video-preview":"max-video-preview:-1"},"canonical":"https:\/\/www.epilepsia.fi\/kauppa\/tuote\/epilepsiaranneke-teras\/","og_locale":"fi_FI","og_type":"article","og_title":"Epilepsiaranneke (ter\u00e4s) - Epilepsialiiton kauppa","og_description":"Ter\u00e4ksinen epilepsiaranneke. Hinta epilepsiayhdistysten j\u00e4senille: 25,00 \u20ac ja ei j\u00e4senille 32,00 \u20ac.  Tarkistamme j\u00e4senyyden toimituksen yhteydess\u00e4.","og_url":"https:\/\/www.epilepsia.fi\/kauppa\/tuote\/epilepsiaranneke-teras\/","og_site_name":"Epilepsialiiton kauppa","article_modified_time":"2026-04-01T10:14:08+00:00","og_image":[{"width":512,"height":768,"url":"https:\/\/www.epilepsia.fi\/kauppa\/wp-content\/uploads\/sites\/4\/2023\/11\/ranneke_teras1.jpg","type":"image\/jpeg"}],"twitter_card":"summary_large_image","twitter_misc":{"Arvioitu lukuaika":"1 minuutti"},"schema":{"@context":"https:\/\/schema.org","@graph":[{"@type":"WebPage","@id":"https:\/\/www.epilepsia.fi\/kauppa\/tuote\/epilepsiaranneke-teras\/","url":"https:\/\/www.epilepsia.fi\/kauppa\/tuote\/epilepsiaranneke-teras\/","name":"Epilepsiaranneke (ter\u00e4s) - Epilepsialiiton kauppa","isPartOf":{"@id":"https:\/\/www.epilepsia.fi\/kauppa\/#website"},"primaryImageOfPage":{"@id":"https:\/\/www.epilepsia.fi\/kauppa\/tuote\/epilepsiaranneke-teras\/#primaryimage"},"image":{"@id":"https:\/\/www.epilepsia.fi\/kauppa\/tuote\/epilepsiaranneke-teras\/#primaryimage"},"thumbnailUrl":"https:\/\/www.epilepsia.fi\/kauppa\/wp-content\/uploads\/sites\/4\/2023\/11\/ranneke_teras1.jpg","datePublished":"2023-11-21T14:26:00+00:00","dateModified":"2026-04-01T10:14:08+00:00","breadcrumb":{"@id":"https:\/\/www.epilepsia.fi\/kauppa\/tuote\/epilepsiaranneke-teras\/#breadcrumb"},"inLanguage":"fi","potentialAction":[{"@type":"ReadAction","target":["https:\/\/www.epilepsia.fi\/kauppa\/tuote\/epilepsiaranneke-teras\/"]}]},{"@type":"ImageObject","inLanguage":"fi","@id":"https:\/\/www.epilepsia.fi\/kauppa\/tuote\/epilepsiaranneke-teras\/#primaryimage","url":"https:\/\/www.epilepsia.fi\/kauppa\/wp-content\/uploads\/sites\/4\/2023\/11\/ranneke_teras1.jpg","contentUrl":"https:\/\/www.epilepsia.fi\/kauppa\/wp-content\/uploads\/sites\/4\/2023\/11\/ranneke_teras1.jpg","width":512,"height":768,"caption":"Ter\u00e4ksinen epilepsiaranneke."},{"@type":"BreadcrumbList","@id":"https:\/\/www.epilepsia.fi\/kauppa\/tuote\/epilepsiaranneke-teras\/#breadcrumb","itemListElement":[{"@type":"ListItem","position":1,"name":"Etusivu","item":"https:\/\/www.epilepsia.fi\/kauppa\/"},{"@type":"ListItem","position":2,"name":"Tuotteet","item":"https:\/\/www.epilepsia.fi\/kauppa\/"},{"@type":"ListItem","position":3,"name":"Epilepsiaranneke (ter\u00e4s)"}]},{"@type":"WebSite","@id":"https:\/\/www.epilepsia.fi\/kauppa\/#website","url":"https:\/\/www.epilepsia.fi\/kauppa\/","name":"Epilepsialiiton kauppa","description":"Uusi Epilepsia.fi-sivustot -sivusto","potentialAction":[{"@type":"SearchAction","target":{"@type":"EntryPoint","urlTemplate":"https:\/\/www.epilepsia.fi\/kauppa\/?s={search_term_string}"},"query-input":{"@type":"PropertyValueSpecification","valueRequired":true,"valueName":"search_term_string"}}],"inLanguage":"fi"}]}},"_links":{"self":[{"href":"https:\/\/www.epilepsia.fi\/kauppa\/wp-json\/wp\/v2\/product\/2479","targetHints":{"allow":["GET"]}}],"collection":[{"href":"https:\/\/www.epilepsia.fi\/kauppa\/wp-json\/wp\/v2\/product"}],"about":[{"href":"https:\/\/www.epilepsia.fi\/kauppa\/wp-json\/wp\/v2\/types\/product"}],"wp:featuredmedia":[{"embeddable":true,"href":"https:\/\/www.epilepsia.fi\/kauppa\/wp-json\/wp\/v2\/media\/2521"}],"wp:attachment":[{"href":"https:\/\/www.epilepsia.fi\/kauppa\/wp-json\/wp\/v2\/media?parent=2479"}],"wp:term":[{"taxonomy":"product_brand","embeddable":true,"href":"https:\/\/www.epilepsia.fi\/kauppa\/wp-json\/wp\/v2\/product_brand?post=2479"},{"taxonomy":"product_cat","embeddable":true,"href":"https:\/\/www.epilepsia.fi\/kauppa\/wp-json\/wp\/v2\/product_cat?post=2479"},{"taxonomy":"product_tag","embeddable":true,"href":"https:\/\/www.epilepsia.fi\/kauppa\/wp-json\/wp\/v2\/product_tag?post=2479"}],"curies":[{"name":"wp","href":"https:\/\/api.w.org\/{rel}","templated":true}]}}