{"id":3419,"date":"2025-01-21T14:48:07","date_gmt":"2025-01-21T12:48:07","guid":{"rendered":"https:\/\/www.epilepsia.fi\/kauppa\/?post_type=product&#038;p=3419"},"modified":"2025-05-20T10:18:46","modified_gmt":"2025-05-20T07:18:46","slug":"epiclubi-kortti","status":"publish","type":"product","link":"https:\/\/www.epilepsia.fi\/kauppa\/tuote\/epiclubi-kortti\/","title":{"rendered":"Nuorten verkkoyhteis\u00f6 Epiclubin kortti"},"content":{"rendered":"<p>Kortti on tarkoitettu erityisesti ammattilaisille, jotka kohtaavat ty\u00f6ss\u00e4\u00e4n 13\u201318 -vuotiaita epilepsiaa sairastavia nuoria. Sen avulla voit kannustaa nuoria mukaan vertaistuen pariin. Epiclubi on Discordissa toimiva <a href=\"https:\/\/www.epilepsia.fi\/tukea-ja-toimintaa\/vertaistuki\/nuorten-epiclubi-discordissa\/\">nuorten oma verkkoyhteis\u00f6.<\/a><\/p>\n<p>Kortin koko on 110 x 110 mm.<\/p>\n","protected":false},"excerpt":{"rendered":"<p>Kortti on tarkoitettu erityisesti ammattilaisille, jotka kohtaavat ty\u00f6ss\u00e4\u00e4n 13\u201318 -vuotiaita epilepsiaa sairastavia nuoria.<\/p>\n<p>Sen avulla voit kannustaa nuoria mukaan vertaistuen pariin. Epiclubi on Discordissa toimiva <a href=\"https:\/\/www.epilepsia.fi\/tukea-ja-toimintaa\/vertaistuki\/nuorten-epiclubi-discordissa\/\">nuorten oma verkkoyhteis\u00f6.<\/a><\/p>\n","protected":false},"featured_media":3420,"template":"","meta":{"_acf_changed":false},"product_brand":[],"product_cat":[17],"product_tag":[],"class_list":{"0":"post-3419","1":"product","2":"type-product","3":"status-publish","4":"has-post-thumbnail","6":"product_cat-oppaat-kasikirjat","8":"first","9":"instock","10":"taxable","11":"shipping-taxable","12":"purchasable","13":"product-type-simple"},"acf":[],"yoast_head":"<!-- This site is optimized with the Yoast SEO plugin v27.5 - https:\/\/yoast.com\/product\/yoast-seo-wordpress\/ -->\n<title>Nuorten verkkoyhteis\u00f6 Epiclubin kortti - Epilepsialiiton kauppa<\/title>\n<meta name=\"robots\" content=\"index, follow, max-snippet:-1, max-image-preview:large, max-video-preview:-1\" \/>\n<link rel=\"canonical\" href=\"https:\/\/www.epilepsia.fi\/kauppa\/tuote\/epiclubi-kortti\/\" \/>\n<meta property=\"og:locale\" content=\"fi_FI\" \/>\n<meta property=\"og:type\" content=\"article\" \/>\n<meta property=\"og:title\" content=\"Nuorten verkkoyhteis\u00f6 Epiclubin kortti - Epilepsialiiton kauppa\" \/>\n<meta property=\"og:description\" content=\"Kortti on tarkoitettu erityisesti ammattilaisille, jotka kohtaavat ty\u00f6ss\u00e4\u00e4n 13\u201318 -vuotiaita epilepsiaa sairastavia nuoria.  Sen avulla voit kannustaa nuoria mukaan vertaistuen pariin. Epiclubi on Discordissa toimiva nuorten oma verkkoyhteis\u00f6.\" \/>\n<meta property=\"og:url\" content=\"https:\/\/www.epilepsia.fi\/kauppa\/tuote\/epiclubi-kortti\/\" \/>\n<meta property=\"og:site_name\" content=\"Epilepsialiiton kauppa\" \/>\n<meta property=\"article:modified_time\" content=\"2025-05-20T07:18:46+00:00\" \/>\n<meta property=\"og:image\" content=\"https:\/\/www.epilepsia.fi\/kauppa\/wp-content\/uploads\/sites\/4\/2025\/01\/Epiclubi-kortti-etuosa.png\" \/>\n\t<meta property=\"og:image:width\" content=\"724\" \/>\n\t<meta property=\"og:image:height\" content=\"721\" \/>\n\t<meta property=\"og:image:type\" content=\"image\/png\" \/>\n<meta name=\"twitter:card\" content=\"summary_large_image\" \/>\n<meta name=\"twitter:label1\" content=\"Arvioitu lukuaika\" \/>\n\t<meta name=\"twitter:data1\" content=\"1 minuutti\" \/>\n<script type=\"application\/ld+json\" class=\"yoast-schema-graph\">{\"@context\":\"https:\\\/\\\/schema.org\",\"@graph\":[{\"@type\":\"WebPage\",\"@id\":\"https:\\\/\\\/www.epilepsia.fi\\\/kauppa\\\/tuote\\\/epiclubi-kortti\\\/\",\"url\":\"https:\\\/\\\/www.epilepsia.fi\\\/kauppa\\\/tuote\\\/epiclubi-kortti\\\/\",\"name\":\"Nuorten verkkoyhteis\u00f6 Epiclubin kortti - Epilepsialiiton kauppa\",\"isPartOf\":{\"@id\":\"https:\\\/\\\/www.epilepsia.fi\\\/kauppa\\\/#website\"},\"primaryImageOfPage\":{\"@id\":\"https:\\\/\\\/www.epilepsia.fi\\\/kauppa\\\/tuote\\\/epiclubi-kortti\\\/#primaryimage\"},\"image\":{\"@id\":\"https:\\\/\\\/www.epilepsia.fi\\\/kauppa\\\/tuote\\\/epiclubi-kortti\\\/#primaryimage\"},\"thumbnailUrl\":\"https:\\\/\\\/www.epilepsia.fi\\\/kauppa\\\/wp-content\\\/uploads\\\/sites\\\/4\\\/2025\\\/01\\\/Epiclubi-kortti-etuosa.png\",\"datePublished\":\"2025-01-21T12:48:07+00:00\",\"dateModified\":\"2025-05-20T07:18:46+00:00\",\"breadcrumb\":{\"@id\":\"https:\\\/\\\/www.epilepsia.fi\\\/kauppa\\\/tuote\\\/epiclubi-kortti\\\/#breadcrumb\"},\"inLanguage\":\"fi\",\"potentialAction\":[{\"@type\":\"ReadAction\",\"target\":[\"https:\\\/\\\/www.epilepsia.fi\\\/kauppa\\\/tuote\\\/epiclubi-kortti\\\/\"]}]},{\"@type\":\"ImageObject\",\"inLanguage\":\"fi\",\"@id\":\"https:\\\/\\\/www.epilepsia.fi\\\/kauppa\\\/tuote\\\/epiclubi-kortti\\\/#primaryimage\",\"url\":\"https:\\\/\\\/www.epilepsia.fi\\\/kauppa\\\/wp-content\\\/uploads\\\/sites\\\/4\\\/2025\\\/01\\\/Epiclubi-kortti-etuosa.png\",\"contentUrl\":\"https:\\\/\\\/www.epilepsia.fi\\\/kauppa\\\/wp-content\\\/uploads\\\/sites\\\/4\\\/2025\\\/01\\\/Epiclubi-kortti-etuosa.png\",\"width\":724,\"height\":721,\"caption\":\"Epiclubi -kortin etuosa, jossa teksti \\\"Epiclubi, nuorten verkkoyhteis\u00f6\\\" sek\u00e4 alla Discord-sovelluksen logo. Tekstin p\u00e4\u00e4ll\u00e4 seisoo aurinkolaseihin pukeutunut vihre\u00e4 piirroshahmo, joka hymyilee.\"},{\"@type\":\"BreadcrumbList\",\"@id\":\"https:\\\/\\\/www.epilepsia.fi\\\/kauppa\\\/tuote\\\/epiclubi-kortti\\\/#breadcrumb\",\"itemListElement\":[{\"@type\":\"ListItem\",\"position\":1,\"name\":\"Etusivu\",\"item\":\"https:\\\/\\\/www.epilepsia.fi\\\/kauppa\\\/\"},{\"@type\":\"ListItem\",\"position\":2,\"name\":\"Tuotteet\",\"item\":\"https:\\\/\\\/www.epilepsia.fi\\\/kauppa\\\/\"},{\"@type\":\"ListItem\",\"position\":3,\"name\":\"Nuorten verkkoyhteis\u00f6 Epiclubin kortti\"}]},{\"@type\":\"WebSite\",\"@id\":\"https:\\\/\\\/www.epilepsia.fi\\\/kauppa\\\/#website\",\"url\":\"https:\\\/\\\/www.epilepsia.fi\\\/kauppa\\\/\",\"name\":\"Epilepsialiiton kauppa\",\"description\":\"Uusi Epilepsia.fi-sivustot -sivusto\",\"potentialAction\":[{\"@type\":\"SearchAction\",\"target\":{\"@type\":\"EntryPoint\",\"urlTemplate\":\"https:\\\/\\\/www.epilepsia.fi\\\/kauppa\\\/?s={search_term_string}\"},\"query-input\":{\"@type\":\"PropertyValueSpecification\",\"valueRequired\":true,\"valueName\":\"search_term_string\"}}],\"inLanguage\":\"fi\"}]}<\/script>\n<!-- \/ Yoast SEO plugin. -->","yoast_head_json":{"title":"Nuorten verkkoyhteis\u00f6 Epiclubin kortti - Epilepsialiiton kauppa","robots":{"index":"index","follow":"follow","max-snippet":"max-snippet:-1","max-image-preview":"max-image-preview:large","max-video-preview":"max-video-preview:-1"},"canonical":"https:\/\/www.epilepsia.fi\/kauppa\/tuote\/epiclubi-kortti\/","og_locale":"fi_FI","og_type":"article","og_title":"Nuorten verkkoyhteis\u00f6 Epiclubin kortti - Epilepsialiiton kauppa","og_description":"Kortti on tarkoitettu erityisesti ammattilaisille, jotka kohtaavat ty\u00f6ss\u00e4\u00e4n 13\u201318 -vuotiaita epilepsiaa sairastavia nuoria.  Sen avulla voit kannustaa nuoria mukaan vertaistuen pariin. Epiclubi on Discordissa toimiva nuorten oma verkkoyhteis\u00f6.","og_url":"https:\/\/www.epilepsia.fi\/kauppa\/tuote\/epiclubi-kortti\/","og_site_name":"Epilepsialiiton kauppa","article_modified_time":"2025-05-20T07:18:46+00:00","og_image":[{"width":724,"height":721,"url":"https:\/\/www.epilepsia.fi\/kauppa\/wp-content\/uploads\/sites\/4\/2025\/01\/Epiclubi-kortti-etuosa.png","type":"image\/png"}],"twitter_card":"summary_large_image","twitter_misc":{"Arvioitu lukuaika":"1 minuutti"},"schema":{"@context":"https:\/\/schema.org","@graph":[{"@type":"WebPage","@id":"https:\/\/www.epilepsia.fi\/kauppa\/tuote\/epiclubi-kortti\/","url":"https:\/\/www.epilepsia.fi\/kauppa\/tuote\/epiclubi-kortti\/","name":"Nuorten verkkoyhteis\u00f6 Epiclubin kortti - Epilepsialiiton kauppa","isPartOf":{"@id":"https:\/\/www.epilepsia.fi\/kauppa\/#website"},"primaryImageOfPage":{"@id":"https:\/\/www.epilepsia.fi\/kauppa\/tuote\/epiclubi-kortti\/#primaryimage"},"image":{"@id":"https:\/\/www.epilepsia.fi\/kauppa\/tuote\/epiclubi-kortti\/#primaryimage"},"thumbnailUrl":"https:\/\/www.epilepsia.fi\/kauppa\/wp-content\/uploads\/sites\/4\/2025\/01\/Epiclubi-kortti-etuosa.png","datePublished":"2025-01-21T12:48:07+00:00","dateModified":"2025-05-20T07:18:46+00:00","breadcrumb":{"@id":"https:\/\/www.epilepsia.fi\/kauppa\/tuote\/epiclubi-kortti\/#breadcrumb"},"inLanguage":"fi","potentialAction":[{"@type":"ReadAction","target":["https:\/\/www.epilepsia.fi\/kauppa\/tuote\/epiclubi-kortti\/"]}]},{"@type":"ImageObject","inLanguage":"fi","@id":"https:\/\/www.epilepsia.fi\/kauppa\/tuote\/epiclubi-kortti\/#primaryimage","url":"https:\/\/www.epilepsia.fi\/kauppa\/wp-content\/uploads\/sites\/4\/2025\/01\/Epiclubi-kortti-etuosa.png","contentUrl":"https:\/\/www.epilepsia.fi\/kauppa\/wp-content\/uploads\/sites\/4\/2025\/01\/Epiclubi-kortti-etuosa.png","width":724,"height":721,"caption":"Epiclubi -kortin etuosa, jossa teksti \"Epiclubi, nuorten verkkoyhteis\u00f6\" sek\u00e4 alla Discord-sovelluksen logo. Tekstin p\u00e4\u00e4ll\u00e4 seisoo aurinkolaseihin pukeutunut vihre\u00e4 piirroshahmo, joka hymyilee."},{"@type":"BreadcrumbList","@id":"https:\/\/www.epilepsia.fi\/kauppa\/tuote\/epiclubi-kortti\/#breadcrumb","itemListElement":[{"@type":"ListItem","position":1,"name":"Etusivu","item":"https:\/\/www.epilepsia.fi\/kauppa\/"},{"@type":"ListItem","position":2,"name":"Tuotteet","item":"https:\/\/www.epilepsia.fi\/kauppa\/"},{"@type":"ListItem","position":3,"name":"Nuorten verkkoyhteis\u00f6 Epiclubin kortti"}]},{"@type":"WebSite","@id":"https:\/\/www.epilepsia.fi\/kauppa\/#website","url":"https:\/\/www.epilepsia.fi\/kauppa\/","name":"Epilepsialiiton kauppa","description":"Uusi Epilepsia.fi-sivustot -sivusto","potentialAction":[{"@type":"SearchAction","target":{"@type":"EntryPoint","urlTemplate":"https:\/\/www.epilepsia.fi\/kauppa\/?s={search_term_string}"},"query-input":{"@type":"PropertyValueSpecification","valueRequired":true,"valueName":"search_term_string"}}],"inLanguage":"fi"}]}},"_links":{"self":[{"href":"https:\/\/www.epilepsia.fi\/kauppa\/wp-json\/wp\/v2\/product\/3419","targetHints":{"allow":["GET"]}}],"collection":[{"href":"https:\/\/www.epilepsia.fi\/kauppa\/wp-json\/wp\/v2\/product"}],"about":[{"href":"https:\/\/www.epilepsia.fi\/kauppa\/wp-json\/wp\/v2\/types\/product"}],"wp:featuredmedia":[{"embeddable":true,"href":"https:\/\/www.epilepsia.fi\/kauppa\/wp-json\/wp\/v2\/media\/3420"}],"wp:attachment":[{"href":"https:\/\/www.epilepsia.fi\/kauppa\/wp-json\/wp\/v2\/media?parent=3419"}],"wp:term":[{"taxonomy":"product_brand","embeddable":true,"href":"https:\/\/www.epilepsia.fi\/kauppa\/wp-json\/wp\/v2\/product_brand?post=3419"},{"taxonomy":"product_cat","embeddable":true,"href":"https:\/\/www.epilepsia.fi\/kauppa\/wp-json\/wp\/v2\/product_cat?post=3419"},{"taxonomy":"product_tag","embeddable":true,"href":"https:\/\/www.epilepsia.fi\/kauppa\/wp-json\/wp\/v2\/product_tag?post=3419"}],"curies":[{"name":"wp","href":"https:\/\/api.w.org\/{rel}","templated":true}]}}