{"id":3531,"date":"2025-03-14T14:33:35","date_gmt":"2025-03-14T12:33:35","guid":{"rendered":"https:\/\/www.epilepsia.fi\/kauppa\/?post_type=product&#038;p=3531"},"modified":"2025-03-17T14:07:04","modified_gmt":"2025-03-17T12:07:04","slug":"epilepsialiiton-suruadressi","status":"publish","type":"product","link":"https:\/\/www.epilepsia.fi\/kauppa\/tuote\/epilepsialiiton-suruadressi\/","title":{"rendered":"Suruadressi"},"content":{"rendered":"<p>Epilepsialiiton kaunis suruadressi tarjoaa my\u00f6t\u00e4tunnon ja osanoton omaisille l\u00e4heisen poismenon hetkell\u00e4. Suruadressin kansikuvan on suunnitellut kuvataiteilija Tuula Hakkarainen. Adressissa on lohdullinen runo sek\u00e4 tilaa henkil\u00f6kohtaiselle viestille.<\/p>\n<ul>\n<li>Koko: A4, avattava korttimalli<\/li>\n<li>Sis\u00e4lt\u00e4\u00e4 yhden sis\u00e4lehden, muistov\u00e4rssyn, yksinkertaisen valkoisen ny\u00f6rin sek\u00e4 kirjekuoren postitukseen<\/li>\n<li>Toimitus postitse, postimaksu sis\u00e4ltyy hintaan<\/li>\n<\/ul>\n<p>Ostamalla t\u00e4m\u00e4n adressin tuet Epilepsialiiton ty\u00f6t\u00e4 epilepsiaa sairastavien ja heid\u00e4n l\u00e4heistens\u00e4 hyv\u00e4ksi.<\/p>\n","protected":false},"excerpt":{"rendered":"<p>Adressi sis\u00e4lt\u00e4\u00e4 lohdullisen muistov\u00e4rssyn ja tilaa omille sanoille. Adressin koko on A4.<\/p>\n<p>Ostamalla adressin tuet Epilepsialiiton ty\u00f6t\u00e4 epilepsiaa sairastavien ja heid\u00e4n l\u00e4heistens\u00e4 hyv\u00e4ksi.<\/p>\n<p>&nbsp;<\/p>\n","protected":false},"featured_media":3532,"template":"","meta":{"_acf_changed":false},"product_brand":[],"product_cat":[15],"product_tag":[],"class_list":{"0":"post-3531","1":"product","2":"type-product","3":"status-publish","4":"has-post-thumbnail","6":"product_cat-muut-tuotteet","8":"first","9":"instock","10":"taxable","11":"shipping-taxable","12":"purchasable","13":"product-type-simple"},"acf":[],"yoast_head":"<!-- This site is optimized with the Yoast SEO plugin v27.4 - https:\/\/yoast.com\/product\/yoast-seo-wordpress\/ -->\n<title>Suruadressi - Epilepsialiiton kauppa<\/title>\n<meta name=\"robots\" content=\"index, follow, max-snippet:-1, max-image-preview:large, max-video-preview:-1\" \/>\n<link rel=\"canonical\" href=\"https:\/\/www.epilepsia.fi\/kauppa\/tuote\/epilepsialiiton-suruadressi\/\" \/>\n<meta property=\"og:locale\" content=\"fi_FI\" \/>\n<meta property=\"og:type\" content=\"article\" \/>\n<meta property=\"og:title\" content=\"Suruadressi - Epilepsialiiton kauppa\" \/>\n<meta property=\"og:description\" content=\"Adressi sis\u00e4lt\u00e4\u00e4 lohdullisen muistov\u00e4rssyn ja tilaa omille sanoille. Adressin koko on A4.  Ostamalla adressin tuet Epilepsialiiton ty\u00f6t\u00e4 epilepsiaa sairastavien ja heid\u00e4n l\u00e4heistens\u00e4 hyv\u00e4ksi.  &nbsp;\" \/>\n<meta property=\"og:url\" content=\"https:\/\/www.epilepsia.fi\/kauppa\/tuote\/epilepsialiiton-suruadressi\/\" \/>\n<meta property=\"og:site_name\" content=\"Epilepsialiiton kauppa\" \/>\n<meta property=\"article:modified_time\" content=\"2025-03-17T12:07:04+00:00\" \/>\n<meta property=\"og:image\" content=\"https:\/\/www.epilepsia.fi\/kauppa\/wp-content\/uploads\/sites\/4\/2025\/03\/adressi_kansi.jpg\" \/>\n\t<meta property=\"og:image:width\" content=\"512\" \/>\n\t<meta property=\"og:image:height\" content=\"768\" \/>\n\t<meta property=\"og:image:type\" content=\"image\/jpeg\" \/>\n<meta name=\"twitter:card\" content=\"summary_large_image\" \/>\n<meta name=\"twitter:label1\" content=\"Arvioitu lukuaika\" \/>\n\t<meta name=\"twitter:data1\" content=\"1 minuutti\" \/>\n<script type=\"application\/ld+json\" class=\"yoast-schema-graph\">{\"@context\":\"https:\\\/\\\/schema.org\",\"@graph\":[{\"@type\":\"WebPage\",\"@id\":\"https:\\\/\\\/www.epilepsia.fi\\\/kauppa\\\/tuote\\\/epilepsialiiton-suruadressi\\\/\",\"url\":\"https:\\\/\\\/www.epilepsia.fi\\\/kauppa\\\/tuote\\\/epilepsialiiton-suruadressi\\\/\",\"name\":\"Suruadressi - Epilepsialiiton kauppa\",\"isPartOf\":{\"@id\":\"https:\\\/\\\/www.epilepsia.fi\\\/kauppa\\\/#website\"},\"primaryImageOfPage\":{\"@id\":\"https:\\\/\\\/www.epilepsia.fi\\\/kauppa\\\/tuote\\\/epilepsialiiton-suruadressi\\\/#primaryimage\"},\"image\":{\"@id\":\"https:\\\/\\\/www.epilepsia.fi\\\/kauppa\\\/tuote\\\/epilepsialiiton-suruadressi\\\/#primaryimage\"},\"thumbnailUrl\":\"https:\\\/\\\/www.epilepsia.fi\\\/kauppa\\\/wp-content\\\/uploads\\\/sites\\\/4\\\/2025\\\/03\\\/adressi_kansi.jpg\",\"datePublished\":\"2025-03-14T12:33:35+00:00\",\"dateModified\":\"2025-03-17T12:07:04+00:00\",\"breadcrumb\":{\"@id\":\"https:\\\/\\\/www.epilepsia.fi\\\/kauppa\\\/tuote\\\/epilepsialiiton-suruadressi\\\/#breadcrumb\"},\"inLanguage\":\"fi\",\"potentialAction\":[{\"@type\":\"ReadAction\",\"target\":[\"https:\\\/\\\/www.epilepsia.fi\\\/kauppa\\\/tuote\\\/epilepsialiiton-suruadressi\\\/\"]}]},{\"@type\":\"ImageObject\",\"inLanguage\":\"fi\",\"@id\":\"https:\\\/\\\/www.epilepsia.fi\\\/kauppa\\\/tuote\\\/epilepsialiiton-suruadressi\\\/#primaryimage\",\"url\":\"https:\\\/\\\/www.epilepsia.fi\\\/kauppa\\\/wp-content\\\/uploads\\\/sites\\\/4\\\/2025\\\/03\\\/adressi_kansi.jpg\",\"contentUrl\":\"https:\\\/\\\/www.epilepsia.fi\\\/kauppa\\\/wp-content\\\/uploads\\\/sites\\\/4\\\/2025\\\/03\\\/adressi_kansi.jpg\",\"width\":512,\"height\":768},{\"@type\":\"BreadcrumbList\",\"@id\":\"https:\\\/\\\/www.epilepsia.fi\\\/kauppa\\\/tuote\\\/epilepsialiiton-suruadressi\\\/#breadcrumb\",\"itemListElement\":[{\"@type\":\"ListItem\",\"position\":1,\"name\":\"Etusivu\",\"item\":\"https:\\\/\\\/www.epilepsia.fi\\\/kauppa\\\/\"},{\"@type\":\"ListItem\",\"position\":2,\"name\":\"Tuotteet\",\"item\":\"https:\\\/\\\/www.epilepsia.fi\\\/kauppa\\\/\"},{\"@type\":\"ListItem\",\"position\":3,\"name\":\"Suruadressi\"}]},{\"@type\":\"WebSite\",\"@id\":\"https:\\\/\\\/www.epilepsia.fi\\\/kauppa\\\/#website\",\"url\":\"https:\\\/\\\/www.epilepsia.fi\\\/kauppa\\\/\",\"name\":\"Epilepsialiiton kauppa\",\"description\":\"Uusi Epilepsia.fi-sivustot -sivusto\",\"potentialAction\":[{\"@type\":\"SearchAction\",\"target\":{\"@type\":\"EntryPoint\",\"urlTemplate\":\"https:\\\/\\\/www.epilepsia.fi\\\/kauppa\\\/?s={search_term_string}\"},\"query-input\":{\"@type\":\"PropertyValueSpecification\",\"valueRequired\":true,\"valueName\":\"search_term_string\"}}],\"inLanguage\":\"fi\"}]}<\/script>\n<!-- \/ Yoast SEO plugin. -->","yoast_head_json":{"title":"Suruadressi - Epilepsialiiton kauppa","robots":{"index":"index","follow":"follow","max-snippet":"max-snippet:-1","max-image-preview":"max-image-preview:large","max-video-preview":"max-video-preview:-1"},"canonical":"https:\/\/www.epilepsia.fi\/kauppa\/tuote\/epilepsialiiton-suruadressi\/","og_locale":"fi_FI","og_type":"article","og_title":"Suruadressi - Epilepsialiiton kauppa","og_description":"Adressi sis\u00e4lt\u00e4\u00e4 lohdullisen muistov\u00e4rssyn ja tilaa omille sanoille. Adressin koko on A4.  Ostamalla adressin tuet Epilepsialiiton ty\u00f6t\u00e4 epilepsiaa sairastavien ja heid\u00e4n l\u00e4heistens\u00e4 hyv\u00e4ksi.  &nbsp;","og_url":"https:\/\/www.epilepsia.fi\/kauppa\/tuote\/epilepsialiiton-suruadressi\/","og_site_name":"Epilepsialiiton kauppa","article_modified_time":"2025-03-17T12:07:04+00:00","og_image":[{"width":512,"height":768,"url":"https:\/\/www.epilepsia.fi\/kauppa\/wp-content\/uploads\/sites\/4\/2025\/03\/adressi_kansi.jpg","type":"image\/jpeg"}],"twitter_card":"summary_large_image","twitter_misc":{"Arvioitu lukuaika":"1 minuutti"},"schema":{"@context":"https:\/\/schema.org","@graph":[{"@type":"WebPage","@id":"https:\/\/www.epilepsia.fi\/kauppa\/tuote\/epilepsialiiton-suruadressi\/","url":"https:\/\/www.epilepsia.fi\/kauppa\/tuote\/epilepsialiiton-suruadressi\/","name":"Suruadressi - Epilepsialiiton kauppa","isPartOf":{"@id":"https:\/\/www.epilepsia.fi\/kauppa\/#website"},"primaryImageOfPage":{"@id":"https:\/\/www.epilepsia.fi\/kauppa\/tuote\/epilepsialiiton-suruadressi\/#primaryimage"},"image":{"@id":"https:\/\/www.epilepsia.fi\/kauppa\/tuote\/epilepsialiiton-suruadressi\/#primaryimage"},"thumbnailUrl":"https:\/\/www.epilepsia.fi\/kauppa\/wp-content\/uploads\/sites\/4\/2025\/03\/adressi_kansi.jpg","datePublished":"2025-03-14T12:33:35+00:00","dateModified":"2025-03-17T12:07:04+00:00","breadcrumb":{"@id":"https:\/\/www.epilepsia.fi\/kauppa\/tuote\/epilepsialiiton-suruadressi\/#breadcrumb"},"inLanguage":"fi","potentialAction":[{"@type":"ReadAction","target":["https:\/\/www.epilepsia.fi\/kauppa\/tuote\/epilepsialiiton-suruadressi\/"]}]},{"@type":"ImageObject","inLanguage":"fi","@id":"https:\/\/www.epilepsia.fi\/kauppa\/tuote\/epilepsialiiton-suruadressi\/#primaryimage","url":"https:\/\/www.epilepsia.fi\/kauppa\/wp-content\/uploads\/sites\/4\/2025\/03\/adressi_kansi.jpg","contentUrl":"https:\/\/www.epilepsia.fi\/kauppa\/wp-content\/uploads\/sites\/4\/2025\/03\/adressi_kansi.jpg","width":512,"height":768},{"@type":"BreadcrumbList","@id":"https:\/\/www.epilepsia.fi\/kauppa\/tuote\/epilepsialiiton-suruadressi\/#breadcrumb","itemListElement":[{"@type":"ListItem","position":1,"name":"Etusivu","item":"https:\/\/www.epilepsia.fi\/kauppa\/"},{"@type":"ListItem","position":2,"name":"Tuotteet","item":"https:\/\/www.epilepsia.fi\/kauppa\/"},{"@type":"ListItem","position":3,"name":"Suruadressi"}]},{"@type":"WebSite","@id":"https:\/\/www.epilepsia.fi\/kauppa\/#website","url":"https:\/\/www.epilepsia.fi\/kauppa\/","name":"Epilepsialiiton kauppa","description":"Uusi Epilepsia.fi-sivustot -sivusto","potentialAction":[{"@type":"SearchAction","target":{"@type":"EntryPoint","urlTemplate":"https:\/\/www.epilepsia.fi\/kauppa\/?s={search_term_string}"},"query-input":{"@type":"PropertyValueSpecification","valueRequired":true,"valueName":"search_term_string"}}],"inLanguage":"fi"}]}},"_links":{"self":[{"href":"https:\/\/www.epilepsia.fi\/kauppa\/wp-json\/wp\/v2\/product\/3531","targetHints":{"allow":["GET"]}}],"collection":[{"href":"https:\/\/www.epilepsia.fi\/kauppa\/wp-json\/wp\/v2\/product"}],"about":[{"href":"https:\/\/www.epilepsia.fi\/kauppa\/wp-json\/wp\/v2\/types\/product"}],"wp:featuredmedia":[{"embeddable":true,"href":"https:\/\/www.epilepsia.fi\/kauppa\/wp-json\/wp\/v2\/media\/3532"}],"wp:attachment":[{"href":"https:\/\/www.epilepsia.fi\/kauppa\/wp-json\/wp\/v2\/media?parent=3531"}],"wp:term":[{"taxonomy":"product_brand","embeddable":true,"href":"https:\/\/www.epilepsia.fi\/kauppa\/wp-json\/wp\/v2\/product_brand?post=3531"},{"taxonomy":"product_cat","embeddable":true,"href":"https:\/\/www.epilepsia.fi\/kauppa\/wp-json\/wp\/v2\/product_cat?post=3531"},{"taxonomy":"product_tag","embeddable":true,"href":"https:\/\/www.epilepsia.fi\/kauppa\/wp-json\/wp\/v2\/product_tag?post=3531"}],"curies":[{"name":"wp","href":"https:\/\/api.w.org\/{rel}","templated":true}]}}