{"id":409,"date":"2021-04-13T15:07:13","date_gmt":"2021-04-13T12:07:13","guid":{"rendered":"https:\/\/www.epilepsia.fi\/kauppa\/?post_type=product&#038;p=409"},"modified":"2021-04-13T15:07:33","modified_gmt":"2021-04-13T12:07:33","slug":"modifioitu-ketogeeninen-ruokavalio-esite","status":"publish","type":"product","link":"https:\/\/www.epilepsia.fi\/kauppa\/tuote\/modifioitu-ketogeeninen-ruokavalio-esite\/","title":{"rendered":"Modifioitu ketogeeninen ruokavalio -esite"},"content":{"rendered":"","protected":false},"excerpt":{"rendered":"<p>Vaikean epilepsian ruokavaliohoitoon tai muuhun l\u00e4\u00e4k\u00e4rin m\u00e4\u00e4r\u00e4\u00e4m\u00e4\u00e4n tilanteeseen k\u00e4ytetty ketogeeninen ruokavalio.<\/p>\n","protected":false},"featured_media":408,"template":"","meta":{"_acf_changed":false},"product_brand":[],"product_cat":[17],"product_tag":[],"class_list":{"0":"post-409","1":"product","2":"type-product","3":"status-publish","4":"has-post-thumbnail","6":"product_cat-oppaat-kasikirjat","8":"first","9":"instock","10":"taxable","11":"shipping-taxable","12":"purchasable","13":"product-type-simple"},"acf":[],"yoast_head":"<!-- This site is optimized with the Yoast SEO plugin v27.5 - https:\/\/yoast.com\/product\/yoast-seo-wordpress\/ -->\n<title>Modifioitu ketogeeninen ruokavalio -esite - Epilepsialiiton kauppa<\/title>\n<meta name=\"robots\" content=\"index, follow, max-snippet:-1, max-image-preview:large, max-video-preview:-1\" \/>\n<link rel=\"canonical\" href=\"https:\/\/www.epilepsia.fi\/kauppa\/tuote\/modifioitu-ketogeeninen-ruokavalio-esite\/\" \/>\n<meta property=\"og:locale\" content=\"fi_FI\" \/>\n<meta property=\"og:type\" content=\"article\" \/>\n<meta property=\"og:title\" content=\"Modifioitu ketogeeninen ruokavalio -esite - Epilepsialiiton kauppa\" \/>\n<meta property=\"og:description\" content=\"Vaikean epilepsian ruokavaliohoitoon tai muuhun l\u00e4\u00e4k\u00e4rin m\u00e4\u00e4r\u00e4\u00e4m\u00e4\u00e4n tilanteeseen k\u00e4ytetty ketogeeninen ruokavalio.\" \/>\n<meta property=\"og:url\" content=\"https:\/\/www.epilepsia.fi\/kauppa\/tuote\/modifioitu-ketogeeninen-ruokavalio-esite\/\" \/>\n<meta property=\"og:site_name\" content=\"Epilepsialiiton kauppa\" \/>\n<meta property=\"article:modified_time\" content=\"2021-04-13T12:07:33+00:00\" \/>\n<meta property=\"og:image\" content=\"https:\/\/www.epilepsia.fi\/kauppa\/wp-content\/uploads\/sites\/4\/2021\/04\/modifioitu_ketogeeninen_dieetti.jpg\" \/>\n\t<meta property=\"og:image:width\" content=\"1654\" \/>\n\t<meta property=\"og:image:height\" content=\"2480\" \/>\n\t<meta property=\"og:image:type\" content=\"image\/jpeg\" \/>\n<meta name=\"twitter:card\" content=\"summary_large_image\" \/>\n<script type=\"application\/ld+json\" class=\"yoast-schema-graph\">{\"@context\":\"https:\\\/\\\/schema.org\",\"@graph\":[{\"@type\":\"WebPage\",\"@id\":\"https:\\\/\\\/www.epilepsia.fi\\\/kauppa\\\/tuote\\\/modifioitu-ketogeeninen-ruokavalio-esite\\\/\",\"url\":\"https:\\\/\\\/www.epilepsia.fi\\\/kauppa\\\/tuote\\\/modifioitu-ketogeeninen-ruokavalio-esite\\\/\",\"name\":\"Modifioitu ketogeeninen ruokavalio -esite - Epilepsialiiton kauppa\",\"isPartOf\":{\"@id\":\"https:\\\/\\\/www.epilepsia.fi\\\/kauppa\\\/#website\"},\"primaryImageOfPage\":{\"@id\":\"https:\\\/\\\/www.epilepsia.fi\\\/kauppa\\\/tuote\\\/modifioitu-ketogeeninen-ruokavalio-esite\\\/#primaryimage\"},\"image\":{\"@id\":\"https:\\\/\\\/www.epilepsia.fi\\\/kauppa\\\/tuote\\\/modifioitu-ketogeeninen-ruokavalio-esite\\\/#primaryimage\"},\"thumbnailUrl\":\"https:\\\/\\\/www.epilepsia.fi\\\/kauppa\\\/wp-content\\\/uploads\\\/sites\\\/4\\\/2021\\\/04\\\/modifioitu_ketogeeninen_dieetti.jpg\",\"datePublished\":\"2021-04-13T12:07:13+00:00\",\"dateModified\":\"2021-04-13T12:07:33+00:00\",\"breadcrumb\":{\"@id\":\"https:\\\/\\\/www.epilepsia.fi\\\/kauppa\\\/tuote\\\/modifioitu-ketogeeninen-ruokavalio-esite\\\/#breadcrumb\"},\"inLanguage\":\"fi\",\"potentialAction\":[{\"@type\":\"ReadAction\",\"target\":[\"https:\\\/\\\/www.epilepsia.fi\\\/kauppa\\\/tuote\\\/modifioitu-ketogeeninen-ruokavalio-esite\\\/\"]}]},{\"@type\":\"ImageObject\",\"inLanguage\":\"fi\",\"@id\":\"https:\\\/\\\/www.epilepsia.fi\\\/kauppa\\\/tuote\\\/modifioitu-ketogeeninen-ruokavalio-esite\\\/#primaryimage\",\"url\":\"https:\\\/\\\/www.epilepsia.fi\\\/kauppa\\\/wp-content\\\/uploads\\\/sites\\\/4\\\/2021\\\/04\\\/modifioitu_ketogeeninen_dieetti.jpg\",\"contentUrl\":\"https:\\\/\\\/www.epilepsia.fi\\\/kauppa\\\/wp-content\\\/uploads\\\/sites\\\/4\\\/2021\\\/04\\\/modifioitu_ketogeeninen_dieetti.jpg\",\"width\":1654,\"height\":2480,\"caption\":\"Modifioitu ketogeeninen dieetti esitteen kansi, jossa oppaan otsikko ja aikuinen ja lapsi istuvat nurmikolla.\"},{\"@type\":\"BreadcrumbList\",\"@id\":\"https:\\\/\\\/www.epilepsia.fi\\\/kauppa\\\/tuote\\\/modifioitu-ketogeeninen-ruokavalio-esite\\\/#breadcrumb\",\"itemListElement\":[{\"@type\":\"ListItem\",\"position\":1,\"name\":\"Etusivu\",\"item\":\"https:\\\/\\\/www.epilepsia.fi\\\/kauppa\\\/\"},{\"@type\":\"ListItem\",\"position\":2,\"name\":\"Tuotteet\",\"item\":\"https:\\\/\\\/www.epilepsia.fi\\\/kauppa\\\/\"},{\"@type\":\"ListItem\",\"position\":3,\"name\":\"Modifioitu ketogeeninen ruokavalio -esite\"}]},{\"@type\":\"WebSite\",\"@id\":\"https:\\\/\\\/www.epilepsia.fi\\\/kauppa\\\/#website\",\"url\":\"https:\\\/\\\/www.epilepsia.fi\\\/kauppa\\\/\",\"name\":\"Epilepsialiiton kauppa\",\"description\":\"Uusi Epilepsia.fi-sivustot -sivusto\",\"potentialAction\":[{\"@type\":\"SearchAction\",\"target\":{\"@type\":\"EntryPoint\",\"urlTemplate\":\"https:\\\/\\\/www.epilepsia.fi\\\/kauppa\\\/?s={search_term_string}\"},\"query-input\":{\"@type\":\"PropertyValueSpecification\",\"valueRequired\":true,\"valueName\":\"search_term_string\"}}],\"inLanguage\":\"fi\"}]}<\/script>\n<!-- \/ Yoast SEO plugin. -->","yoast_head_json":{"title":"Modifioitu ketogeeninen ruokavalio -esite - Epilepsialiiton kauppa","robots":{"index":"index","follow":"follow","max-snippet":"max-snippet:-1","max-image-preview":"max-image-preview:large","max-video-preview":"max-video-preview:-1"},"canonical":"https:\/\/www.epilepsia.fi\/kauppa\/tuote\/modifioitu-ketogeeninen-ruokavalio-esite\/","og_locale":"fi_FI","og_type":"article","og_title":"Modifioitu ketogeeninen ruokavalio -esite - Epilepsialiiton kauppa","og_description":"Vaikean epilepsian ruokavaliohoitoon tai muuhun l\u00e4\u00e4k\u00e4rin m\u00e4\u00e4r\u00e4\u00e4m\u00e4\u00e4n tilanteeseen k\u00e4ytetty ketogeeninen ruokavalio.","og_url":"https:\/\/www.epilepsia.fi\/kauppa\/tuote\/modifioitu-ketogeeninen-ruokavalio-esite\/","og_site_name":"Epilepsialiiton kauppa","article_modified_time":"2021-04-13T12:07:33+00:00","og_image":[{"width":1654,"height":2480,"url":"https:\/\/www.epilepsia.fi\/kauppa\/wp-content\/uploads\/sites\/4\/2021\/04\/modifioitu_ketogeeninen_dieetti.jpg","type":"image\/jpeg"}],"twitter_card":"summary_large_image","schema":{"@context":"https:\/\/schema.org","@graph":[{"@type":"WebPage","@id":"https:\/\/www.epilepsia.fi\/kauppa\/tuote\/modifioitu-ketogeeninen-ruokavalio-esite\/","url":"https:\/\/www.epilepsia.fi\/kauppa\/tuote\/modifioitu-ketogeeninen-ruokavalio-esite\/","name":"Modifioitu ketogeeninen ruokavalio -esite - Epilepsialiiton kauppa","isPartOf":{"@id":"https:\/\/www.epilepsia.fi\/kauppa\/#website"},"primaryImageOfPage":{"@id":"https:\/\/www.epilepsia.fi\/kauppa\/tuote\/modifioitu-ketogeeninen-ruokavalio-esite\/#primaryimage"},"image":{"@id":"https:\/\/www.epilepsia.fi\/kauppa\/tuote\/modifioitu-ketogeeninen-ruokavalio-esite\/#primaryimage"},"thumbnailUrl":"https:\/\/www.epilepsia.fi\/kauppa\/wp-content\/uploads\/sites\/4\/2021\/04\/modifioitu_ketogeeninen_dieetti.jpg","datePublished":"2021-04-13T12:07:13+00:00","dateModified":"2021-04-13T12:07:33+00:00","breadcrumb":{"@id":"https:\/\/www.epilepsia.fi\/kauppa\/tuote\/modifioitu-ketogeeninen-ruokavalio-esite\/#breadcrumb"},"inLanguage":"fi","potentialAction":[{"@type":"ReadAction","target":["https:\/\/www.epilepsia.fi\/kauppa\/tuote\/modifioitu-ketogeeninen-ruokavalio-esite\/"]}]},{"@type":"ImageObject","inLanguage":"fi","@id":"https:\/\/www.epilepsia.fi\/kauppa\/tuote\/modifioitu-ketogeeninen-ruokavalio-esite\/#primaryimage","url":"https:\/\/www.epilepsia.fi\/kauppa\/wp-content\/uploads\/sites\/4\/2021\/04\/modifioitu_ketogeeninen_dieetti.jpg","contentUrl":"https:\/\/www.epilepsia.fi\/kauppa\/wp-content\/uploads\/sites\/4\/2021\/04\/modifioitu_ketogeeninen_dieetti.jpg","width":1654,"height":2480,"caption":"Modifioitu ketogeeninen dieetti esitteen kansi, jossa oppaan otsikko ja aikuinen ja lapsi istuvat nurmikolla."},{"@type":"BreadcrumbList","@id":"https:\/\/www.epilepsia.fi\/kauppa\/tuote\/modifioitu-ketogeeninen-ruokavalio-esite\/#breadcrumb","itemListElement":[{"@type":"ListItem","position":1,"name":"Etusivu","item":"https:\/\/www.epilepsia.fi\/kauppa\/"},{"@type":"ListItem","position":2,"name":"Tuotteet","item":"https:\/\/www.epilepsia.fi\/kauppa\/"},{"@type":"ListItem","position":3,"name":"Modifioitu ketogeeninen ruokavalio -esite"}]},{"@type":"WebSite","@id":"https:\/\/www.epilepsia.fi\/kauppa\/#website","url":"https:\/\/www.epilepsia.fi\/kauppa\/","name":"Epilepsialiiton kauppa","description":"Uusi Epilepsia.fi-sivustot -sivusto","potentialAction":[{"@type":"SearchAction","target":{"@type":"EntryPoint","urlTemplate":"https:\/\/www.epilepsia.fi\/kauppa\/?s={search_term_string}"},"query-input":{"@type":"PropertyValueSpecification","valueRequired":true,"valueName":"search_term_string"}}],"inLanguage":"fi"}]}},"_links":{"self":[{"href":"https:\/\/www.epilepsia.fi\/kauppa\/wp-json\/wp\/v2\/product\/409","targetHints":{"allow":["GET"]}}],"collection":[{"href":"https:\/\/www.epilepsia.fi\/kauppa\/wp-json\/wp\/v2\/product"}],"about":[{"href":"https:\/\/www.epilepsia.fi\/kauppa\/wp-json\/wp\/v2\/types\/product"}],"wp:featuredmedia":[{"embeddable":true,"href":"https:\/\/www.epilepsia.fi\/kauppa\/wp-json\/wp\/v2\/media\/408"}],"wp:attachment":[{"href":"https:\/\/www.epilepsia.fi\/kauppa\/wp-json\/wp\/v2\/media?parent=409"}],"wp:term":[{"taxonomy":"product_brand","embeddable":true,"href":"https:\/\/www.epilepsia.fi\/kauppa\/wp-json\/wp\/v2\/product_brand?post=409"},{"taxonomy":"product_cat","embeddable":true,"href":"https:\/\/www.epilepsia.fi\/kauppa\/wp-json\/wp\/v2\/product_cat?post=409"},{"taxonomy":"product_tag","embeddable":true,"href":"https:\/\/www.epilepsia.fi\/kauppa\/wp-json\/wp\/v2\/product_tag?post=409"}],"curies":[{"name":"wp","href":"https:\/\/api.w.org\/{rel}","templated":true}]}}