{"id":149,"date":"2021-01-08T11:33:26","date_gmt":"2021-01-08T11:33:26","guid":{"rendered":"http:\/\/www.epilepsia.fi\/suomen-epilepsiaseura\/?page_id=149"},"modified":"2026-02-25T08:13:18","modified_gmt":"2026-02-25T06:13:18","slug":"valtakunnalliset-suomen-epilepsiaseuran-koulutukset","status":"publish","type":"page","link":"https:\/\/www.epilepsia.fi\/suomen-epilepsiaseura\/koulutukset\/valtakunnalliset-suomen-epilepsiaseuran-koulutukset\/","title":{"rendered":"Valtakunnalliset Suomen Epilepsiaseuran koulutukset"},"content":{"rendered":"\n<p><strong>EPILEPSIASEURAN KOULUTUSP\u00c4IV\u00c4<\/strong><\/p>\n\n\n\n<p><strong>Aika: pe 22.5.2026 klo 8.30-16.00<\/strong><\/p>\n\n\n\n<p><strong>Paikka: Finlandia talo, Kongressisiipi, B-sali Mannerheimintie 13 E, 00100 Helsinki<\/strong><\/p>\n\n\n\n<p><strong>Kohderyhm\u00e4: Epilepsian parissa ty\u00f6skentelev\u00e4t l\u00e4\u00e4k\u00e4rit ja hoitajat<\/strong><\/p>\n\n\n\n<p>Koulutusta haetaan erikoisl\u00e4\u00e4k\u00e4rikoulutuksen teoreettiseksi kurssimuotoiseksi koulutukseksi: 5 tuntia neurologian, lastenneurologian ja kliinisen neurofysiologian koulutusohjelmissa.<\/p>\n\n\n\n<p><strong>8.30\u20138.50 Ilmoittautuminen<\/strong><\/p>\n\n\n\n<p><strong>8.50-9.00 Tilaisuuden avaus, Epilepsiaseuran Pj Prof Jukka Peltola<\/strong><\/p>\n\n\n\n<p><strong>Kehitykselliset ja epileptiset enkefalopatiat, Pj Jonna-Komulainen-Ebrahim<\/strong><\/p>\n\n\n\n<p>09.00-10.00 DEE &#8211; Prof Adam Strzelczyk, Frankfurt Epilepsy Center<\/p>\n\n\n\n<p>10.00-10.30 EEG-l\u00f6yd\u00f6kset kehityksellisiss\u00e4 ja epileptisiss\u00e4 enkefalopatioissa \u2013 LT Maria Peltola, Epilepsia-Helsinki, HUS<\/p>\n\n\n\n<p><strong>10.30-11.00 N\u00e4yttelyyn tutustuminen (l\u00e4\u00e4k\u00e4reille) ja kahvit<\/strong><\/p>\n\n\n\n<p><strong>11.00-13.00 Status epilepticuksen K\u00e4yp\u00e4 hoito -suosituksen p\u00e4ivitys \u2013 mit\u00e4 uutta ja&nbsp;mik\u00e4 muuttuu? \u2013 Pj dos Leena K\u00e4mppi<\/strong><\/p>\n\n\n\n<p>11.00-11.30 K\u00e4yp\u00e4 hoito -suosituksen keskeiset uudistukset ja sanoma &#8211; Dos Leena K\u00e4mppi, Epilepsia Helsinki, HUS<\/p>\n\n\n\n<p>11.30-12.00 Status epilepticuksen l\u00e4\u00e4kehoito &#8211; nopeus on valttia &#8211; LT Henna Jonsson, Epilepsia Helsinki, HUS<\/p>\n\n\n\n<p><strong>12.00-13.00 Lounas, n\u00e4yttely (l\u00e4\u00e4k\u00e4reille)<\/strong><\/p>\n\n\n\n<p>13.00-13.30 EEG status epilepticuksen hoidossa &#8211; p\u00e4ivystyksest\u00e4 teholle &#8211; Dos Mika Kallio, OYS, Pohde<\/p>\n\n\n\n<p>13.30-14.00 NORSE ja FIRES &#8211; perusteet hoitosuositukselle &#8211; LL Anna Haanp\u00e4\u00e4, TYKS, Varha<\/p>\n\n\n\n<p><strong>14.00-14.30<\/strong> <strong>N\u00e4yttelyyn tutustuminen (l\u00e4\u00e4k\u00e4reille) ja kahvit<\/strong><\/p>\n\n\n\n<p><strong>14.30-15.30 Hoidon tarpeen arvio \u2013 Pj Leena Jutila<\/strong><\/p>\n\n\n\n<p>14.30-15.00 Akuuttihoitosuunnitelman laatiminen potilaalle &#8211; LT Leena Jutila, KYS<\/p>\n\n\n\n<p>15.00-15.30 Epilepsiapotilaan hoidon tarpeen arvio puhelimessa \u2013 Kliininen asiantuntuja Kirsi Ruuska ja Epilepsiahoitajajaoston edustajat<\/p>\n\n\n\n<p><strong>15.30-16.00 Kohtausluokittelu<\/strong><\/p>\n\n\n\n<p>15.30 &#8211; 16.00 Epilepsiakohtausten uusi kansainv\u00e4linen luokittelu \u2013 Prof Jukka Peltola, TAYS, Tampereen yliopisto<\/p>\n\n\n\n<p><strong>Epilepsiaseuran vuosikokous klo 16.00 alkaen.<\/strong><\/p>\n\n\n\n<p>Ilmoittautuminen koulutukseen paikan p\u00e4\u00e4lle tuleville 10.5.2026 menness\u00e4 ja<\/p>\n\n\n\n<p>et\u00e4ilmoittautuminen 18.5.2026 menness\u00e4 linkin kautta:<\/p>\n\n\n\n<p><a href=\"https:\/\/link.webropolsurveys.com\/S\/E10F59575584CB89\">https:\/\/link.webropolsurveys.com\/S\/E10F59575584CB89<\/a>. Osallistumismaksu on 80 \u20ac sek\u00e4 paikan p\u00e4\u00e4ll\u00e4 ett\u00e4 et\u00e4yhteydell\u00e4 osallistuville, ja se maksetaan Suomen Epilepsiaseuran (Y-tunnus 2237650-0) tilille Nordea FI772400 1800 0474 74 ilmoittautumisen p\u00e4\u00e4ttymiseen menness\u00e4. Maksuun n\u00e4kyviin osallistujan nimi.<\/p>\n","protected":false},"excerpt":{"rendered":"<p>EPILEPSIASEURAN KOULUTUSP\u00c4IV\u00c4 Aika: pe 22.5.2026 klo 8.30-16.00 Paikka: Finlandia talo, Kongressisiipi, B-sali Mannerheimintie 13 E, 00100 Helsinki Kohderyhm\u00e4: Epilepsian parissa ty\u00f6skentelev\u00e4t l\u00e4\u00e4k\u00e4rit ja hoitajat Koulutusta haetaan erikoisl\u00e4\u00e4k\u00e4rikoulutuksen teoreettiseksi kurssimuotoiseksi koulutukseksi: 5 tuntia neurologian, lastenneurologian ja kliinisen neurofysiologian koulutusohjelmissa. 8.30\u20138.50 Ilmoittautuminen 8.50-9.00 Tilaisuuden avaus, Epilepsiaseuran Pj Prof Jukka Peltola Kehitykselliset ja epileptiset enkefalopatiat, Pj Jonna-Komulainen-Ebrahim 09.00-10.00 [&hellip;]<\/p>\n","protected":false},"author":1,"featured_media":0,"parent":147,"menu_order":22,"comment_status":"closed","ping_status":"closed","template":"","meta":{"_acf_changed":false,"footnotes":""},"class_list":["post-149","page","type-page","status-publish","hentry"],"acf":[],"yoast_head":"<!-- This site is optimized with the Yoast SEO plugin v27.3 - https:\/\/yoast.com\/product\/yoast-seo-wordpress\/ -->\n<title>Valtakunnalliset Suomen Epilepsiaseuran koulutukset - Suomen Epilepsiaseura<\/title>\n<meta name=\"robots\" content=\"index, follow, max-snippet:-1, max-image-preview:large, max-video-preview:-1\" \/>\n<link rel=\"canonical\" href=\"https:\/\/www.epilepsia.fi\/suomen-epilepsiaseura\/koulutukset\/valtakunnalliset-suomen-epilepsiaseuran-koulutukset\/\" \/>\n<meta property=\"og:locale\" content=\"fi_FI\" \/>\n<meta property=\"og:type\" content=\"article\" \/>\n<meta property=\"og:title\" content=\"Valtakunnalliset Suomen Epilepsiaseuran koulutukset - Suomen Epilepsiaseura\" \/>\n<meta property=\"og:description\" content=\"EPILEPSIASEURAN KOULUTUSP\u00c4IV\u00c4 Aika: pe 22.5.2026 klo 8.30-16.00 Paikka: Finlandia talo, Kongressisiipi, B-sali Mannerheimintie 13 E, 00100 Helsinki Kohderyhm\u00e4: Epilepsian parissa ty\u00f6skentelev\u00e4t l\u00e4\u00e4k\u00e4rit ja hoitajat Koulutusta haetaan erikoisl\u00e4\u00e4k\u00e4rikoulutuksen teoreettiseksi kurssimuotoiseksi koulutukseksi: 5 tuntia neurologian, lastenneurologian ja kliinisen neurofysiologian koulutusohjelmissa. 8.30\u20138.50 Ilmoittautuminen 8.50-9.00 Tilaisuuden avaus, Epilepsiaseuran Pj Prof Jukka Peltola Kehitykselliset ja epileptiset enkefalopatiat, Pj Jonna-Komulainen-Ebrahim 09.00-10.00 [&hellip;]\" \/>\n<meta property=\"og:url\" content=\"https:\/\/www.epilepsia.fi\/suomen-epilepsiaseura\/koulutukset\/valtakunnalliset-suomen-epilepsiaseuran-koulutukset\/\" \/>\n<meta property=\"og:site_name\" content=\"Suomen Epilepsiaseura\" \/>\n<meta property=\"article:modified_time\" content=\"2026-02-25T06:13:18+00:00\" \/>\n<meta name=\"twitter:card\" content=\"summary_large_image\" \/>\n<meta name=\"twitter:label1\" content=\"Arvioitu lukuaika\" \/>\n\t<meta name=\"twitter:data1\" content=\"2 minuuttia\" \/>\n<script type=\"application\/ld+json\" class=\"yoast-schema-graph\">{\"@context\":\"https:\\\/\\\/schema.org\",\"@graph\":[{\"@type\":\"WebPage\",\"@id\":\"https:\\\/\\\/www.epilepsia.fi\\\/suomen-epilepsiaseura\\\/koulutukset\\\/valtakunnalliset-suomen-epilepsiaseuran-koulutukset\\\/\",\"url\":\"https:\\\/\\\/www.epilepsia.fi\\\/suomen-epilepsiaseura\\\/koulutukset\\\/valtakunnalliset-suomen-epilepsiaseuran-koulutukset\\\/\",\"name\":\"Valtakunnalliset Suomen Epilepsiaseuran koulutukset - Suomen Epilepsiaseura\",\"isPartOf\":{\"@id\":\"https:\\\/\\\/www.epilepsia.fi\\\/suomen-epilepsiaseura\\\/#website\"},\"datePublished\":\"2021-01-08T11:33:26+00:00\",\"dateModified\":\"2026-02-25T06:13:18+00:00\",\"breadcrumb\":{\"@id\":\"https:\\\/\\\/www.epilepsia.fi\\\/suomen-epilepsiaseura\\\/koulutukset\\\/valtakunnalliset-suomen-epilepsiaseuran-koulutukset\\\/#breadcrumb\"},\"inLanguage\":\"fi\",\"potentialAction\":[{\"@type\":\"ReadAction\",\"target\":[\"https:\\\/\\\/www.epilepsia.fi\\\/suomen-epilepsiaseura\\\/koulutukset\\\/valtakunnalliset-suomen-epilepsiaseuran-koulutukset\\\/\"]}]},{\"@type\":\"BreadcrumbList\",\"@id\":\"https:\\\/\\\/www.epilepsia.fi\\\/suomen-epilepsiaseura\\\/koulutukset\\\/valtakunnalliset-suomen-epilepsiaseuran-koulutukset\\\/#breadcrumb\",\"itemListElement\":[{\"@type\":\"ListItem\",\"position\":1,\"name\":\"Home\",\"item\":\"https:\\\/\\\/www.epilepsia.fi\\\/suomen-epilepsiaseura\\\/\"},{\"@type\":\"ListItem\",\"position\":2,\"name\":\"Koulutukset\",\"item\":\"https:\\\/\\\/www.epilepsia.fi\\\/suomen-epilepsiaseura\\\/koulutukset\\\/\"},{\"@type\":\"ListItem\",\"position\":3,\"name\":\"Valtakunnalliset Suomen Epilepsiaseuran koulutukset\"}]},{\"@type\":\"WebSite\",\"@id\":\"https:\\\/\\\/www.epilepsia.fi\\\/suomen-epilepsiaseura\\\/#website\",\"url\":\"https:\\\/\\\/www.epilepsia.fi\\\/suomen-epilepsiaseura\\\/\",\"name\":\"Suomen Epilepsiaseura\",\"description\":\"Just another Epilepsia.fi-sivustot site\",\"potentialAction\":[{\"@type\":\"SearchAction\",\"target\":{\"@type\":\"EntryPoint\",\"urlTemplate\":\"https:\\\/\\\/www.epilepsia.fi\\\/suomen-epilepsiaseura\\\/?s={search_term_string}\"},\"query-input\":{\"@type\":\"PropertyValueSpecification\",\"valueRequired\":true,\"valueName\":\"search_term_string\"}}],\"inLanguage\":\"fi\"}]}<\/script>\n<!-- \/ Yoast SEO plugin. -->","yoast_head_json":{"title":"Valtakunnalliset Suomen Epilepsiaseuran koulutukset - Suomen Epilepsiaseura","robots":{"index":"index","follow":"follow","max-snippet":"max-snippet:-1","max-image-preview":"max-image-preview:large","max-video-preview":"max-video-preview:-1"},"canonical":"https:\/\/www.epilepsia.fi\/suomen-epilepsiaseura\/koulutukset\/valtakunnalliset-suomen-epilepsiaseuran-koulutukset\/","og_locale":"fi_FI","og_type":"article","og_title":"Valtakunnalliset Suomen Epilepsiaseuran koulutukset - Suomen Epilepsiaseura","og_description":"EPILEPSIASEURAN KOULUTUSP\u00c4IV\u00c4 Aika: pe 22.5.2026 klo 8.30-16.00 Paikka: Finlandia talo, Kongressisiipi, B-sali Mannerheimintie 13 E, 00100 Helsinki Kohderyhm\u00e4: Epilepsian parissa ty\u00f6skentelev\u00e4t l\u00e4\u00e4k\u00e4rit ja hoitajat Koulutusta haetaan erikoisl\u00e4\u00e4k\u00e4rikoulutuksen teoreettiseksi kurssimuotoiseksi koulutukseksi: 5 tuntia neurologian, lastenneurologian ja kliinisen neurofysiologian koulutusohjelmissa. 8.30\u20138.50 Ilmoittautuminen 8.50-9.00 Tilaisuuden avaus, Epilepsiaseuran Pj Prof Jukka Peltola Kehitykselliset ja epileptiset enkefalopatiat, Pj Jonna-Komulainen-Ebrahim 09.00-10.00 [&hellip;]","og_url":"https:\/\/www.epilepsia.fi\/suomen-epilepsiaseura\/koulutukset\/valtakunnalliset-suomen-epilepsiaseuran-koulutukset\/","og_site_name":"Suomen Epilepsiaseura","article_modified_time":"2026-02-25T06:13:18+00:00","twitter_card":"summary_large_image","twitter_misc":{"Arvioitu lukuaika":"2 minuuttia"},"schema":{"@context":"https:\/\/schema.org","@graph":[{"@type":"WebPage","@id":"https:\/\/www.epilepsia.fi\/suomen-epilepsiaseura\/koulutukset\/valtakunnalliset-suomen-epilepsiaseuran-koulutukset\/","url":"https:\/\/www.epilepsia.fi\/suomen-epilepsiaseura\/koulutukset\/valtakunnalliset-suomen-epilepsiaseuran-koulutukset\/","name":"Valtakunnalliset Suomen Epilepsiaseuran koulutukset - Suomen Epilepsiaseura","isPartOf":{"@id":"https:\/\/www.epilepsia.fi\/suomen-epilepsiaseura\/#website"},"datePublished":"2021-01-08T11:33:26+00:00","dateModified":"2026-02-25T06:13:18+00:00","breadcrumb":{"@id":"https:\/\/www.epilepsia.fi\/suomen-epilepsiaseura\/koulutukset\/valtakunnalliset-suomen-epilepsiaseuran-koulutukset\/#breadcrumb"},"inLanguage":"fi","potentialAction":[{"@type":"ReadAction","target":["https:\/\/www.epilepsia.fi\/suomen-epilepsiaseura\/koulutukset\/valtakunnalliset-suomen-epilepsiaseuran-koulutukset\/"]}]},{"@type":"BreadcrumbList","@id":"https:\/\/www.epilepsia.fi\/suomen-epilepsiaseura\/koulutukset\/valtakunnalliset-suomen-epilepsiaseuran-koulutukset\/#breadcrumb","itemListElement":[{"@type":"ListItem","position":1,"name":"Home","item":"https:\/\/www.epilepsia.fi\/suomen-epilepsiaseura\/"},{"@type":"ListItem","position":2,"name":"Koulutukset","item":"https:\/\/www.epilepsia.fi\/suomen-epilepsiaseura\/koulutukset\/"},{"@type":"ListItem","position":3,"name":"Valtakunnalliset Suomen Epilepsiaseuran koulutukset"}]},{"@type":"WebSite","@id":"https:\/\/www.epilepsia.fi\/suomen-epilepsiaseura\/#website","url":"https:\/\/www.epilepsia.fi\/suomen-epilepsiaseura\/","name":"Suomen Epilepsiaseura","description":"Just another Epilepsia.fi-sivustot site","potentialAction":[{"@type":"SearchAction","target":{"@type":"EntryPoint","urlTemplate":"https:\/\/www.epilepsia.fi\/suomen-epilepsiaseura\/?s={search_term_string}"},"query-input":{"@type":"PropertyValueSpecification","valueRequired":true,"valueName":"search_term_string"}}],"inLanguage":"fi"}]}},"lang":"fi","translations":{"fi":149},"pll_sync_post":[],"_links":{"self":[{"href":"https:\/\/www.epilepsia.fi\/suomen-epilepsiaseura\/wp-json\/wp\/v2\/pages\/149","targetHints":{"allow":["GET"]}}],"collection":[{"href":"https:\/\/www.epilepsia.fi\/suomen-epilepsiaseura\/wp-json\/wp\/v2\/pages"}],"about":[{"href":"https:\/\/www.epilepsia.fi\/suomen-epilepsiaseura\/wp-json\/wp\/v2\/types\/page"}],"author":[{"embeddable":true,"href":"https:\/\/www.epilepsia.fi\/suomen-epilepsiaseura\/wp-json\/wp\/v2\/users\/1"}],"replies":[{"embeddable":true,"href":"https:\/\/www.epilepsia.fi\/suomen-epilepsiaseura\/wp-json\/wp\/v2\/comments?post=149"}],"version-history":[{"count":6,"href":"https:\/\/www.epilepsia.fi\/suomen-epilepsiaseura\/wp-json\/wp\/v2\/pages\/149\/revisions"}],"predecessor-version":[{"id":619,"href":"https:\/\/www.epilepsia.fi\/suomen-epilepsiaseura\/wp-json\/wp\/v2\/pages\/149\/revisions\/619"}],"up":[{"embeddable":true,"href":"https:\/\/www.epilepsia.fi\/suomen-epilepsiaseura\/wp-json\/wp\/v2\/pages\/147"}],"wp:attachment":[{"href":"https:\/\/www.epilepsia.fi\/suomen-epilepsiaseura\/wp-json\/wp\/v2\/media?parent=149"}],"curies":[{"name":"wp","href":"https:\/\/api.w.org\/{rel}","templated":true}]}}